{"id":961,"date":"2025-09-08T14:49:45","date_gmt":"2025-09-08T14:49:45","guid":{"rendered":"https:\/\/www.lunaminoica.it\/offerte\/note-di-fico-e-rubino\/"},"modified":"2025-09-08T14:58:47","modified_gmt":"2025-09-08T14:58:47","slug":"note-di-fico-e-rubino","status":"publish","type":"page","link":"https:\/\/www.lunaminoica.it\/de\/offerte\/note-di-fico-e-rubino\/","title":{"rendered":"Note di Fico e Rubino"},"content":{"rendered":"<p data-start=\"139\" data-end=\"327\">Der Herbst ist die Jahreszeit, die dazu einl\u00e4dt, zur Ruhe zu kommen, sich selbst wieder n\u00e4herzukommen und sich von den warmen D\u00fcften und intensiven Farben der Natur umh\u00fcllen zu lassen.<\/p>\n<p data-start=\"329\" data-end=\"526\">Mit unserem exklusiven Erlebnis <strong data-start=\"361\" data-end=\"392\">\u201eNoten von Feige und Rubin\u201c<\/strong> begleiten wir dich auf eine Reise der tiefen Regeneration \u2013 zwischen Wohlbefinden, umh\u00fcllenden Aromen und der sanften Herbststimmung.<\/p>\n<p data-start=\"528\" data-end=\"555\">Das Angebot beinhaltet:<\/p>\n<ul data-start=\"557\" data-end=\"1016\">\n<li data-start=\"557\" data-end=\"616\">\n<p data-start=\"559\" data-end=\"616\">\u00dcbernachtung in einem Superior-Zimmer f\u00fcr zwei Personen<\/p>\n<\/li>\n<li data-start=\"617\" data-end=\"738\">\n<p data-start=\"619\" data-end=\"738\">Reichhaltiges Fr\u00fchst\u00fccksbuffet mit s\u00fc\u00dfen und herzhaften regionalen Spezialit\u00e4ten f\u00fcr einen perfekten Start in den Tag<\/p>\n<\/li>\n<li data-start=\"739\" data-end=\"812\">\n<p data-start=\"741\" data-end=\"812\">Ein 40-min\u00fctiger Eintritt pro Person in unsere brandneue Boutique SPA<\/p>\n<\/li>\n<li data-start=\"813\" data-end=\"938\">\n<p data-start=\"815\" data-end=\"938\"><strong>Sensorische Behandlung mit Feige und Granatapfel<\/strong> (30-min\u00fctige entspannende K\u00f6rpermassage mit warmen Aroma\u00f6len pro Person)<\/p>\n<\/li>\n<li data-start=\"939\" data-end=\"969\">\n<p data-start=\"941\" data-end=\"969\">Herbstlicher Welcome-Drink<\/p>\n<\/li>\n<li data-start=\"970\" data-end=\"1016\">\n<p data-start=\"972\" data-end=\"1016\">Spa-Kit (Bademantel, Handtuch und Slipper)<\/p>\n<\/li>\n<\/ul>\n<p data-start=\"1018\" data-end=\"1041\">\n<p data-start=\"1018\" data-end=\"1041\"><strong data-start=\"1018\" data-end=\"1039\">249,00 \u20ac pro Paar<\/strong><\/p>\n<p data-start=\"1043\" data-end=\"1095\"><em>Angebot g\u00fcltig vom 10. September bis 6. Januar<\/em><\/p>\n<p data-start=\"1097\" data-end=\"1114\"><a href=\"https:\/\/www.secure-hotel-booking.com\/d-edge\/redirect\/JRYM\/it-IT\/RoomSelection?arrivalDate=2025-09-10&amp;departureDate=2025-09-11&amp;promoCode=&amp;selectedAdultCount=2&amp;currency=EUR&amp;_gl=1*1d70q6k*_ga*Mjc4MDk2MTI3LjE3NTAxNTA4ODU.*_ga_S3TG39LVS8*czE3NTczNDMwODAkbzYxJGcxJHQxNzU3MzQzMDg0JGo1NiRsMCRoMA..*_ga_NX7RYZ8PB6*czE3NTczNDMwNzgkbzcwJGcxJHQxNzU3MzQzMDk2JGo2MCRsMCRoMA..*_ga_1Y5WR659YE*czE3NTczNDMwNzgkbzc3JGcxJHQxNzU3MzQzMDk2JGo0MiRsMCRoMA..*_ga_SCHTYSTQ78*czE3NTczNDMwNzgkbzc4JGcxJHQxNzU3MzQzMDk2JGo0MiRsMCRoMA..&amp;_ga=2.147083255.1104728472.1757328951-278096127.1750150885\"><strong data-start=\"1097\" data-end=\"1114\">Jetzt buchen!<\/strong><\/a><\/p>\n","protected":false},"excerpt":{"rendered":"<p>Der Herbst ist die Jahreszeit, die dazu einl\u00e4dt, zur Ruhe zu kommen, sich selbst wieder n\u00e4herzukommen und sich von den warmen D\u00fcften und intensiven Farben der Natur umh\u00fcllen zu lassen. Mit unserem exklusiven Erlebnis \u201eNoten von Feige und Rubin\u201c begleiten wir dich auf eine Reise der tiefen Regeneration \u2013 zwischen Wohlbefinden, umh\u00fcllenden Aromen und der [&hellip;]<\/p>\n","protected":false},"author":434,"featured_media":858,"parent":756,"menu_order":14,"comment_status":"closed","ping_status":"closed","template":"","meta":{"footnotes":""},"class_list":["post-961","page","type-page","status-publish","has-post-thumbnail","hentry"],"yoast_head":"<!-- This site is optimized with the Yoast SEO plugin v26.9 - https:\/\/yoast.com\/product\/yoast-seo-wordpress\/ -->\n<title>Note di Fico e Rubino ~ Luna Minoica Suites &amp; Apartments ~<\/title>\n<meta name=\"description\" content=\"Der Herbst ist die Jahreszeit, die dazu einl\u00e4dt, zur Ruhe zu kommen, sich selbst wieder n\u00e4herzukommen und sich von den warmen D\u00fcften und intensiven Farben der Natur umh\u00fcllen zu lassen. Mit unserem exklusiven Erlebnis \u201eNoten von Feige und Rubin\u201c begleiten wir dich auf eine Reise der tiefen Regeneration \u2013 zwischen Wohlbefinden, umh\u00fcllenden Aromen und der sanften Herbststimmung. Das Angebot beinhaltet:     \u00dcbernachtung in einem Superior-Zimmer f\u00fcr zwei Personen    Reichhaltiges Fr\u00fchst\u00fccksbuffet mit s\u00fc\u00dfen und herzhaften regionalen Spezialit\u00e4ten f\u00fcr einen perfekten Start in den Tag    Ein 40-min\u00fctiger Eintritt pro Person in unsere brandneue Boutique SPA    Sensorische Behandlung mit Feige und Granatapfel (30-min\u00fctige entspannende K\u00f6rpermassage mit warmen Aroma\u00f6len pro Person)    Herbstlicher Welcome-Drink    Spa-Kit (Bademantel, Handtuch und Slipper)    249,00 \u20ac pro Paar Angebot g\u00fcltig vom 10. September bis 6\" \/>\n<meta name=\"robots\" content=\"index, follow, max-snippet:-1, max-image-preview:large, max-video-preview:-1\" \/>\n<link rel=\"canonical\" href=\"https:\/\/www.lunaminoica.it\/de\/offerte\/note-di-fico-e-rubino\/\" \/>\n<meta property=\"og:locale\" content=\"de_DE\" \/>\n<meta property=\"og:type\" content=\"article\" \/>\n<meta property=\"og:title\" content=\"Note di Fico e Rubino ~ Luna Minoica Suites &amp; Apartments ~\" \/>\n<meta property=\"og:description\" content=\"Der Herbst ist die Jahreszeit, die dazu einl\u00e4dt, zur Ruhe zu kommen, sich selbst wieder n\u00e4herzukommen und sich von den warmen D\u00fcften und intensiven Farben der Natur umh\u00fcllen zu lassen. Mit unserem exklusiven Erlebnis \u201eNoten von Feige und Rubin\u201c begleiten wir dich auf eine Reise der tiefen Regeneration \u2013 zwischen Wohlbefinden, umh\u00fcllenden Aromen und der sanften Herbststimmung. Das Angebot beinhaltet:     \u00dcbernachtung in einem Superior-Zimmer f\u00fcr zwei Personen    Reichhaltiges Fr\u00fchst\u00fccksbuffet mit s\u00fc\u00dfen und herzhaften regionalen Spezialit\u00e4ten f\u00fcr einen perfekten Start in den Tag    Ein 40-min\u00fctiger Eintritt pro Person in unsere brandneue Boutique SPA    Sensorische Behandlung mit Feige und Granatapfel (30-min\u00fctige entspannende K\u00f6rpermassage mit warmen Aroma\u00f6len pro Person)    Herbstlicher Welcome-Drink    Spa-Kit (Bademantel, Handtuch und Slipper)    249,00 \u20ac pro Paar Angebot g\u00fcltig vom 10. September bis 6\" \/>\n<meta property=\"og:url\" content=\"https:\/\/www.lunaminoica.it\/de\/offerte\/note-di-fico-e-rubino\/\" \/>\n<meta property=\"og:site_name\" content=\"Luna Minoica Suites &amp; Apartments\" \/>\n<meta property=\"article:modified_time\" content=\"2025-09-08T14:58:47+00:00\" \/>\n<meta property=\"og:image\" content=\"https:\/\/www.lunaminoica.it\/wp-content\/uploads\/sites\/421\/2025\/05\/FLO2995-2-2.jpg\" \/>\n\t<meta property=\"og:image:width\" content=\"1799\" \/>\n\t<meta property=\"og:image:height\" content=\"1200\" \/>\n\t<meta property=\"og:image:type\" content=\"image\/jpeg\" \/>\n<meta name=\"twitter:card\" content=\"summary_large_image\" \/>\n<meta name=\"twitter:label1\" content=\"Gesch\u00e4tzte Lesezeit\" \/>\n\t<meta name=\"twitter:data1\" content=\"1 Minute\" \/>\n<script type=\"application\/ld+json\" class=\"yoast-schema-graph\">{\"@context\":\"https:\/\/schema.org\",\"@graph\":[{\"@type\":\"WebPage\",\"@id\":\"https:\/\/www.lunaminoica.it\/de\/offerte\/note-di-fico-e-rubino\/\",\"url\":\"https:\/\/www.lunaminoica.it\/de\/offerte\/note-di-fico-e-rubino\/\",\"name\":\"Note di Fico e Rubino ~ Luna Minoica Suites & Apartments ~\",\"isPartOf\":{\"@id\":\"https:\/\/www.lunaminoica.it\/de\/#website\"},\"primaryImageOfPage\":{\"@id\":\"https:\/\/www.lunaminoica.it\/de\/offerte\/note-di-fico-e-rubino\/#primaryimage\"},\"image\":{\"@id\":\"https:\/\/www.lunaminoica.it\/de\/offerte\/note-di-fico-e-rubino\/#primaryimage\"},\"thumbnailUrl\":\"https:\/\/www.lunaminoica.it\/wp-content\/uploads\/sites\/421\/2025\/05\/FLO2995-2-2.jpg\",\"datePublished\":\"2025-09-08T14:49:45+00:00\",\"dateModified\":\"2025-09-08T14:58:47+00:00\",\"description\":\"Der Herbst ist die Jahreszeit, die dazu einl\u00e4dt, zur Ruhe zu kommen, sich selbst wieder n\u00e4herzukommen und sich von den warmen D\u00fcften und intensiven Farben der Natur umh\u00fcllen zu lassen. Mit unserem exklusiven Erlebnis \u201eNoten von Feige und Rubin\u201c begleiten wir dich auf eine Reise der tiefen Regeneration \u2013 zwischen Wohlbefinden, umh\u00fcllenden Aromen und der sanften Herbststimmung. Das Angebot beinhaltet: \u2022 \u00dcbernachtung in einem Superior-Zimmer f\u00fcr zwei Personen \u2022 Reichhaltiges Fr\u00fchst\u00fccksbuffet mit s\u00fc\u00dfen und herzhaften regionalen Spezialit\u00e4ten f\u00fcr einen perfekten Start in den Tag \u2022 Ein 40-min\u00fctiger Eintritt pro Person in unsere brandneue Boutique SPA \u2022 Sensorische Behandlung mit Feige und Granatapfel (30-min\u00fctige entspannende K\u00f6rpermassage mit warmen Aroma\u00f6len pro Person) \u2022 Herbstlicher Welcome-Drink \u2022 Spa-Kit (Bademantel, Handtuch und Slipper) 249,00 \u20ac pro Paar Angebot g\u00fcltig vom 10. September bis 6\",\"breadcrumb\":{\"@id\":\"https:\/\/www.lunaminoica.it\/de\/offerte\/note-di-fico-e-rubino\/#breadcrumb\"},\"inLanguage\":\"de-DE\",\"potentialAction\":[{\"@type\":\"ReadAction\",\"target\":[\"https:\/\/www.lunaminoica.it\/de\/offerte\/note-di-fico-e-rubino\/\"]}]},{\"@type\":\"ImageObject\",\"inLanguage\":\"de-DE\",\"@id\":\"https:\/\/www.lunaminoica.it\/de\/offerte\/note-di-fico-e-rubino\/#primaryimage\",\"url\":\"https:\/\/www.lunaminoica.it\/wp-content\/uploads\/sites\/421\/2025\/05\/FLO2995-2-2.jpg\",\"contentUrl\":\"https:\/\/www.lunaminoica.it\/wp-content\/uploads\/sites\/421\/2025\/05\/FLO2995-2-2.jpg\",\"width\":1799,\"height\":1200},{\"@type\":\"BreadcrumbList\",\"@id\":\"https:\/\/www.lunaminoica.it\/de\/offerte\/note-di-fico-e-rubino\/#breadcrumb\",\"itemListElement\":[{\"@type\":\"ListItem\",\"position\":1,\"name\":\"Home\",\"item\":\"https:\/\/www.lunaminoica.it\/de\/\"},{\"@type\":\"ListItem\",\"position\":2,\"name\":\"Angebote\",\"item\":\"https:\/\/www.lunaminoica.it\/de\/offerte\/\"},{\"@type\":\"ListItem\",\"position\":3,\"name\":\"Note di Fico e Rubino\"}]},{\"@type\":\"WebSite\",\"@id\":\"https:\/\/www.lunaminoica.it\/de\/#website\",\"url\":\"https:\/\/www.lunaminoica.it\/de\/\",\"name\":\"Luna Minoica Suites & Apartments\",\"description\":\"Just another ms.decms.eu site\",\"potentialAction\":[{\"@type\":\"SearchAction\",\"target\":{\"@type\":\"EntryPoint\",\"urlTemplate\":\"https:\/\/www.lunaminoica.it\/de\/?s={search_term_string}\"},\"query-input\":{\"@type\":\"PropertyValueSpecification\",\"valueRequired\":true,\"valueName\":\"search_term_string\"}}],\"inLanguage\":\"de-DE\"}]}<\/script>\n<!-- \/ Yoast SEO plugin. -->","yoast_head_json":{"title":"Note di Fico e Rubino ~ Luna Minoica Suites & Apartments ~","description":"Der Herbst ist die Jahreszeit, die dazu einl\u00e4dt, zur Ruhe zu kommen, sich selbst wieder n\u00e4herzukommen und sich von den warmen D\u00fcften und intensiven Farben der Natur umh\u00fcllen zu lassen. Mit unserem exklusiven Erlebnis \u201eNoten von Feige und Rubin\u201c begleiten wir dich auf eine Reise der tiefen Regeneration \u2013 zwischen Wohlbefinden, umh\u00fcllenden Aromen und der sanften Herbststimmung. Das Angebot beinhaltet:     \u00dcbernachtung in einem Superior-Zimmer f\u00fcr zwei Personen    Reichhaltiges Fr\u00fchst\u00fccksbuffet mit s\u00fc\u00dfen und herzhaften regionalen Spezialit\u00e4ten f\u00fcr einen perfekten Start in den Tag    Ein 40-min\u00fctiger Eintritt pro Person in unsere brandneue Boutique SPA    Sensorische Behandlung mit Feige und Granatapfel (30-min\u00fctige entspannende K\u00f6rpermassage mit warmen Aroma\u00f6len pro Person)    Herbstlicher Welcome-Drink    Spa-Kit (Bademantel, Handtuch und Slipper)    249,00 \u20ac pro Paar Angebot g\u00fcltig vom 10. September bis 6","robots":{"index":"index","follow":"follow","max-snippet":"max-snippet:-1","max-image-preview":"max-image-preview:large","max-video-preview":"max-video-preview:-1"},"canonical":"https:\/\/www.lunaminoica.it\/de\/offerte\/note-di-fico-e-rubino\/","og_locale":"de_DE","og_type":"article","og_title":"Note di Fico e Rubino ~ Luna Minoica Suites & Apartments ~","og_description":"Der Herbst ist die Jahreszeit, die dazu einl\u00e4dt, zur Ruhe zu kommen, sich selbst wieder n\u00e4herzukommen und sich von den warmen D\u00fcften und intensiven Farben der Natur umh\u00fcllen zu lassen. Mit unserem exklusiven Erlebnis \u201eNoten von Feige und Rubin\u201c begleiten wir dich auf eine Reise der tiefen Regeneration \u2013 zwischen Wohlbefinden, umh\u00fcllenden Aromen und der sanften Herbststimmung. Das Angebot beinhaltet:     \u00dcbernachtung in einem Superior-Zimmer f\u00fcr zwei Personen    Reichhaltiges Fr\u00fchst\u00fccksbuffet mit s\u00fc\u00dfen und herzhaften regionalen Spezialit\u00e4ten f\u00fcr einen perfekten Start in den Tag    Ein 40-min\u00fctiger Eintritt pro Person in unsere brandneue Boutique SPA    Sensorische Behandlung mit Feige und Granatapfel (30-min\u00fctige entspannende K\u00f6rpermassage mit warmen Aroma\u00f6len pro Person)    Herbstlicher Welcome-Drink    Spa-Kit (Bademantel, Handtuch und Slipper)    249,00 \u20ac pro Paar Angebot g\u00fcltig vom 10. September bis 6","og_url":"https:\/\/www.lunaminoica.it\/de\/offerte\/note-di-fico-e-rubino\/","og_site_name":"Luna Minoica Suites & Apartments","article_modified_time":"2025-09-08T14:58:47+00:00","og_image":[{"width":1799,"height":1200,"url":"https:\/\/www.lunaminoica.it\/wp-content\/uploads\/sites\/421\/2025\/05\/FLO2995-2-2.jpg","type":"image\/jpeg"}],"twitter_card":"summary_large_image","twitter_misc":{"Gesch\u00e4tzte Lesezeit":"1 Minute"},"schema":{"@context":"https:\/\/schema.org","@graph":[{"@type":"WebPage","@id":"https:\/\/www.lunaminoica.it\/de\/offerte\/note-di-fico-e-rubino\/","url":"https:\/\/www.lunaminoica.it\/de\/offerte\/note-di-fico-e-rubino\/","name":"Note di Fico e Rubino ~ Luna Minoica Suites & Apartments ~","isPartOf":{"@id":"https:\/\/www.lunaminoica.it\/de\/#website"},"primaryImageOfPage":{"@id":"https:\/\/www.lunaminoica.it\/de\/offerte\/note-di-fico-e-rubino\/#primaryimage"},"image":{"@id":"https:\/\/www.lunaminoica.it\/de\/offerte\/note-di-fico-e-rubino\/#primaryimage"},"thumbnailUrl":"https:\/\/www.lunaminoica.it\/wp-content\/uploads\/sites\/421\/2025\/05\/FLO2995-2-2.jpg","datePublished":"2025-09-08T14:49:45+00:00","dateModified":"2025-09-08T14:58:47+00:00","description":"Der Herbst ist die Jahreszeit, die dazu einl\u00e4dt, zur Ruhe zu kommen, sich selbst wieder n\u00e4herzukommen und sich von den warmen D\u00fcften und intensiven Farben der Natur umh\u00fcllen zu lassen. Mit unserem exklusiven Erlebnis \u201eNoten von Feige und Rubin\u201c begleiten wir dich auf eine Reise der tiefen Regeneration \u2013 zwischen Wohlbefinden, umh\u00fcllenden Aromen und der sanften Herbststimmung. Das Angebot beinhaltet: \u2022 \u00dcbernachtung in einem Superior-Zimmer f\u00fcr zwei Personen \u2022 Reichhaltiges Fr\u00fchst\u00fccksbuffet mit s\u00fc\u00dfen und herzhaften regionalen Spezialit\u00e4ten f\u00fcr einen perfekten Start in den Tag \u2022 Ein 40-min\u00fctiger Eintritt pro Person in unsere brandneue Boutique SPA \u2022 Sensorische Behandlung mit Feige und Granatapfel (30-min\u00fctige entspannende K\u00f6rpermassage mit warmen Aroma\u00f6len pro Person) \u2022 Herbstlicher Welcome-Drink \u2022 Spa-Kit (Bademantel, Handtuch und Slipper) 249,00 \u20ac pro Paar Angebot g\u00fcltig vom 10. September bis 6","breadcrumb":{"@id":"https:\/\/www.lunaminoica.it\/de\/offerte\/note-di-fico-e-rubino\/#breadcrumb"},"inLanguage":"de-DE","potentialAction":[{"@type":"ReadAction","target":["https:\/\/www.lunaminoica.it\/de\/offerte\/note-di-fico-e-rubino\/"]}]},{"@type":"ImageObject","inLanguage":"de-DE","@id":"https:\/\/www.lunaminoica.it\/de\/offerte\/note-di-fico-e-rubino\/#primaryimage","url":"https:\/\/www.lunaminoica.it\/wp-content\/uploads\/sites\/421\/2025\/05\/FLO2995-2-2.jpg","contentUrl":"https:\/\/www.lunaminoica.it\/wp-content\/uploads\/sites\/421\/2025\/05\/FLO2995-2-2.jpg","width":1799,"height":1200},{"@type":"BreadcrumbList","@id":"https:\/\/www.lunaminoica.it\/de\/offerte\/note-di-fico-e-rubino\/#breadcrumb","itemListElement":[{"@type":"ListItem","position":1,"name":"Home","item":"https:\/\/www.lunaminoica.it\/de\/"},{"@type":"ListItem","position":2,"name":"Angebote","item":"https:\/\/www.lunaminoica.it\/de\/offerte\/"},{"@type":"ListItem","position":3,"name":"Note di Fico e Rubino"}]},{"@type":"WebSite","@id":"https:\/\/www.lunaminoica.it\/de\/#website","url":"https:\/\/www.lunaminoica.it\/de\/","name":"Luna Minoica Suites & Apartments","description":"Just another ms.decms.eu site","potentialAction":[{"@type":"SearchAction","target":{"@type":"EntryPoint","urlTemplate":"https:\/\/www.lunaminoica.it\/de\/?s={search_term_string}"},"query-input":{"@type":"PropertyValueSpecification","valueRequired":true,"valueName":"search_term_string"}}],"inLanguage":"de-DE"}]}},"acf":[],"_links":{"self":[{"href":"https:\/\/www.lunaminoica.it\/de\/wp-json\/wp\/v2\/pages\/961","targetHints":{"allow":["GET"]}}],"collection":[{"href":"https:\/\/www.lunaminoica.it\/de\/wp-json\/wp\/v2\/pages"}],"about":[{"href":"https:\/\/www.lunaminoica.it\/de\/wp-json\/wp\/v2\/types\/page"}],"author":[{"embeddable":true,"href":"https:\/\/www.lunaminoica.it\/de\/wp-json\/wp\/v2\/users\/434"}],"replies":[{"embeddable":true,"href":"https:\/\/www.lunaminoica.it\/de\/wp-json\/wp\/v2\/comments?post=961"}],"version-history":[{"count":0,"href":"https:\/\/www.lunaminoica.it\/de\/wp-json\/wp\/v2\/pages\/961\/revisions"}],"up":[{"embeddable":true,"href":"https:\/\/www.lunaminoica.it\/de\/wp-json\/wp\/v2\/pages\/756"}],"wp:featuredmedia":[{"embeddable":true,"href":"https:\/\/www.lunaminoica.it\/de\/wp-json\/wp\/v2\/media\/858"}],"wp:attachment":[{"href":"https:\/\/www.lunaminoica.it\/de\/wp-json\/wp\/v2\/media?parent=961"}],"curies":[{"name":"wp","href":"https:\/\/api.w.org\/{rel}","templated":true}]}}