{"id":96,"date":"2022-03-07T16:42:37","date_gmt":"2022-03-07T16:42:37","guid":{"rendered":"https:\/\/luna-minoica.ms.decms.eu\/?page_id=96"},"modified":"2022-03-28T13:11:23","modified_gmt":"2022-03-28T13:11:23","slug":"suite","status":"publish","type":"page","link":"https:\/\/www.lunaminoica.it\/de\/zimmer\/suite\/","title":{"rendered":"Suite"},"content":{"rendered":"<p>Licht ist das nat\u00fcrliche Element dieser sehr gro\u00dfen R\u00e4ume, die durch zwei Fenster erhellt werden, die auf die gro\u00dfe, mit Designer-Liegest\u00fchlen <strong>und -M\u00f6beln ausgestattete Terrasse f\u00fchren<\/strong>.<\/p>\n<p>Das <strong>sehr ger\u00e4umige Schlafzimmer mit<\/strong> Entspannungsecke wird flankiert von einem Wohnbereich mit Sofa und Sitzecke f\u00fcr intime Momente der Erholung.<\/p>\n","protected":false},"excerpt":{"rendered":"<p>Licht ist das nat\u00fcrliche Element dieser sehr gro\u00dfen R\u00e4ume, die durch zwei Fenster erhellt werden, die auf die gro\u00dfe, mit Designer-Liegest\u00fchlen und -M\u00f6beln ausgestattete Terrasse f\u00fchren. Das sehr ger\u00e4umige Schlafzimmer mit Entspannungsecke wird flankiert von einem Wohnbereich mit Sofa und Sitzecke f\u00fcr intime Momente der Erholung.<\/p>\n","protected":false},"author":7,"featured_media":0,"parent":41,"menu_order":5,"comment_status":"closed","ping_status":"closed","template":"template-single-room.php","meta":{"footnotes":""},"class_list":["post-96","page","type-page","status-publish","hentry"],"yoast_head":"<!-- This site is optimized with the Yoast SEO plugin v26.9 - https:\/\/yoast.com\/product\/yoast-seo-wordpress\/ -->\n<title>Suite ~ Luna Minoica Suites &amp; Apartments ~<\/title>\n<meta name=\"description\" content=\"Licht ist das nat\u00fcrliche Element dieser sehr gro\u00dfen R\u00e4ume, die durch zwei Fenster erhellt werden, die auf die gro\u00dfe, mit Designer-Liegest\u00fchlen und -M\u00f6beln ausgestattete Terrasse f\u00fchren.  Das sehr ger\u00e4umige Schlafzimmer mit Entspannungsecke wird flankiert von einem Wohnbereich mit Sofa und Sitzecke f\u00fcr intime Momente der Erholung..\" \/>\n<meta name=\"robots\" content=\"index, follow, max-snippet:-1, max-image-preview:large, max-video-preview:-1\" \/>\n<link rel=\"canonical\" href=\"https:\/\/www.lunaminoica.it\/de\/zimmer\/suite\/\" \/>\n<meta property=\"og:locale\" content=\"de_DE\" \/>\n<meta property=\"og:type\" content=\"article\" \/>\n<meta property=\"og:title\" content=\"Suite ~ Luna Minoica Suites &amp; Apartments ~\" \/>\n<meta property=\"og:description\" content=\"Licht ist das nat\u00fcrliche Element dieser sehr gro\u00dfen R\u00e4ume, die durch zwei Fenster erhellt werden, die auf die gro\u00dfe, mit Designer-Liegest\u00fchlen und -M\u00f6beln ausgestattete Terrasse f\u00fchren.  Das sehr ger\u00e4umige Schlafzimmer mit Entspannungsecke wird flankiert von einem Wohnbereich mit Sofa und Sitzecke f\u00fcr intime Momente der Erholung..\" \/>\n<meta property=\"og:url\" content=\"https:\/\/www.lunaminoica.it\/de\/zimmer\/suite\/\" \/>\n<meta property=\"og:site_name\" content=\"Luna Minoica Suites &amp; Apartments\" \/>\n<meta property=\"article:modified_time\" content=\"2022-03-28T13:11:23+00:00\" \/>\n<meta name=\"twitter:card\" content=\"summary_large_image\" \/>\n<meta name=\"twitter:label1\" content=\"Gesch\u00e4tzte Lesezeit\" \/>\n\t<meta name=\"twitter:data1\" content=\"1 Minute\" \/>\n<script type=\"application\/ld+json\" class=\"yoast-schema-graph\">{\"@context\":\"https:\/\/schema.org\",\"@graph\":[{\"@type\":\"WebPage\",\"@id\":\"https:\/\/www.lunaminoica.it\/de\/zimmer\/suite\/\",\"url\":\"https:\/\/www.lunaminoica.it\/de\/zimmer\/suite\/\",\"name\":\"Suite ~ Luna Minoica Suites & Apartments ~\",\"isPartOf\":{\"@id\":\"https:\/\/www.lunaminoica.it\/de\/#website\"},\"datePublished\":\"2022-03-07T16:42:37+00:00\",\"dateModified\":\"2022-03-28T13:11:23+00:00\",\"description\":\"Licht ist das nat\u00fcrliche Element dieser sehr gro\u00dfen R\u00e4ume, die durch zwei Fenster erhellt werden, die auf die gro\u00dfe, mit Designer-Liegest\u00fchlen und -M\u00f6beln ausgestattete Terrasse f\u00fchren. Das sehr ger\u00e4umige Schlafzimmer mit Entspannungsecke wird flankiert von einem Wohnbereich mit Sofa und Sitzecke f\u00fcr intime Momente der Erholung..\",\"breadcrumb\":{\"@id\":\"https:\/\/www.lunaminoica.it\/de\/zimmer\/suite\/#breadcrumb\"},\"inLanguage\":\"de-DE\",\"potentialAction\":[{\"@type\":\"ReadAction\",\"target\":[\"https:\/\/www.lunaminoica.it\/de\/zimmer\/suite\/\"]}]},{\"@type\":\"BreadcrumbList\",\"@id\":\"https:\/\/www.lunaminoica.it\/de\/zimmer\/suite\/#breadcrumb\",\"itemListElement\":[{\"@type\":\"ListItem\",\"position\":1,\"name\":\"Home\",\"item\":\"https:\/\/www.lunaminoica.it\/de\/\"},{\"@type\":\"ListItem\",\"position\":2,\"name\":\"Zimmer\",\"item\":\"https:\/\/www.lunaminoica.it\/de\/zimmer\/\"},{\"@type\":\"ListItem\",\"position\":3,\"name\":\"Suite\"}]},{\"@type\":\"WebSite\",\"@id\":\"https:\/\/www.lunaminoica.it\/de\/#website\",\"url\":\"https:\/\/www.lunaminoica.it\/de\/\",\"name\":\"Luna Minoica Suites & Apartments\",\"description\":\"Just another ms.decms.eu site\",\"potentialAction\":[{\"@type\":\"SearchAction\",\"target\":{\"@type\":\"EntryPoint\",\"urlTemplate\":\"https:\/\/www.lunaminoica.it\/de\/?s={search_term_string}\"},\"query-input\":{\"@type\":\"PropertyValueSpecification\",\"valueRequired\":true,\"valueName\":\"search_term_string\"}}],\"inLanguage\":\"de-DE\"}]}<\/script>\n<!-- \/ Yoast SEO plugin. -->","yoast_head_json":{"title":"Suite ~ Luna Minoica Suites & Apartments ~","description":"Licht ist das nat\u00fcrliche Element dieser sehr gro\u00dfen R\u00e4ume, die durch zwei Fenster erhellt werden, die auf die gro\u00dfe, mit Designer-Liegest\u00fchlen und -M\u00f6beln ausgestattete Terrasse f\u00fchren.  Das sehr ger\u00e4umige Schlafzimmer mit Entspannungsecke wird flankiert von einem Wohnbereich mit Sofa und Sitzecke f\u00fcr intime Momente der Erholung..","robots":{"index":"index","follow":"follow","max-snippet":"max-snippet:-1","max-image-preview":"max-image-preview:large","max-video-preview":"max-video-preview:-1"},"canonical":"https:\/\/www.lunaminoica.it\/de\/zimmer\/suite\/","og_locale":"de_DE","og_type":"article","og_title":"Suite ~ Luna Minoica Suites & Apartments ~","og_description":"Licht ist das nat\u00fcrliche Element dieser sehr gro\u00dfen R\u00e4ume, die durch zwei Fenster erhellt werden, die auf die gro\u00dfe, mit Designer-Liegest\u00fchlen und -M\u00f6beln ausgestattete Terrasse f\u00fchren.  Das sehr ger\u00e4umige Schlafzimmer mit Entspannungsecke wird flankiert von einem Wohnbereich mit Sofa und Sitzecke f\u00fcr intime Momente der Erholung..","og_url":"https:\/\/www.lunaminoica.it\/de\/zimmer\/suite\/","og_site_name":"Luna Minoica Suites & Apartments","article_modified_time":"2022-03-28T13:11:23+00:00","twitter_card":"summary_large_image","twitter_misc":{"Gesch\u00e4tzte Lesezeit":"1 Minute"},"schema":{"@context":"https:\/\/schema.org","@graph":[{"@type":"WebPage","@id":"https:\/\/www.lunaminoica.it\/de\/zimmer\/suite\/","url":"https:\/\/www.lunaminoica.it\/de\/zimmer\/suite\/","name":"Suite ~ Luna Minoica Suites & Apartments ~","isPartOf":{"@id":"https:\/\/www.lunaminoica.it\/de\/#website"},"datePublished":"2022-03-07T16:42:37+00:00","dateModified":"2022-03-28T13:11:23+00:00","description":"Licht ist das nat\u00fcrliche Element dieser sehr gro\u00dfen R\u00e4ume, die durch zwei Fenster erhellt werden, die auf die gro\u00dfe, mit Designer-Liegest\u00fchlen und -M\u00f6beln ausgestattete Terrasse f\u00fchren. Das sehr ger\u00e4umige Schlafzimmer mit Entspannungsecke wird flankiert von einem Wohnbereich mit Sofa und Sitzecke f\u00fcr intime Momente der Erholung..","breadcrumb":{"@id":"https:\/\/www.lunaminoica.it\/de\/zimmer\/suite\/#breadcrumb"},"inLanguage":"de-DE","potentialAction":[{"@type":"ReadAction","target":["https:\/\/www.lunaminoica.it\/de\/zimmer\/suite\/"]}]},{"@type":"BreadcrumbList","@id":"https:\/\/www.lunaminoica.it\/de\/zimmer\/suite\/#breadcrumb","itemListElement":[{"@type":"ListItem","position":1,"name":"Home","item":"https:\/\/www.lunaminoica.it\/de\/"},{"@type":"ListItem","position":2,"name":"Zimmer","item":"https:\/\/www.lunaminoica.it\/de\/zimmer\/"},{"@type":"ListItem","position":3,"name":"Suite"}]},{"@type":"WebSite","@id":"https:\/\/www.lunaminoica.it\/de\/#website","url":"https:\/\/www.lunaminoica.it\/de\/","name":"Luna Minoica Suites & Apartments","description":"Just another ms.decms.eu site","potentialAction":[{"@type":"SearchAction","target":{"@type":"EntryPoint","urlTemplate":"https:\/\/www.lunaminoica.it\/de\/?s={search_term_string}"},"query-input":{"@type":"PropertyValueSpecification","valueRequired":true,"valueName":"search_term_string"}}],"inLanguage":"de-DE"}]}},"acf":[],"_links":{"self":[{"href":"https:\/\/www.lunaminoica.it\/de\/wp-json\/wp\/v2\/pages\/96","targetHints":{"allow":["GET"]}}],"collection":[{"href":"https:\/\/www.lunaminoica.it\/de\/wp-json\/wp\/v2\/pages"}],"about":[{"href":"https:\/\/www.lunaminoica.it\/de\/wp-json\/wp\/v2\/types\/page"}],"author":[{"embeddable":true,"href":"https:\/\/www.lunaminoica.it\/de\/wp-json\/wp\/v2\/users\/7"}],"replies":[{"embeddable":true,"href":"https:\/\/www.lunaminoica.it\/de\/wp-json\/wp\/v2\/comments?post=96"}],"version-history":[{"count":0,"href":"https:\/\/www.lunaminoica.it\/de\/wp-json\/wp\/v2\/pages\/96\/revisions"}],"up":[{"embeddable":true,"href":"https:\/\/www.lunaminoica.it\/de\/wp-json\/wp\/v2\/pages\/41"}],"wp:attachment":[{"href":"https:\/\/www.lunaminoica.it\/de\/wp-json\/wp\/v2\/media?parent=96"}],"curies":[{"name":"wp","href":"https:\/\/api.w.org\/{rel}","templated":true}]}}