{"id":930,"date":"2025-07-23T16:49:31","date_gmt":"2025-07-23T16:49:31","guid":{"rendered":"https:\/\/www.lunaminoica.it\/gift-voucher-benessere-piscina\/"},"modified":"2025-10-09T13:59:52","modified_gmt":"2025-10-09T13:59:52","slug":"gift-voucher-benessere-piscina","status":"publish","type":"page","link":"https:\/\/www.lunaminoica.it\/de\/voucher-regalo\/gift-voucher-benessere-piscina\/","title":{"rendered":"Wellness &amp; Entspannung \u2013 Mit Beheiztem Au\u00dfenpool"},"content":{"rendered":"<p data-start=\"77\" data-end=\"156\"><strong data-start=\"77\" data-end=\"156\">Ein Erlebnis, das die Sinne weckt, den Geist beruhigt und den K\u00f6rper n\u00e4hrt.<\/strong><\/p>\n<p data-start=\"158\" data-end=\"483\">Schenke Zeit, F\u00fcrsorge und Genuss mit diesem exklusiven Gutschein \u2013<br data-start=\"225\" data-end=\"228\" \/>eine stilvolle Auszeit vom hektischen Alltag.<br data-start=\"273\" data-end=\"276\" \/>Ideal f\u00fcr alle, die die feinen Dinge des Lebens sch\u00e4tzen:<br data-start=\"333\" data-end=\"336\" \/>Dieses Erlebnis vereint die regenerierende Kraft der Ber\u00fchrung, die Ruhe des Wassers und den Genuss des Geschmacks in einer Oase purer Entspannung.<\/p>\n<p data-start=\"485\" data-end=\"515\"><strong data-start=\"485\" data-end=\"515\">Wellness- &amp; Relax-Erlebnis<\/strong><\/p>\n<ul>\n<li data-start=\"517\" data-end=\"674\"><strong data-start=\"517\" data-end=\"549\">50-min\u00fctige Wellness-Massage<\/strong><br data-start=\"549\" data-end=\"552\" \/>Eine individuell abgestimmte Behandlung zur L\u00f6sung von Verspannungen und zur Wiederherstellung des inneren Gleichgewichts.<\/li>\n<li data-start=\"676\" data-end=\"922\"><strong data-start=\"676\" data-end=\"703\">Zugang zum Relaxbereich<\/strong><br data-start=\"703\" data-end=\"706\" \/>Ein stiller, behaglicher Raum mit Kr\u00e4utertees, sanfter Beleuchtung und entspannter Atmosph\u00e4re.<br data-start=\"800\" data-end=\"803\" \/>Inklusive Hydromassagepool, finnischer Sauna, t\u00fcrkischem Dampfbad, Erlebnisdusche und Kaltwasserdusche (Bucket Shower).<\/li>\n<li data-start=\"924\" data-end=\"1047\"><strong data-start=\"924\" data-end=\"947\">Zugang zu den Pools<\/strong><br data-start=\"947\" data-end=\"950\" \/>Entspanne in unseren Pools, eingebettet in einen mediterranen Garten, mit Liegen und Handt\u00fcchern.<\/li>\n<li data-start=\"1049\" data-end=\"1174\"><strong data-start=\"1049\" data-end=\"1074\">Light Lunch inklusive<\/strong><br data-start=\"1074\" data-end=\"1077\" \/>Ein leichtes, k\u00f6stliches Mittagessen im Pool-Bistro, zubereitet mit frischen, saisonalen Zutaten.<\/li>\n<\/ul>\n<p data-start=\"1176\" data-end=\"1198\"><strong data-start=\"1176\" data-end=\"1198\">\u20ac149,00 pro Person<\/strong><\/p>\n","protected":false},"excerpt":{"rendered":"<p>Ein Erlebnis, das die Sinne weckt, den Geist beruhigt und den K\u00f6rper n\u00e4hrt. Schenke Zeit, F\u00fcrsorge und Genuss mit diesem exklusiven Gutschein \u2013eine stilvolle Auszeit vom hektischen Alltag.Ideal f\u00fcr alle, die die feinen Dinge des Lebens sch\u00e4tzen:Dieses Erlebnis vereint die regenerierende Kraft der Ber\u00fchrung, die Ruhe des Wassers und den Genuss des Geschmacks in einer [&hellip;]<\/p>\n","protected":false},"author":434,"featured_media":0,"parent":927,"menu_order":4,"comment_status":"closed","ping_status":"closed","template":"","meta":{"footnotes":""},"class_list":["post-930","page","type-page","status-publish","hentry"],"yoast_head":"<!-- This site is optimized with the Yoast SEO plugin v26.9 - https:\/\/yoast.com\/product\/yoast-seo-wordpress\/ -->\n<title>Wellness &amp; Entspannung \u2013 Mit Beheiztem Au\u00dfenpool ~ Luna Minoica Suites &amp; Apartments ~<\/title>\n<meta name=\"description\" content=\"Ein Erlebnis, das die Sinne weckt, den Geist beruhigt und den K\u00f6rper n\u00e4hrt. Schenke Zeit, F\u00fcrsorge und Genuss mit diesem exklusiven Gutschein \u2013eine stilvolle Auszeit vom hektischen Alltag.Ideal f\u00fcr alle, die die feinen Dinge des Lebens sch\u00e4tzen:Dieses Erlebnis vereint die regenerierende Kraft der Ber\u00fchrung, die Ruhe des Wassers und den Genuss des Geschmacks in einer Oase purer Entspannung. Wellness- &amp; Relax-Erlebnis    50-min\u00fctige Wellness-MassageEine individuell abgestimmte Behandlung zur L\u00f6sung von Verspannungen und zur Wiederherstellung des inneren Gleichgewichts.  Zugang zum RelaxbereichEin stiller, behaglicher Raum mit Kr\u00e4utertees, sanfter Beleuchtung und entspannter Atmosph\u00e4re.Inklusive Hydromassagepool, finnischer Sauna, t\u00fcrkischem Dampfbad, Erlebnisdusche und Kaltwasserdusche (Bucket Shower).  Zugang zu den PoolsEntspanne in unseren Pools, eingebettet in einen mediterranen Garten, mit Liegen und Handt\u00fcchern.  Light Lunch inklusiveEin leichtes, k\u00f6stliches Mittagessen im Pool-Bistro, zubereitet mit frischen, saisonalen Zutaten.  \u20ac149,00 pro Person.\" \/>\n<meta name=\"robots\" content=\"index, follow, max-snippet:-1, max-image-preview:large, max-video-preview:-1\" \/>\n<link rel=\"canonical\" href=\"https:\/\/www.lunaminoica.it\/de\/voucher-regalo\/gift-voucher-benessere-piscina\/\" \/>\n<meta property=\"og:locale\" content=\"de_DE\" \/>\n<meta property=\"og:type\" content=\"article\" \/>\n<meta property=\"og:title\" content=\"Wellness &amp; Entspannung \u2013 Mit Beheiztem Au\u00dfenpool ~ Luna Minoica Suites &amp; Apartments ~\" \/>\n<meta property=\"og:description\" content=\"Ein Erlebnis, das die Sinne weckt, den Geist beruhigt und den K\u00f6rper n\u00e4hrt. Schenke Zeit, F\u00fcrsorge und Genuss mit diesem exklusiven Gutschein \u2013eine stilvolle Auszeit vom hektischen Alltag.Ideal f\u00fcr alle, die die feinen Dinge des Lebens sch\u00e4tzen:Dieses Erlebnis vereint die regenerierende Kraft der Ber\u00fchrung, die Ruhe des Wassers und den Genuss des Geschmacks in einer Oase purer Entspannung. Wellness- &amp; Relax-Erlebnis    50-min\u00fctige Wellness-MassageEine individuell abgestimmte Behandlung zur L\u00f6sung von Verspannungen und zur Wiederherstellung des inneren Gleichgewichts.  Zugang zum RelaxbereichEin stiller, behaglicher Raum mit Kr\u00e4utertees, sanfter Beleuchtung und entspannter Atmosph\u00e4re.Inklusive Hydromassagepool, finnischer Sauna, t\u00fcrkischem Dampfbad, Erlebnisdusche und Kaltwasserdusche (Bucket Shower).  Zugang zu den PoolsEntspanne in unseren Pools, eingebettet in einen mediterranen Garten, mit Liegen und Handt\u00fcchern.  Light Lunch inklusiveEin leichtes, k\u00f6stliches Mittagessen im Pool-Bistro, zubereitet mit frischen, saisonalen Zutaten.  \u20ac149,00 pro Person.\" \/>\n<meta property=\"og:url\" content=\"https:\/\/www.lunaminoica.it\/de\/voucher-regalo\/gift-voucher-benessere-piscina\/\" \/>\n<meta property=\"og:site_name\" content=\"Luna Minoica Suites &amp; Apartments\" \/>\n<meta property=\"article:modified_time\" content=\"2025-10-09T13:59:52+00:00\" \/>\n<meta name=\"twitter:card\" content=\"summary_large_image\" \/>\n<meta name=\"twitter:label1\" content=\"Gesch\u00e4tzte Lesezeit\" \/>\n\t<meta name=\"twitter:data1\" content=\"1 Minute\" \/>\n<script type=\"application\/ld+json\" class=\"yoast-schema-graph\">{\"@context\":\"https:\/\/schema.org\",\"@graph\":[{\"@type\":\"WebPage\",\"@id\":\"https:\/\/www.lunaminoica.it\/de\/voucher-regalo\/gift-voucher-benessere-piscina\/\",\"url\":\"https:\/\/www.lunaminoica.it\/de\/voucher-regalo\/gift-voucher-benessere-piscina\/\",\"name\":\"Wellness &amp; Entspannung \u2013 Mit Beheiztem Au\u00dfenpool ~ Luna Minoica Suites & Apartments ~\",\"isPartOf\":{\"@id\":\"https:\/\/www.lunaminoica.it\/de\/#website\"},\"datePublished\":\"2025-07-23T16:49:31+00:00\",\"dateModified\":\"2025-10-09T13:59:52+00:00\",\"description\":\"Ein Erlebnis, das die Sinne weckt, den Geist beruhigt und den K\u00f6rper n\u00e4hrt. Schenke Zeit, F\u00fcrsorge und Genuss mit diesem exklusiven Gutschein \u2013eine stilvolle Auszeit vom hektischen Alltag.Ideal f\u00fcr alle, die die feinen Dinge des Lebens sch\u00e4tzen:Dieses Erlebnis vereint die regenerierende Kraft der Ber\u00fchrung, die Ruhe des Wassers und den Genuss des Geschmacks in einer Oase purer Entspannung. Wellness- &amp; Relax-Erlebnis \u2022 50-min\u00fctige Wellness-MassageEine individuell abgestimmte Behandlung zur L\u00f6sung von Verspannungen und zur Wiederherstellung des inneren Gleichgewichts. \u2022 Zugang zum RelaxbereichEin stiller, behaglicher Raum mit Kr\u00e4utertees, sanfter Beleuchtung und entspannter Atmosph\u00e4re.Inklusive Hydromassagepool, finnischer Sauna, t\u00fcrkischem Dampfbad, Erlebnisdusche und Kaltwasserdusche (Bucket Shower). \u2022 Zugang zu den PoolsEntspanne in unseren Pools, eingebettet in einen mediterranen Garten, mit Liegen und Handt\u00fcchern. \u2022 Light Lunch inklusiveEin leichtes, k\u00f6stliches Mittagessen im Pool-Bistro, zubereitet mit frischen, saisonalen Zutaten. \u20ac149,00 pro Person .\",\"breadcrumb\":{\"@id\":\"https:\/\/www.lunaminoica.it\/de\/voucher-regalo\/gift-voucher-benessere-piscina\/#breadcrumb\"},\"inLanguage\":\"de-DE\",\"potentialAction\":[{\"@type\":\"ReadAction\",\"target\":[\"https:\/\/www.lunaminoica.it\/de\/voucher-regalo\/gift-voucher-benessere-piscina\/\"]}]},{\"@type\":\"BreadcrumbList\",\"@id\":\"https:\/\/www.lunaminoica.it\/de\/voucher-regalo\/gift-voucher-benessere-piscina\/#breadcrumb\",\"itemListElement\":[{\"@type\":\"ListItem\",\"position\":1,\"name\":\"Home\",\"item\":\"https:\/\/www.lunaminoica.it\/de\/\"},{\"@type\":\"ListItem\",\"position\":2,\"name\":\"DAY SPA &amp; GIFT VOUCHER\",\"item\":\"https:\/\/www.lunaminoica.it\/de\/voucher-regalo\/\"},{\"@type\":\"ListItem\",\"position\":3,\"name\":\"Wellness &amp; Entspannung \u2013 Mit Beheiztem Au\u00dfenpool\"}]},{\"@type\":\"WebSite\",\"@id\":\"https:\/\/www.lunaminoica.it\/de\/#website\",\"url\":\"https:\/\/www.lunaminoica.it\/de\/\",\"name\":\"Luna Minoica Suites & Apartments\",\"description\":\"Just another ms.decms.eu site\",\"potentialAction\":[{\"@type\":\"SearchAction\",\"target\":{\"@type\":\"EntryPoint\",\"urlTemplate\":\"https:\/\/www.lunaminoica.it\/de\/?s={search_term_string}\"},\"query-input\":{\"@type\":\"PropertyValueSpecification\",\"valueRequired\":true,\"valueName\":\"search_term_string\"}}],\"inLanguage\":\"de-DE\"}]}<\/script>\n<!-- \/ Yoast SEO plugin. -->","yoast_head_json":{"title":"Wellness &amp; Entspannung \u2013 Mit Beheiztem Au\u00dfenpool ~ Luna Minoica Suites & Apartments ~","description":"Ein Erlebnis, das die Sinne weckt, den Geist beruhigt und den K\u00f6rper n\u00e4hrt. Schenke Zeit, F\u00fcrsorge und Genuss mit diesem exklusiven Gutschein \u2013eine stilvolle Auszeit vom hektischen Alltag.Ideal f\u00fcr alle, die die feinen Dinge des Lebens sch\u00e4tzen:Dieses Erlebnis vereint die regenerierende Kraft der Ber\u00fchrung, die Ruhe des Wassers und den Genuss des Geschmacks in einer Oase purer Entspannung. Wellness- &amp; Relax-Erlebnis    50-min\u00fctige Wellness-MassageEine individuell abgestimmte Behandlung zur L\u00f6sung von Verspannungen und zur Wiederherstellung des inneren Gleichgewichts.  Zugang zum RelaxbereichEin stiller, behaglicher Raum mit Kr\u00e4utertees, sanfter Beleuchtung und entspannter Atmosph\u00e4re.Inklusive Hydromassagepool, finnischer Sauna, t\u00fcrkischem Dampfbad, Erlebnisdusche und Kaltwasserdusche (Bucket Shower).  Zugang zu den PoolsEntspanne in unseren Pools, eingebettet in einen mediterranen Garten, mit Liegen und Handt\u00fcchern.  Light Lunch inklusiveEin leichtes, k\u00f6stliches Mittagessen im Pool-Bistro, zubereitet mit frischen, saisonalen Zutaten.  \u20ac149,00 pro Person.","robots":{"index":"index","follow":"follow","max-snippet":"max-snippet:-1","max-image-preview":"max-image-preview:large","max-video-preview":"max-video-preview:-1"},"canonical":"https:\/\/www.lunaminoica.it\/de\/voucher-regalo\/gift-voucher-benessere-piscina\/","og_locale":"de_DE","og_type":"article","og_title":"Wellness &amp; Entspannung \u2013 Mit Beheiztem Au\u00dfenpool ~ Luna Minoica Suites & Apartments ~","og_description":"Ein Erlebnis, das die Sinne weckt, den Geist beruhigt und den K\u00f6rper n\u00e4hrt. Schenke Zeit, F\u00fcrsorge und Genuss mit diesem exklusiven Gutschein \u2013eine stilvolle Auszeit vom hektischen Alltag.Ideal f\u00fcr alle, die die feinen Dinge des Lebens sch\u00e4tzen:Dieses Erlebnis vereint die regenerierende Kraft der Ber\u00fchrung, die Ruhe des Wassers und den Genuss des Geschmacks in einer Oase purer Entspannung. Wellness- &amp; Relax-Erlebnis    50-min\u00fctige Wellness-MassageEine individuell abgestimmte Behandlung zur L\u00f6sung von Verspannungen und zur Wiederherstellung des inneren Gleichgewichts.  Zugang zum RelaxbereichEin stiller, behaglicher Raum mit Kr\u00e4utertees, sanfter Beleuchtung und entspannter Atmosph\u00e4re.Inklusive Hydromassagepool, finnischer Sauna, t\u00fcrkischem Dampfbad, Erlebnisdusche und Kaltwasserdusche (Bucket Shower).  Zugang zu den PoolsEntspanne in unseren Pools, eingebettet in einen mediterranen Garten, mit Liegen und Handt\u00fcchern.  Light Lunch inklusiveEin leichtes, k\u00f6stliches Mittagessen im Pool-Bistro, zubereitet mit frischen, saisonalen Zutaten.  \u20ac149,00 pro Person.","og_url":"https:\/\/www.lunaminoica.it\/de\/voucher-regalo\/gift-voucher-benessere-piscina\/","og_site_name":"Luna Minoica Suites & Apartments","article_modified_time":"2025-10-09T13:59:52+00:00","twitter_card":"summary_large_image","twitter_misc":{"Gesch\u00e4tzte Lesezeit":"1 Minute"},"schema":{"@context":"https:\/\/schema.org","@graph":[{"@type":"WebPage","@id":"https:\/\/www.lunaminoica.it\/de\/voucher-regalo\/gift-voucher-benessere-piscina\/","url":"https:\/\/www.lunaminoica.it\/de\/voucher-regalo\/gift-voucher-benessere-piscina\/","name":"Wellness &amp; Entspannung \u2013 Mit Beheiztem Au\u00dfenpool ~ Luna Minoica Suites & Apartments ~","isPartOf":{"@id":"https:\/\/www.lunaminoica.it\/de\/#website"},"datePublished":"2025-07-23T16:49:31+00:00","dateModified":"2025-10-09T13:59:52+00:00","description":"Ein Erlebnis, das die Sinne weckt, den Geist beruhigt und den K\u00f6rper n\u00e4hrt. Schenke Zeit, F\u00fcrsorge und Genuss mit diesem exklusiven Gutschein \u2013eine stilvolle Auszeit vom hektischen Alltag.Ideal f\u00fcr alle, die die feinen Dinge des Lebens sch\u00e4tzen:Dieses Erlebnis vereint die regenerierende Kraft der Ber\u00fchrung, die Ruhe des Wassers und den Genuss des Geschmacks in einer Oase purer Entspannung. Wellness- &amp; Relax-Erlebnis \u2022 50-min\u00fctige Wellness-MassageEine individuell abgestimmte Behandlung zur L\u00f6sung von Verspannungen und zur Wiederherstellung des inneren Gleichgewichts. \u2022 Zugang zum RelaxbereichEin stiller, behaglicher Raum mit Kr\u00e4utertees, sanfter Beleuchtung und entspannter Atmosph\u00e4re.Inklusive Hydromassagepool, finnischer Sauna, t\u00fcrkischem Dampfbad, Erlebnisdusche und Kaltwasserdusche (Bucket Shower). \u2022 Zugang zu den PoolsEntspanne in unseren Pools, eingebettet in einen mediterranen Garten, mit Liegen und Handt\u00fcchern. \u2022 Light Lunch inklusiveEin leichtes, k\u00f6stliches Mittagessen im Pool-Bistro, zubereitet mit frischen, saisonalen Zutaten. \u20ac149,00 pro Person .","breadcrumb":{"@id":"https:\/\/www.lunaminoica.it\/de\/voucher-regalo\/gift-voucher-benessere-piscina\/#breadcrumb"},"inLanguage":"de-DE","potentialAction":[{"@type":"ReadAction","target":["https:\/\/www.lunaminoica.it\/de\/voucher-regalo\/gift-voucher-benessere-piscina\/"]}]},{"@type":"BreadcrumbList","@id":"https:\/\/www.lunaminoica.it\/de\/voucher-regalo\/gift-voucher-benessere-piscina\/#breadcrumb","itemListElement":[{"@type":"ListItem","position":1,"name":"Home","item":"https:\/\/www.lunaminoica.it\/de\/"},{"@type":"ListItem","position":2,"name":"DAY SPA &amp; GIFT VOUCHER","item":"https:\/\/www.lunaminoica.it\/de\/voucher-regalo\/"},{"@type":"ListItem","position":3,"name":"Wellness &amp; Entspannung \u2013 Mit Beheiztem Au\u00dfenpool"}]},{"@type":"WebSite","@id":"https:\/\/www.lunaminoica.it\/de\/#website","url":"https:\/\/www.lunaminoica.it\/de\/","name":"Luna Minoica Suites & Apartments","description":"Just another ms.decms.eu site","potentialAction":[{"@type":"SearchAction","target":{"@type":"EntryPoint","urlTemplate":"https:\/\/www.lunaminoica.it\/de\/?s={search_term_string}"},"query-input":{"@type":"PropertyValueSpecification","valueRequired":true,"valueName":"search_term_string"}}],"inLanguage":"de-DE"}]}},"acf":[],"_links":{"self":[{"href":"https:\/\/www.lunaminoica.it\/de\/wp-json\/wp\/v2\/pages\/930","targetHints":{"allow":["GET"]}}],"collection":[{"href":"https:\/\/www.lunaminoica.it\/de\/wp-json\/wp\/v2\/pages"}],"about":[{"href":"https:\/\/www.lunaminoica.it\/de\/wp-json\/wp\/v2\/types\/page"}],"author":[{"embeddable":true,"href":"https:\/\/www.lunaminoica.it\/de\/wp-json\/wp\/v2\/users\/434"}],"replies":[{"embeddable":true,"href":"https:\/\/www.lunaminoica.it\/de\/wp-json\/wp\/v2\/comments?post=930"}],"version-history":[{"count":0,"href":"https:\/\/www.lunaminoica.it\/de\/wp-json\/wp\/v2\/pages\/930\/revisions"}],"up":[{"embeddable":true,"href":"https:\/\/www.lunaminoica.it\/de\/wp-json\/wp\/v2\/pages\/927"}],"wp:attachment":[{"href":"https:\/\/www.lunaminoica.it\/de\/wp-json\/wp\/v2\/media?parent=930"}],"curies":[{"name":"wp","href":"https:\/\/api.w.org\/{rel}","templated":true}]}}