{"id":927,"date":"2025-07-22T10:25:22","date_gmt":"2025-07-22T10:25:22","guid":{"rendered":"https:\/\/www.lunaminoica.it\/voucher-regalo\/"},"modified":"2025-10-30T13:43:53","modified_gmt":"2025-10-30T13:43:53","slug":"voucher-regalo","status":"publish","type":"page","link":"https:\/\/www.lunaminoica.it\/de\/voucher-regalo\/","title":{"rendered":"DAY SPA &amp; GIFT VOUCHER"},"content":{"rendered":"<p style=\"text-align: center\" data-start=\"73\" data-end=\"327\"><strong>Verschenke ein traumhaftes Erlebnis auf Sizilien<\/strong><br data-start=\"125\" data-end=\"128\" \/><strong>\u00dcberrasche deine Liebsten mit einem einzigartigen und unvergesslichen Geschenk:<\/strong><br data-start=\"207\" data-end=\"210\" \/><strong>Ein Aufenthalt inmitten von Natur, Wohlbefinden und authentischer Sch\u00f6nheit<\/strong><br data-start=\"285\" data-end=\"288\" \/><strong>an der zauberhaften S\u00fcdk\u00fcste Siziliens.<\/strong><\/p>\n<ul data-start=\"329\" data-end=\"595\">\n<li data-start=\"329\" data-end=\"380\">\n<p data-start=\"331\" data-end=\"380\">W\u00e4hle einen Betrag oder ein individuelles Paket<\/p>\n<\/li>\n<li data-start=\"381\" data-end=\"422\">\n<p data-start=\"383\" data-end=\"422\">F\u00fcge eine pers\u00f6nliche Nachricht hinzu<\/p>\n<\/li>\n<li data-start=\"423\" data-end=\"511\">\n<p data-start=\"425\" data-end=\"511\">Erhalte den Gutschein per E-Mail im digitalen Format (oder auf Wunsch in Papierform)<\/p>\n<\/li>\n<li data-start=\"512\" data-end=\"595\">\n<p data-start=\"514\" data-end=\"595\">Der oder die Beschenkte kann innerhalb von 12 Monaten ab Ausstellungsdatum buchen<\/p>\n<\/li>\n<\/ul>\n<p style=\"text-align: center\" data-start=\"597\" data-end=\"625\"><strong data-start=\"597\" data-end=\"625\">Verschenke Luna Minoica!<\/strong><\/p>\n<hr data-start=\"627\" data-end=\"630\" \/>\n<p>&nbsp;<\/p>\n<p>&nbsp;<\/p>\n","protected":false},"excerpt":{"rendered":"<p>Verschenke ein traumhaftes Erlebnis auf Sizilien\u00dcberrasche deine Liebsten mit einem einzigartigen und unvergesslichen Geschenk:Ein Aufenthalt inmitten von Natur, Wohlbefinden und authentischer Sch\u00f6nheitan der zauberhaften S\u00fcdk\u00fcste Siziliens. W\u00e4hle einen Betrag oder ein individuelles Paket F\u00fcge eine pers\u00f6nliche Nachricht hinzu Erhalte den Gutschein per E-Mail im digitalen Format (oder auf Wunsch in Papierform) Der oder die Beschenkte [&hellip;]<\/p>\n","protected":false},"author":434,"featured_media":0,"parent":0,"menu_order":0,"comment_status":"closed","ping_status":"closed","template":"","meta":{"footnotes":""},"class_list":["post-927","page","type-page","status-publish","hentry"],"yoast_head":"<!-- This site is optimized with the Yoast SEO plugin v26.9 - https:\/\/yoast.com\/product\/yoast-seo-wordpress\/ -->\n<title>DAY SPA &amp; GIFT VOUCHER ~ Luna Minoica Suites &amp; Apartments ~<\/title>\n<meta name=\"description\" content=\"Verschenke ein traumhaftes Erlebnis auf Sizilien\u00dcberrasche deine Liebsten mit einem einzigartigen und unvergesslichen Geschenk:Ein Aufenthalt inmitten von Natur, Wohlbefinden und authentischer Sch\u00f6nheitan der zauberhaften S\u00fcdk\u00fcste Siziliens.     W\u00e4hle einen Betrag oder ein individuelles Paket    F\u00fcge eine pers\u00f6nliche Nachricht hinzu    Erhalte den Gutschein per E-Mail im digitalen Format (oder auf Wunsch in Papierform)    Der oder die Beschenkte kann innerhalb von 12 Monaten ab Ausstellungsdatum buchen   Verschenke Luna Minoica!     &nbsp;  &nbsp;.\" \/>\n<meta name=\"robots\" content=\"index, follow, max-snippet:-1, max-image-preview:large, max-video-preview:-1\" \/>\n<link rel=\"canonical\" href=\"https:\/\/www.lunaminoica.it\/de\/voucher-regalo\/\" \/>\n<meta property=\"og:locale\" content=\"de_DE\" \/>\n<meta property=\"og:type\" content=\"article\" \/>\n<meta property=\"og:title\" content=\"DAY SPA &amp; GIFT VOUCHER ~ Luna Minoica Suites &amp; Apartments ~\" \/>\n<meta property=\"og:description\" content=\"Verschenke ein traumhaftes Erlebnis auf Sizilien\u00dcberrasche deine Liebsten mit einem einzigartigen und unvergesslichen Geschenk:Ein Aufenthalt inmitten von Natur, Wohlbefinden und authentischer Sch\u00f6nheitan der zauberhaften S\u00fcdk\u00fcste Siziliens.     W\u00e4hle einen Betrag oder ein individuelles Paket    F\u00fcge eine pers\u00f6nliche Nachricht hinzu    Erhalte den Gutschein per E-Mail im digitalen Format (oder auf Wunsch in Papierform)    Der oder die Beschenkte kann innerhalb von 12 Monaten ab Ausstellungsdatum buchen   Verschenke Luna Minoica!     &nbsp;  &nbsp;.\" \/>\n<meta property=\"og:url\" content=\"https:\/\/www.lunaminoica.it\/de\/voucher-regalo\/\" \/>\n<meta property=\"og:site_name\" content=\"Luna Minoica Suites &amp; Apartments\" \/>\n<meta property=\"article:modified_time\" content=\"2025-10-30T13:43:53+00:00\" \/>\n<meta name=\"twitter:card\" content=\"summary_large_image\" \/>\n<meta name=\"twitter:label1\" content=\"Gesch\u00e4tzte Lesezeit\" \/>\n\t<meta name=\"twitter:data1\" content=\"1 Minute\" \/>\n<script type=\"application\/ld+json\" class=\"yoast-schema-graph\">{\"@context\":\"https:\/\/schema.org\",\"@graph\":[{\"@type\":\"WebPage\",\"@id\":\"https:\/\/www.lunaminoica.it\/de\/voucher-regalo\/\",\"url\":\"https:\/\/www.lunaminoica.it\/de\/voucher-regalo\/\",\"name\":\"DAY SPA &amp; GIFT VOUCHER ~ Luna Minoica Suites & Apartments ~\",\"isPartOf\":{\"@id\":\"https:\/\/www.lunaminoica.it\/de\/#website\"},\"datePublished\":\"2025-07-22T10:25:22+00:00\",\"dateModified\":\"2025-10-30T13:43:53+00:00\",\"description\":\"Verschenke ein traumhaftes Erlebnis auf Sizilien\u00dcberrasche deine Liebsten mit einem einzigartigen und unvergesslichen Geschenk:Ein Aufenthalt inmitten von Natur, Wohlbefinden und authentischer Sch\u00f6nheitan der zauberhaften S\u00fcdk\u00fcste Siziliens. \u2022 W\u00e4hle einen Betrag oder ein individuelles Paket \u2022 F\u00fcge eine pers\u00f6nliche Nachricht hinzu \u2022 Erhalte den Gutschein per E-Mail im digitalen Format (oder auf Wunsch in Papierform) \u2022 Der oder die Beschenkte kann innerhalb von 12 Monaten ab Ausstellungsdatum buchen Verschenke Luna Minoica! &nbsp; &nbsp;.\",\"breadcrumb\":{\"@id\":\"https:\/\/www.lunaminoica.it\/de\/voucher-regalo\/#breadcrumb\"},\"inLanguage\":\"de-DE\",\"potentialAction\":[{\"@type\":\"ReadAction\",\"target\":[\"https:\/\/www.lunaminoica.it\/de\/voucher-regalo\/\"]}]},{\"@type\":\"BreadcrumbList\",\"@id\":\"https:\/\/www.lunaminoica.it\/de\/voucher-regalo\/#breadcrumb\",\"itemListElement\":[{\"@type\":\"ListItem\",\"position\":1,\"name\":\"Home\",\"item\":\"https:\/\/www.lunaminoica.it\/de\/\"},{\"@type\":\"ListItem\",\"position\":2,\"name\":\"DAY SPA &amp; GIFT VOUCHER\"}]},{\"@type\":\"WebSite\",\"@id\":\"https:\/\/www.lunaminoica.it\/de\/#website\",\"url\":\"https:\/\/www.lunaminoica.it\/de\/\",\"name\":\"Luna Minoica Suites & Apartments\",\"description\":\"Just another ms.decms.eu site\",\"potentialAction\":[{\"@type\":\"SearchAction\",\"target\":{\"@type\":\"EntryPoint\",\"urlTemplate\":\"https:\/\/www.lunaminoica.it\/de\/?s={search_term_string}\"},\"query-input\":{\"@type\":\"PropertyValueSpecification\",\"valueRequired\":true,\"valueName\":\"search_term_string\"}}],\"inLanguage\":\"de-DE\"}]}<\/script>\n<!-- \/ Yoast SEO plugin. -->","yoast_head_json":{"title":"DAY SPA &amp; GIFT VOUCHER ~ Luna Minoica Suites & Apartments ~","description":"Verschenke ein traumhaftes Erlebnis auf Sizilien\u00dcberrasche deine Liebsten mit einem einzigartigen und unvergesslichen Geschenk:Ein Aufenthalt inmitten von Natur, Wohlbefinden und authentischer Sch\u00f6nheitan der zauberhaften S\u00fcdk\u00fcste Siziliens.     W\u00e4hle einen Betrag oder ein individuelles Paket    F\u00fcge eine pers\u00f6nliche Nachricht hinzu    Erhalte den Gutschein per E-Mail im digitalen Format (oder auf Wunsch in Papierform)    Der oder die Beschenkte kann innerhalb von 12 Monaten ab Ausstellungsdatum buchen   Verschenke Luna Minoica!     &nbsp;  &nbsp;.","robots":{"index":"index","follow":"follow","max-snippet":"max-snippet:-1","max-image-preview":"max-image-preview:large","max-video-preview":"max-video-preview:-1"},"canonical":"https:\/\/www.lunaminoica.it\/de\/voucher-regalo\/","og_locale":"de_DE","og_type":"article","og_title":"DAY SPA &amp; GIFT VOUCHER ~ Luna Minoica Suites & Apartments ~","og_description":"Verschenke ein traumhaftes Erlebnis auf Sizilien\u00dcberrasche deine Liebsten mit einem einzigartigen und unvergesslichen Geschenk:Ein Aufenthalt inmitten von Natur, Wohlbefinden und authentischer Sch\u00f6nheitan der zauberhaften S\u00fcdk\u00fcste Siziliens.     W\u00e4hle einen Betrag oder ein individuelles Paket    F\u00fcge eine pers\u00f6nliche Nachricht hinzu    Erhalte den Gutschein per E-Mail im digitalen Format (oder auf Wunsch in Papierform)    Der oder die Beschenkte kann innerhalb von 12 Monaten ab Ausstellungsdatum buchen   Verschenke Luna Minoica!     &nbsp;  &nbsp;.","og_url":"https:\/\/www.lunaminoica.it\/de\/voucher-regalo\/","og_site_name":"Luna Minoica Suites & Apartments","article_modified_time":"2025-10-30T13:43:53+00:00","twitter_card":"summary_large_image","twitter_misc":{"Gesch\u00e4tzte Lesezeit":"1 Minute"},"schema":{"@context":"https:\/\/schema.org","@graph":[{"@type":"WebPage","@id":"https:\/\/www.lunaminoica.it\/de\/voucher-regalo\/","url":"https:\/\/www.lunaminoica.it\/de\/voucher-regalo\/","name":"DAY SPA &amp; GIFT VOUCHER ~ Luna Minoica Suites & Apartments ~","isPartOf":{"@id":"https:\/\/www.lunaminoica.it\/de\/#website"},"datePublished":"2025-07-22T10:25:22+00:00","dateModified":"2025-10-30T13:43:53+00:00","description":"Verschenke ein traumhaftes Erlebnis auf Sizilien\u00dcberrasche deine Liebsten mit einem einzigartigen und unvergesslichen Geschenk:Ein Aufenthalt inmitten von Natur, Wohlbefinden und authentischer Sch\u00f6nheitan der zauberhaften S\u00fcdk\u00fcste Siziliens. \u2022 W\u00e4hle einen Betrag oder ein individuelles Paket \u2022 F\u00fcge eine pers\u00f6nliche Nachricht hinzu \u2022 Erhalte den Gutschein per E-Mail im digitalen Format (oder auf Wunsch in Papierform) \u2022 Der oder die Beschenkte kann innerhalb von 12 Monaten ab Ausstellungsdatum buchen Verschenke Luna Minoica! &nbsp; &nbsp;.","breadcrumb":{"@id":"https:\/\/www.lunaminoica.it\/de\/voucher-regalo\/#breadcrumb"},"inLanguage":"de-DE","potentialAction":[{"@type":"ReadAction","target":["https:\/\/www.lunaminoica.it\/de\/voucher-regalo\/"]}]},{"@type":"BreadcrumbList","@id":"https:\/\/www.lunaminoica.it\/de\/voucher-regalo\/#breadcrumb","itemListElement":[{"@type":"ListItem","position":1,"name":"Home","item":"https:\/\/www.lunaminoica.it\/de\/"},{"@type":"ListItem","position":2,"name":"DAY SPA &amp; GIFT VOUCHER"}]},{"@type":"WebSite","@id":"https:\/\/www.lunaminoica.it\/de\/#website","url":"https:\/\/www.lunaminoica.it\/de\/","name":"Luna Minoica Suites & Apartments","description":"Just another ms.decms.eu site","potentialAction":[{"@type":"SearchAction","target":{"@type":"EntryPoint","urlTemplate":"https:\/\/www.lunaminoica.it\/de\/?s={search_term_string}"},"query-input":{"@type":"PropertyValueSpecification","valueRequired":true,"valueName":"search_term_string"}}],"inLanguage":"de-DE"}]}},"acf":[],"_links":{"self":[{"href":"https:\/\/www.lunaminoica.it\/de\/wp-json\/wp\/v2\/pages\/927","targetHints":{"allow":["GET"]}}],"collection":[{"href":"https:\/\/www.lunaminoica.it\/de\/wp-json\/wp\/v2\/pages"}],"about":[{"href":"https:\/\/www.lunaminoica.it\/de\/wp-json\/wp\/v2\/types\/page"}],"author":[{"embeddable":true,"href":"https:\/\/www.lunaminoica.it\/de\/wp-json\/wp\/v2\/users\/434"}],"replies":[{"embeddable":true,"href":"https:\/\/www.lunaminoica.it\/de\/wp-json\/wp\/v2\/comments?post=927"}],"version-history":[{"count":0,"href":"https:\/\/www.lunaminoica.it\/de\/wp-json\/wp\/v2\/pages\/927\/revisions"}],"wp:attachment":[{"href":"https:\/\/www.lunaminoica.it\/de\/wp-json\/wp\/v2\/media?parent=927"}],"curies":[{"name":"wp","href":"https:\/\/api.w.org\/{rel}","templated":true}]}}