{"id":898,"date":"2025-07-14T14:26:39","date_gmt":"2025-07-14T14:26:39","guid":{"rendered":"https:\/\/www.lunaminoica.it\/sport-in-mare\/"},"modified":"2025-07-14T14:51:43","modified_gmt":"2025-07-14T14:51:43","slug":"sport-und-meer","status":"publish","type":"page","link":"https:\/\/www.lunaminoica.it\/de\/sport-und-meer\/","title":{"rendered":"Sport und Meer"},"content":{"rendered":"<p>Entdecken Sie das Meer, wie Sie es noch nie gesehen haben!<\/p>\n<p>Bei Luna Minoica k\u00f6nnen Sie den Nervenkitzel des Meeres aus einer einzigartigen Perspektive erleben: Mieten Sie ein <strong>SUP (Stand Up Paddle)<\/strong> oder ein <strong>Kajak<\/strong> und machen Sie sich auf, um die K\u00fcste zu entdecken, zwischen versteckten Buchten, kristallklarem Wasser und erholsamer Stille.<\/p>\n<p>Egal, ob Sie Anf\u00e4nger oder Enthusiast sind, unser Verleihservice direkt an unserer Badeanstalt ist f\u00fcr alle gedacht:<br \/>\nSichere und einfach zu bedienende Ausr\u00fcstung<br \/>\nT\u00e4gliche oder stundenweise Verf\u00fcgbarkeit<br \/>\nBeratung zu den sch\u00f6nsten Routen, die Sie erkunden k\u00f6nnen<\/p>\n<p><strong>Entspannen Sie sich, paddeln Sie los und lassen Sie sich von den Wellen schaukeln.<\/strong><br \/>\nEine perfekte Erfahrung f\u00fcr alle, die Sport, Natur und Ruhe in einer einzigen Aktivit\u00e4t suchen<\/p>\n","protected":false},"excerpt":{"rendered":"<p>Entdecken Sie das Meer, wie Sie es noch nie gesehen haben! Bei Luna Minoica k\u00f6nnen Sie den Nervenkitzel des Meeres aus einer einzigartigen Perspektive erleben: Mieten Sie ein SUP (Stand Up Paddle) oder ein Kajak und machen Sie sich auf, um die K\u00fcste zu entdecken, zwischen versteckten Buchten, kristallklarem Wasser und erholsamer Stille. Egal, ob [&hellip;]<\/p>\n","protected":false},"author":434,"featured_media":0,"parent":0,"menu_order":0,"comment_status":"closed","ping_status":"closed","template":"template-default-4.php","meta":{"footnotes":""},"class_list":["post-898","page","type-page","status-publish","hentry"],"yoast_head":"<!-- This site is optimized with the Yoast SEO plugin v26.9 - https:\/\/yoast.com\/product\/yoast-seo-wordpress\/ -->\n<title>Sport und Meer ~ Luna Minoica Suites &amp; Apartments ~<\/title>\n<meta name=\"description\" content=\"Entdecken Sie das Meer, wie Sie es noch nie gesehen haben!  Bei Luna Minoica k\u00f6nnen Sie den Nervenkitzel des Meeres aus einer einzigartigen Perspektive erleben: Mieten Sie ein SUP (Stand Up Paddle) oder ein Kajak und machen Sie sich auf, um die K\u00fcste zu entdecken, zwischen versteckten Buchten, kristallklarem Wasser und erholsamer Stille.  Egal, ob Sie Anf\u00e4nger oder Enthusiast sind, unser Verleihservice direkt an unserer Badeanstalt ist f\u00fcr alle gedacht: Sichere und einfach zu bedienende Ausr\u00fcstung T\u00e4gliche oder stundenweise Verf\u00fcgbarkeit Beratung zu den sch\u00f6nsten Routen, die Sie erkunden k\u00f6nnen  Entspannen Sie sich, paddeln Sie los und lassen Sie sich von den Wellen schaukeln. Eine perfekte Erfahrung f\u00fcr alle, die Sport, Natur und Ruhe in einer einzigen Aktivit\u00e4t suchen.\" \/>\n<meta name=\"robots\" content=\"index, follow, max-snippet:-1, max-image-preview:large, max-video-preview:-1\" \/>\n<link rel=\"canonical\" href=\"https:\/\/www.lunaminoica.it\/de\/sport-und-meer\/\" \/>\n<meta property=\"og:locale\" content=\"de_DE\" \/>\n<meta property=\"og:type\" content=\"article\" \/>\n<meta property=\"og:title\" content=\"Sport und Meer ~ Luna Minoica Suites &amp; Apartments ~\" \/>\n<meta property=\"og:description\" content=\"Entdecken Sie das Meer, wie Sie es noch nie gesehen haben!  Bei Luna Minoica k\u00f6nnen Sie den Nervenkitzel des Meeres aus einer einzigartigen Perspektive erleben: Mieten Sie ein SUP (Stand Up Paddle) oder ein Kajak und machen Sie sich auf, um die K\u00fcste zu entdecken, zwischen versteckten Buchten, kristallklarem Wasser und erholsamer Stille.  Egal, ob Sie Anf\u00e4nger oder Enthusiast sind, unser Verleihservice direkt an unserer Badeanstalt ist f\u00fcr alle gedacht: Sichere und einfach zu bedienende Ausr\u00fcstung T\u00e4gliche oder stundenweise Verf\u00fcgbarkeit Beratung zu den sch\u00f6nsten Routen, die Sie erkunden k\u00f6nnen  Entspannen Sie sich, paddeln Sie los und lassen Sie sich von den Wellen schaukeln. Eine perfekte Erfahrung f\u00fcr alle, die Sport, Natur und Ruhe in einer einzigen Aktivit\u00e4t suchen.\" \/>\n<meta property=\"og:url\" content=\"https:\/\/www.lunaminoica.it\/de\/sport-und-meer\/\" \/>\n<meta property=\"og:site_name\" content=\"Luna Minoica Suites &amp; Apartments\" \/>\n<meta property=\"article:modified_time\" content=\"2025-07-14T14:51:43+00:00\" \/>\n<meta name=\"twitter:card\" content=\"summary_large_image\" \/>\n<meta name=\"twitter:label1\" content=\"Gesch\u00e4tzte Lesezeit\" \/>\n\t<meta name=\"twitter:data1\" content=\"1 Minute\" \/>\n<script type=\"application\/ld+json\" class=\"yoast-schema-graph\">{\"@context\":\"https:\/\/schema.org\",\"@graph\":[{\"@type\":\"WebPage\",\"@id\":\"https:\/\/www.lunaminoica.it\/de\/sport-und-meer\/\",\"url\":\"https:\/\/www.lunaminoica.it\/de\/sport-und-meer\/\",\"name\":\"Sport und Meer ~ Luna Minoica Suites & Apartments ~\",\"isPartOf\":{\"@id\":\"https:\/\/www.lunaminoica.it\/de\/#website\"},\"datePublished\":\"2025-07-14T14:26:39+00:00\",\"dateModified\":\"2025-07-14T14:51:43+00:00\",\"description\":\"Entdecken Sie das Meer, wie Sie es noch nie gesehen haben! Bei Luna Minoica k\u00f6nnen Sie den Nervenkitzel des Meeres aus einer einzigartigen Perspektive erleben: Mieten Sie ein SUP (Stand Up Paddle) oder ein Kajak und machen Sie sich auf, um die K\u00fcste zu entdecken, zwischen versteckten Buchten, kristallklarem Wasser und erholsamer Stille. Egal, ob Sie Anf\u00e4nger oder Enthusiast sind, unser Verleihservice direkt an unserer Badeanstalt ist f\u00fcr alle gedacht: Sichere und einfach zu bedienende Ausr\u00fcstung T\u00e4gliche oder stundenweise Verf\u00fcgbarkeit Beratung zu den sch\u00f6nsten Routen, die Sie erkunden k\u00f6nnen Entspannen Sie sich, paddeln Sie los und lassen Sie sich von den Wellen schaukeln. Eine perfekte Erfahrung f\u00fcr alle, die Sport, Natur und Ruhe in einer einzigen Aktivit\u00e4t suchen.\",\"breadcrumb\":{\"@id\":\"https:\/\/www.lunaminoica.it\/de\/sport-und-meer\/#breadcrumb\"},\"inLanguage\":\"de-DE\",\"potentialAction\":[{\"@type\":\"ReadAction\",\"target\":[\"https:\/\/www.lunaminoica.it\/de\/sport-und-meer\/\"]}]},{\"@type\":\"BreadcrumbList\",\"@id\":\"https:\/\/www.lunaminoica.it\/de\/sport-und-meer\/#breadcrumb\",\"itemListElement\":[{\"@type\":\"ListItem\",\"position\":1,\"name\":\"Home\",\"item\":\"https:\/\/www.lunaminoica.it\/de\/\"},{\"@type\":\"ListItem\",\"position\":2,\"name\":\"Sport und Meer\"}]},{\"@type\":\"WebSite\",\"@id\":\"https:\/\/www.lunaminoica.it\/de\/#website\",\"url\":\"https:\/\/www.lunaminoica.it\/de\/\",\"name\":\"Luna Minoica Suites & Apartments\",\"description\":\"Just another ms.decms.eu site\",\"potentialAction\":[{\"@type\":\"SearchAction\",\"target\":{\"@type\":\"EntryPoint\",\"urlTemplate\":\"https:\/\/www.lunaminoica.it\/de\/?s={search_term_string}\"},\"query-input\":{\"@type\":\"PropertyValueSpecification\",\"valueRequired\":true,\"valueName\":\"search_term_string\"}}],\"inLanguage\":\"de-DE\"}]}<\/script>\n<!-- \/ Yoast SEO plugin. -->","yoast_head_json":{"title":"Sport und Meer ~ Luna Minoica Suites & Apartments ~","description":"Entdecken Sie das Meer, wie Sie es noch nie gesehen haben!  Bei Luna Minoica k\u00f6nnen Sie den Nervenkitzel des Meeres aus einer einzigartigen Perspektive erleben: Mieten Sie ein SUP (Stand Up Paddle) oder ein Kajak und machen Sie sich auf, um die K\u00fcste zu entdecken, zwischen versteckten Buchten, kristallklarem Wasser und erholsamer Stille.  Egal, ob Sie Anf\u00e4nger oder Enthusiast sind, unser Verleihservice direkt an unserer Badeanstalt ist f\u00fcr alle gedacht: Sichere und einfach zu bedienende Ausr\u00fcstung T\u00e4gliche oder stundenweise Verf\u00fcgbarkeit Beratung zu den sch\u00f6nsten Routen, die Sie erkunden k\u00f6nnen  Entspannen Sie sich, paddeln Sie los und lassen Sie sich von den Wellen schaukeln. Eine perfekte Erfahrung f\u00fcr alle, die Sport, Natur und Ruhe in einer einzigen Aktivit\u00e4t suchen.","robots":{"index":"index","follow":"follow","max-snippet":"max-snippet:-1","max-image-preview":"max-image-preview:large","max-video-preview":"max-video-preview:-1"},"canonical":"https:\/\/www.lunaminoica.it\/de\/sport-und-meer\/","og_locale":"de_DE","og_type":"article","og_title":"Sport und Meer ~ Luna Minoica Suites & Apartments ~","og_description":"Entdecken Sie das Meer, wie Sie es noch nie gesehen haben!  Bei Luna Minoica k\u00f6nnen Sie den Nervenkitzel des Meeres aus einer einzigartigen Perspektive erleben: Mieten Sie ein SUP (Stand Up Paddle) oder ein Kajak und machen Sie sich auf, um die K\u00fcste zu entdecken, zwischen versteckten Buchten, kristallklarem Wasser und erholsamer Stille.  Egal, ob Sie Anf\u00e4nger oder Enthusiast sind, unser Verleihservice direkt an unserer Badeanstalt ist f\u00fcr alle gedacht: Sichere und einfach zu bedienende Ausr\u00fcstung T\u00e4gliche oder stundenweise Verf\u00fcgbarkeit Beratung zu den sch\u00f6nsten Routen, die Sie erkunden k\u00f6nnen  Entspannen Sie sich, paddeln Sie los und lassen Sie sich von den Wellen schaukeln. Eine perfekte Erfahrung f\u00fcr alle, die Sport, Natur und Ruhe in einer einzigen Aktivit\u00e4t suchen.","og_url":"https:\/\/www.lunaminoica.it\/de\/sport-und-meer\/","og_site_name":"Luna Minoica Suites & Apartments","article_modified_time":"2025-07-14T14:51:43+00:00","twitter_card":"summary_large_image","twitter_misc":{"Gesch\u00e4tzte Lesezeit":"1 Minute"},"schema":{"@context":"https:\/\/schema.org","@graph":[{"@type":"WebPage","@id":"https:\/\/www.lunaminoica.it\/de\/sport-und-meer\/","url":"https:\/\/www.lunaminoica.it\/de\/sport-und-meer\/","name":"Sport und Meer ~ Luna Minoica Suites & Apartments ~","isPartOf":{"@id":"https:\/\/www.lunaminoica.it\/de\/#website"},"datePublished":"2025-07-14T14:26:39+00:00","dateModified":"2025-07-14T14:51:43+00:00","description":"Entdecken Sie das Meer, wie Sie es noch nie gesehen haben! Bei Luna Minoica k\u00f6nnen Sie den Nervenkitzel des Meeres aus einer einzigartigen Perspektive erleben: Mieten Sie ein SUP (Stand Up Paddle) oder ein Kajak und machen Sie sich auf, um die K\u00fcste zu entdecken, zwischen versteckten Buchten, kristallklarem Wasser und erholsamer Stille. Egal, ob Sie Anf\u00e4nger oder Enthusiast sind, unser Verleihservice direkt an unserer Badeanstalt ist f\u00fcr alle gedacht: Sichere und einfach zu bedienende Ausr\u00fcstung T\u00e4gliche oder stundenweise Verf\u00fcgbarkeit Beratung zu den sch\u00f6nsten Routen, die Sie erkunden k\u00f6nnen Entspannen Sie sich, paddeln Sie los und lassen Sie sich von den Wellen schaukeln. Eine perfekte Erfahrung f\u00fcr alle, die Sport, Natur und Ruhe in einer einzigen Aktivit\u00e4t suchen.","breadcrumb":{"@id":"https:\/\/www.lunaminoica.it\/de\/sport-und-meer\/#breadcrumb"},"inLanguage":"de-DE","potentialAction":[{"@type":"ReadAction","target":["https:\/\/www.lunaminoica.it\/de\/sport-und-meer\/"]}]},{"@type":"BreadcrumbList","@id":"https:\/\/www.lunaminoica.it\/de\/sport-und-meer\/#breadcrumb","itemListElement":[{"@type":"ListItem","position":1,"name":"Home","item":"https:\/\/www.lunaminoica.it\/de\/"},{"@type":"ListItem","position":2,"name":"Sport und Meer"}]},{"@type":"WebSite","@id":"https:\/\/www.lunaminoica.it\/de\/#website","url":"https:\/\/www.lunaminoica.it\/de\/","name":"Luna Minoica Suites & Apartments","description":"Just another ms.decms.eu site","potentialAction":[{"@type":"SearchAction","target":{"@type":"EntryPoint","urlTemplate":"https:\/\/www.lunaminoica.it\/de\/?s={search_term_string}"},"query-input":{"@type":"PropertyValueSpecification","valueRequired":true,"valueName":"search_term_string"}}],"inLanguage":"de-DE"}]}},"acf":[],"_links":{"self":[{"href":"https:\/\/www.lunaminoica.it\/de\/wp-json\/wp\/v2\/pages\/898","targetHints":{"allow":["GET"]}}],"collection":[{"href":"https:\/\/www.lunaminoica.it\/de\/wp-json\/wp\/v2\/pages"}],"about":[{"href":"https:\/\/www.lunaminoica.it\/de\/wp-json\/wp\/v2\/types\/page"}],"author":[{"embeddable":true,"href":"https:\/\/www.lunaminoica.it\/de\/wp-json\/wp\/v2\/users\/434"}],"replies":[{"embeddable":true,"href":"https:\/\/www.lunaminoica.it\/de\/wp-json\/wp\/v2\/comments?post=898"}],"version-history":[{"count":0,"href":"https:\/\/www.lunaminoica.it\/de\/wp-json\/wp\/v2\/pages\/898\/revisions"}],"wp:attachment":[{"href":"https:\/\/www.lunaminoica.it\/de\/wp-json\/wp\/v2\/media?parent=898"}],"curies":[{"name":"wp","href":"https:\/\/api.w.org\/{rel}","templated":true}]}}