{"id":836,"date":"2025-05-13T12:21:24","date_gmt":"2025-05-13T12:21:24","guid":{"rendered":"https:\/\/www.lunaminoica.it\/offerte\/tranquillity-package\/"},"modified":"2026-01-13T15:16:07","modified_gmt":"2026-01-13T15:16:07","slug":"tranquillity-package","status":"publish","type":"page","link":"https:\/\/www.lunaminoica.it\/de\/offerte\/tranquillity-package\/","title":{"rendered":"Tranquillity Package"},"content":{"rendered":"<p><strong>In Zusammenarbeit mit Comfort Zone k\u00fcmmern wir uns um Ihr psychophysisches Wohlbefinden, inspiriert von einer Vision der Sch\u00f6nheit, die Nachhaltigkeit und Ethik verbindet.<\/strong><br \/>\nDeshalb haben wir ein exklusives Paket zusammengestellt, das speziell f\u00fcr Sie konzipiert wurde.<\/p>\n<p>Das Angebot umfasst:<\/p>\n<ul>\n<li>\u00dcbernachtung in einem Superior-Zimmer f\u00fcr zwei Personen<\/li>\n<li>Reichhaltiges Fr\u00fchst\u00fccksbuffet mit s\u00fc\u00dfen und herzhaften typischen Produkten f\u00fcr einen optimalen Start in den Tag<\/li>\n<li>Ein Eintritt von 90\u2032 pro Person in das brandneue Boutique SPA<\/li>\n<li>Eine 50\u2032 Tranquillity Comfort Zone Massage pro Person<\/li>\n<\/ul>\n<p><strong>290,00 \u20ac pro Paar<\/strong><\/p>\n<p><em>Angebot g\u00fcltig vom 26. M\u00e4rz bis 30. Mai<\/em><\/p>\n<p><a href=\"https:\/\/www.secure-hotel-booking.com\/smart\/Luna-Minoica-Suites-Apartments\/\">Buchen Sie jetzt hier!<\/a><\/p>\n<p>&nbsp;<\/p>\n","protected":false},"excerpt":{"rendered":"<p>In Zusammenarbeit mit Comfort Zone k\u00fcmmern wir uns um Ihr psychophysisches Wohlbefinden, inspiriert von einer Vision der Sch\u00f6nheit, die Nachhaltigkeit und Ethik verbindet. Deshalb haben wir ein exklusives Paket zusammengestellt, das speziell f\u00fcr Sie konzipiert wurde. Das Angebot umfasst: \u00dcbernachtung in einem Superior-Zimmer f\u00fcr zwei Personen Reichhaltiges Fr\u00fchst\u00fccksbuffet mit s\u00fc\u00dfen und herzhaften typischen Produkten f\u00fcr [&hellip;]<\/p>\n","protected":false},"author":434,"featured_media":0,"parent":756,"menu_order":13,"comment_status":"closed","ping_status":"closed","template":"","meta":{"footnotes":""},"class_list":["post-836","page","type-page","status-publish","hentry"],"yoast_head":"<!-- This site is optimized with the Yoast SEO plugin v26.9 - https:\/\/yoast.com\/product\/yoast-seo-wordpress\/ -->\n<title>Tranquillity Package ~ Luna Minoica Suites &amp; Apartments ~<\/title>\n<meta name=\"description\" content=\"In Zusammenarbeit mit Comfort Zone k\u00fcmmern wir uns um Ihr psychophysisches Wohlbefinden, inspiriert von einer Vision der Sch\u00f6nheit, die Nachhaltigkeit und Ethik verbindet. Deshalb haben wir ein exklusives Paket zusammengestellt, das speziell f\u00fcr Sie konzipiert wurde.  Das Angebot umfasst:   \u00dcbernachtung in einem Superior-Zimmer f\u00fcr zwei Personen  Reichhaltiges Fr\u00fchst\u00fccksbuffet mit s\u00fc\u00dfen und herzhaften typischen Produkten f\u00fcr einen optimalen Start in den Tag  Ein Eintritt von 90\u2032 pro Person in das brandneue Boutique SPA  Eine 50\u2032 Tranquillity Comfort Zone Massage pro Person  290,00 \u20ac pro Paar  Angebot g\u00fcltig vom 26. M\u00e4rz bis 30\" \/>\n<meta name=\"robots\" content=\"index, follow, max-snippet:-1, max-image-preview:large, max-video-preview:-1\" \/>\n<link rel=\"canonical\" href=\"https:\/\/www.lunaminoica.it\/de\/offerte\/tranquillity-package\/\" \/>\n<meta property=\"og:locale\" content=\"de_DE\" \/>\n<meta property=\"og:type\" content=\"article\" \/>\n<meta property=\"og:title\" content=\"Tranquillity Package ~ Luna Minoica Suites &amp; Apartments ~\" \/>\n<meta property=\"og:description\" content=\"In Zusammenarbeit mit Comfort Zone k\u00fcmmern wir uns um Ihr psychophysisches Wohlbefinden, inspiriert von einer Vision der Sch\u00f6nheit, die Nachhaltigkeit und Ethik verbindet. Deshalb haben wir ein exklusives Paket zusammengestellt, das speziell f\u00fcr Sie konzipiert wurde.  Das Angebot umfasst:   \u00dcbernachtung in einem Superior-Zimmer f\u00fcr zwei Personen  Reichhaltiges Fr\u00fchst\u00fccksbuffet mit s\u00fc\u00dfen und herzhaften typischen Produkten f\u00fcr einen optimalen Start in den Tag  Ein Eintritt von 90\u2032 pro Person in das brandneue Boutique SPA  Eine 50\u2032 Tranquillity Comfort Zone Massage pro Person  290,00 \u20ac pro Paar  Angebot g\u00fcltig vom 26. M\u00e4rz bis 30\" \/>\n<meta property=\"og:url\" content=\"https:\/\/www.lunaminoica.it\/de\/offerte\/tranquillity-package\/\" \/>\n<meta property=\"og:site_name\" content=\"Luna Minoica Suites &amp; Apartments\" \/>\n<meta property=\"article:modified_time\" content=\"2026-01-13T15:16:07+00:00\" \/>\n<meta name=\"twitter:card\" content=\"summary_large_image\" \/>\n<meta name=\"twitter:label1\" content=\"Gesch\u00e4tzte Lesezeit\" \/>\n\t<meta name=\"twitter:data1\" content=\"1 Minute\" \/>\n<script type=\"application\/ld+json\" class=\"yoast-schema-graph\">{\"@context\":\"https:\/\/schema.org\",\"@graph\":[{\"@type\":\"WebPage\",\"@id\":\"https:\/\/www.lunaminoica.it\/de\/offerte\/tranquillity-package\/\",\"url\":\"https:\/\/www.lunaminoica.it\/de\/offerte\/tranquillity-package\/\",\"name\":\"Tranquillity Package ~ Luna Minoica Suites & Apartments ~\",\"isPartOf\":{\"@id\":\"https:\/\/www.lunaminoica.it\/de\/#website\"},\"datePublished\":\"2025-05-13T12:21:24+00:00\",\"dateModified\":\"2026-01-13T15:16:07+00:00\",\"description\":\"In Zusammenarbeit mit Comfort Zone k\u00fcmmern wir uns um Ihr psychophysisches Wohlbefinden, inspiriert von einer Vision der Sch\u00f6nheit, die Nachhaltigkeit und Ethik verbindet. Deshalb haben wir ein exklusives Paket zusammengestellt, das speziell f\u00fcr Sie konzipiert wurde. Das Angebot umfasst: \u2022 \u00dcbernachtung in einem Superior-Zimmer f\u00fcr zwei Personen \u2022 Reichhaltiges Fr\u00fchst\u00fccksbuffet mit s\u00fc\u00dfen und herzhaften typischen Produkten f\u00fcr einen optimalen Start in den Tag \u2022 Ein Eintritt von 90\u2032 pro Person in das brandneue Boutique SPA \u2022 Eine 50\u2032 Tranquillity Comfort Zone Massage pro Person 290,00 \u20ac pro Paar Angebot g\u00fcltig vom 26. M\u00e4rz bis 30\",\"breadcrumb\":{\"@id\":\"https:\/\/www.lunaminoica.it\/de\/offerte\/tranquillity-package\/#breadcrumb\"},\"inLanguage\":\"de-DE\",\"potentialAction\":[{\"@type\":\"ReadAction\",\"target\":[\"https:\/\/www.lunaminoica.it\/de\/offerte\/tranquillity-package\/\"]}]},{\"@type\":\"BreadcrumbList\",\"@id\":\"https:\/\/www.lunaminoica.it\/de\/offerte\/tranquillity-package\/#breadcrumb\",\"itemListElement\":[{\"@type\":\"ListItem\",\"position\":1,\"name\":\"Home\",\"item\":\"https:\/\/www.lunaminoica.it\/de\/\"},{\"@type\":\"ListItem\",\"position\":2,\"name\":\"Angebote\",\"item\":\"https:\/\/www.lunaminoica.it\/de\/offerte\/\"},{\"@type\":\"ListItem\",\"position\":3,\"name\":\"Tranquillity Package\"}]},{\"@type\":\"WebSite\",\"@id\":\"https:\/\/www.lunaminoica.it\/de\/#website\",\"url\":\"https:\/\/www.lunaminoica.it\/de\/\",\"name\":\"Luna Minoica Suites & Apartments\",\"description\":\"Just another ms.decms.eu site\",\"potentialAction\":[{\"@type\":\"SearchAction\",\"target\":{\"@type\":\"EntryPoint\",\"urlTemplate\":\"https:\/\/www.lunaminoica.it\/de\/?s={search_term_string}\"},\"query-input\":{\"@type\":\"PropertyValueSpecification\",\"valueRequired\":true,\"valueName\":\"search_term_string\"}}],\"inLanguage\":\"de-DE\"}]}<\/script>\n<!-- \/ Yoast SEO plugin. -->","yoast_head_json":{"title":"Tranquillity Package ~ Luna Minoica Suites & Apartments ~","description":"In Zusammenarbeit mit Comfort Zone k\u00fcmmern wir uns um Ihr psychophysisches Wohlbefinden, inspiriert von einer Vision der Sch\u00f6nheit, die Nachhaltigkeit und Ethik verbindet. Deshalb haben wir ein exklusives Paket zusammengestellt, das speziell f\u00fcr Sie konzipiert wurde.  Das Angebot umfasst:   \u00dcbernachtung in einem Superior-Zimmer f\u00fcr zwei Personen  Reichhaltiges Fr\u00fchst\u00fccksbuffet mit s\u00fc\u00dfen und herzhaften typischen Produkten f\u00fcr einen optimalen Start in den Tag  Ein Eintritt von 90\u2032 pro Person in das brandneue Boutique SPA  Eine 50\u2032 Tranquillity Comfort Zone Massage pro Person  290,00 \u20ac pro Paar  Angebot g\u00fcltig vom 26. M\u00e4rz bis 30","robots":{"index":"index","follow":"follow","max-snippet":"max-snippet:-1","max-image-preview":"max-image-preview:large","max-video-preview":"max-video-preview:-1"},"canonical":"https:\/\/www.lunaminoica.it\/de\/offerte\/tranquillity-package\/","og_locale":"de_DE","og_type":"article","og_title":"Tranquillity Package ~ Luna Minoica Suites & Apartments ~","og_description":"In Zusammenarbeit mit Comfort Zone k\u00fcmmern wir uns um Ihr psychophysisches Wohlbefinden, inspiriert von einer Vision der Sch\u00f6nheit, die Nachhaltigkeit und Ethik verbindet. Deshalb haben wir ein exklusives Paket zusammengestellt, das speziell f\u00fcr Sie konzipiert wurde.  Das Angebot umfasst:   \u00dcbernachtung in einem Superior-Zimmer f\u00fcr zwei Personen  Reichhaltiges Fr\u00fchst\u00fccksbuffet mit s\u00fc\u00dfen und herzhaften typischen Produkten f\u00fcr einen optimalen Start in den Tag  Ein Eintritt von 90\u2032 pro Person in das brandneue Boutique SPA  Eine 50\u2032 Tranquillity Comfort Zone Massage pro Person  290,00 \u20ac pro Paar  Angebot g\u00fcltig vom 26. M\u00e4rz bis 30","og_url":"https:\/\/www.lunaminoica.it\/de\/offerte\/tranquillity-package\/","og_site_name":"Luna Minoica Suites & Apartments","article_modified_time":"2026-01-13T15:16:07+00:00","twitter_card":"summary_large_image","twitter_misc":{"Gesch\u00e4tzte Lesezeit":"1 Minute"},"schema":{"@context":"https:\/\/schema.org","@graph":[{"@type":"WebPage","@id":"https:\/\/www.lunaminoica.it\/de\/offerte\/tranquillity-package\/","url":"https:\/\/www.lunaminoica.it\/de\/offerte\/tranquillity-package\/","name":"Tranquillity Package ~ Luna Minoica Suites & Apartments ~","isPartOf":{"@id":"https:\/\/www.lunaminoica.it\/de\/#website"},"datePublished":"2025-05-13T12:21:24+00:00","dateModified":"2026-01-13T15:16:07+00:00","description":"In Zusammenarbeit mit Comfort Zone k\u00fcmmern wir uns um Ihr psychophysisches Wohlbefinden, inspiriert von einer Vision der Sch\u00f6nheit, die Nachhaltigkeit und Ethik verbindet. Deshalb haben wir ein exklusives Paket zusammengestellt, das speziell f\u00fcr Sie konzipiert wurde. Das Angebot umfasst: \u2022 \u00dcbernachtung in einem Superior-Zimmer f\u00fcr zwei Personen \u2022 Reichhaltiges Fr\u00fchst\u00fccksbuffet mit s\u00fc\u00dfen und herzhaften typischen Produkten f\u00fcr einen optimalen Start in den Tag \u2022 Ein Eintritt von 90\u2032 pro Person in das brandneue Boutique SPA \u2022 Eine 50\u2032 Tranquillity Comfort Zone Massage pro Person 290,00 \u20ac pro Paar Angebot g\u00fcltig vom 26. M\u00e4rz bis 30","breadcrumb":{"@id":"https:\/\/www.lunaminoica.it\/de\/offerte\/tranquillity-package\/#breadcrumb"},"inLanguage":"de-DE","potentialAction":[{"@type":"ReadAction","target":["https:\/\/www.lunaminoica.it\/de\/offerte\/tranquillity-package\/"]}]},{"@type":"BreadcrumbList","@id":"https:\/\/www.lunaminoica.it\/de\/offerte\/tranquillity-package\/#breadcrumb","itemListElement":[{"@type":"ListItem","position":1,"name":"Home","item":"https:\/\/www.lunaminoica.it\/de\/"},{"@type":"ListItem","position":2,"name":"Angebote","item":"https:\/\/www.lunaminoica.it\/de\/offerte\/"},{"@type":"ListItem","position":3,"name":"Tranquillity Package"}]},{"@type":"WebSite","@id":"https:\/\/www.lunaminoica.it\/de\/#website","url":"https:\/\/www.lunaminoica.it\/de\/","name":"Luna Minoica Suites & Apartments","description":"Just another ms.decms.eu site","potentialAction":[{"@type":"SearchAction","target":{"@type":"EntryPoint","urlTemplate":"https:\/\/www.lunaminoica.it\/de\/?s={search_term_string}"},"query-input":{"@type":"PropertyValueSpecification","valueRequired":true,"valueName":"search_term_string"}}],"inLanguage":"de-DE"}]}},"acf":[],"_links":{"self":[{"href":"https:\/\/www.lunaminoica.it\/de\/wp-json\/wp\/v2\/pages\/836","targetHints":{"allow":["GET"]}}],"collection":[{"href":"https:\/\/www.lunaminoica.it\/de\/wp-json\/wp\/v2\/pages"}],"about":[{"href":"https:\/\/www.lunaminoica.it\/de\/wp-json\/wp\/v2\/types\/page"}],"author":[{"embeddable":true,"href":"https:\/\/www.lunaminoica.it\/de\/wp-json\/wp\/v2\/users\/434"}],"replies":[{"embeddable":true,"href":"https:\/\/www.lunaminoica.it\/de\/wp-json\/wp\/v2\/comments?post=836"}],"version-history":[{"count":0,"href":"https:\/\/www.lunaminoica.it\/de\/wp-json\/wp\/v2\/pages\/836\/revisions"}],"up":[{"embeddable":true,"href":"https:\/\/www.lunaminoica.it\/de\/wp-json\/wp\/v2\/pages\/756"}],"wp:attachment":[{"href":"https:\/\/www.lunaminoica.it\/de\/wp-json\/wp\/v2\/media?parent=836"}],"curies":[{"name":"wp","href":"https:\/\/api.w.org\/{rel}","templated":true}]}}