{"id":77,"date":"2022-03-07T15:31:25","date_gmt":"2022-03-07T15:31:25","guid":{"rendered":"https:\/\/luna-minoica.ms.decms.eu\/?page_id=77"},"modified":"2022-03-25T10:53:40","modified_gmt":"2022-03-25T10:53:40","slug":"junior-suite","status":"publish","type":"page","link":"https:\/\/www.lunaminoica.it\/de\/zimmer\/junior-suite\/","title":{"rendered":"Junior Suite"},"content":{"rendered":"<p>Die einladenden und ger\u00e4umigen Junior Suiten werden Ihre Familie in einer <strong>komfortablen Umgebung mit Liebe zum kleinsten Detail willkommen hei\u00dfen<\/strong>.<\/p>\n<p>Der Raum ist mit einer Tee- und Kaffeestation und einem Ruhebereich ausgestattet.<\/p>\n<p>Der gro\u00dfe Au\u00dfenbereich mit Blick auf unseren mediterranen Garten ist mit Designer-Lounges ausgestattet, die sich perfekt f\u00fcr Ihren Aperitif bei Sonnenuntergang eignen.<\/p>\n","protected":false},"excerpt":{"rendered":"<p>Die einladenden und ger\u00e4umigen Junior Suiten werden Ihre Familie in einer komfortablen Umgebung mit Liebe zum kleinsten Detail willkommen hei\u00dfen. Der Raum ist mit einer Tee- und Kaffeestation und einem Ruhebereich ausgestattet. Der gro\u00dfe Au\u00dfenbereich mit Blick auf unseren mediterranen Garten ist mit Designer-Lounges ausgestattet, die sich perfekt f\u00fcr Ihren Aperitif bei Sonnenuntergang eignen.<\/p>\n","protected":false},"author":7,"featured_media":0,"parent":41,"menu_order":4,"comment_status":"closed","ping_status":"closed","template":"template-single-room.php","meta":{"footnotes":""},"class_list":["post-77","page","type-page","status-publish","hentry"],"yoast_head":"<!-- This site is optimized with the Yoast SEO plugin v26.9 - https:\/\/yoast.com\/product\/yoast-seo-wordpress\/ -->\n<title>Junior Suite ~ Luna Minoica Suites &amp; Apartments ~<\/title>\n<meta name=\"description\" content=\"Die einladenden und ger\u00e4umigen Junior Suiten werden Ihre Familie in einer komfortablen Umgebung mit Liebe zum kleinsten Detail willkommen hei\u00dfen.  Der Raum ist mit einer Tee- und Kaffeestation und einem Ruhebereich ausgestattet.  Der gro\u00dfe Au\u00dfenbereich mit Blick auf unseren mediterranen Garten ist mit Designer-Lounges ausgestattet, die sich perfekt f\u00fcr Ihren Aperitif bei Sonnenuntergang eignen..\" \/>\n<meta name=\"robots\" content=\"index, follow, max-snippet:-1, max-image-preview:large, max-video-preview:-1\" \/>\n<link rel=\"canonical\" href=\"https:\/\/www.lunaminoica.it\/de\/zimmer\/junior-suite\/\" \/>\n<meta property=\"og:locale\" content=\"de_DE\" \/>\n<meta property=\"og:type\" content=\"article\" \/>\n<meta property=\"og:title\" content=\"Junior Suite ~ Luna Minoica Suites &amp; Apartments ~\" \/>\n<meta property=\"og:description\" content=\"Die einladenden und ger\u00e4umigen Junior Suiten werden Ihre Familie in einer komfortablen Umgebung mit Liebe zum kleinsten Detail willkommen hei\u00dfen.  Der Raum ist mit einer Tee- und Kaffeestation und einem Ruhebereich ausgestattet.  Der gro\u00dfe Au\u00dfenbereich mit Blick auf unseren mediterranen Garten ist mit Designer-Lounges ausgestattet, die sich perfekt f\u00fcr Ihren Aperitif bei Sonnenuntergang eignen..\" \/>\n<meta property=\"og:url\" content=\"https:\/\/www.lunaminoica.it\/de\/zimmer\/junior-suite\/\" \/>\n<meta property=\"og:site_name\" content=\"Luna Minoica Suites &amp; Apartments\" \/>\n<meta property=\"article:modified_time\" content=\"2022-03-25T10:53:40+00:00\" \/>\n<meta name=\"twitter:card\" content=\"summary_large_image\" \/>\n<meta name=\"twitter:label1\" content=\"Gesch\u00e4tzte Lesezeit\" \/>\n\t<meta name=\"twitter:data1\" content=\"1 Minute\" \/>\n<script type=\"application\/ld+json\" class=\"yoast-schema-graph\">{\"@context\":\"https:\/\/schema.org\",\"@graph\":[{\"@type\":\"WebPage\",\"@id\":\"https:\/\/www.lunaminoica.it\/de\/zimmer\/junior-suite\/\",\"url\":\"https:\/\/www.lunaminoica.it\/de\/zimmer\/junior-suite\/\",\"name\":\"Junior Suite ~ Luna Minoica Suites & Apartments ~\",\"isPartOf\":{\"@id\":\"https:\/\/www.lunaminoica.it\/de\/#website\"},\"datePublished\":\"2022-03-07T15:31:25+00:00\",\"dateModified\":\"2022-03-25T10:53:40+00:00\",\"description\":\"Die einladenden und ger\u00e4umigen Junior Suiten werden Ihre Familie in einer komfortablen Umgebung mit Liebe zum kleinsten Detail willkommen hei\u00dfen. Der Raum ist mit einer Tee- und Kaffeestation und einem Ruhebereich ausgestattet. Der gro\u00dfe Au\u00dfenbereich mit Blick auf unseren mediterranen Garten ist mit Designer-Lounges ausgestattet, die sich perfekt f\u00fcr Ihren Aperitif bei Sonnenuntergang eignen..\",\"breadcrumb\":{\"@id\":\"https:\/\/www.lunaminoica.it\/de\/zimmer\/junior-suite\/#breadcrumb\"},\"inLanguage\":\"de-DE\",\"potentialAction\":[{\"@type\":\"ReadAction\",\"target\":[\"https:\/\/www.lunaminoica.it\/de\/zimmer\/junior-suite\/\"]}]},{\"@type\":\"BreadcrumbList\",\"@id\":\"https:\/\/www.lunaminoica.it\/de\/zimmer\/junior-suite\/#breadcrumb\",\"itemListElement\":[{\"@type\":\"ListItem\",\"position\":1,\"name\":\"Home\",\"item\":\"https:\/\/www.lunaminoica.it\/de\/\"},{\"@type\":\"ListItem\",\"position\":2,\"name\":\"Zimmer\",\"item\":\"https:\/\/www.lunaminoica.it\/de\/zimmer\/\"},{\"@type\":\"ListItem\",\"position\":3,\"name\":\"Junior Suite\"}]},{\"@type\":\"WebSite\",\"@id\":\"https:\/\/www.lunaminoica.it\/de\/#website\",\"url\":\"https:\/\/www.lunaminoica.it\/de\/\",\"name\":\"Luna Minoica Suites & Apartments\",\"description\":\"Just another ms.decms.eu site\",\"potentialAction\":[{\"@type\":\"SearchAction\",\"target\":{\"@type\":\"EntryPoint\",\"urlTemplate\":\"https:\/\/www.lunaminoica.it\/de\/?s={search_term_string}\"},\"query-input\":{\"@type\":\"PropertyValueSpecification\",\"valueRequired\":true,\"valueName\":\"search_term_string\"}}],\"inLanguage\":\"de-DE\"}]}<\/script>\n<!-- \/ Yoast SEO plugin. -->","yoast_head_json":{"title":"Junior Suite ~ Luna Minoica Suites & Apartments ~","description":"Die einladenden und ger\u00e4umigen Junior Suiten werden Ihre Familie in einer komfortablen Umgebung mit Liebe zum kleinsten Detail willkommen hei\u00dfen.  Der Raum ist mit einer Tee- und Kaffeestation und einem Ruhebereich ausgestattet.  Der gro\u00dfe Au\u00dfenbereich mit Blick auf unseren mediterranen Garten ist mit Designer-Lounges ausgestattet, die sich perfekt f\u00fcr Ihren Aperitif bei Sonnenuntergang eignen..","robots":{"index":"index","follow":"follow","max-snippet":"max-snippet:-1","max-image-preview":"max-image-preview:large","max-video-preview":"max-video-preview:-1"},"canonical":"https:\/\/www.lunaminoica.it\/de\/zimmer\/junior-suite\/","og_locale":"de_DE","og_type":"article","og_title":"Junior Suite ~ Luna Minoica Suites & Apartments ~","og_description":"Die einladenden und ger\u00e4umigen Junior Suiten werden Ihre Familie in einer komfortablen Umgebung mit Liebe zum kleinsten Detail willkommen hei\u00dfen.  Der Raum ist mit einer Tee- und Kaffeestation und einem Ruhebereich ausgestattet.  Der gro\u00dfe Au\u00dfenbereich mit Blick auf unseren mediterranen Garten ist mit Designer-Lounges ausgestattet, die sich perfekt f\u00fcr Ihren Aperitif bei Sonnenuntergang eignen..","og_url":"https:\/\/www.lunaminoica.it\/de\/zimmer\/junior-suite\/","og_site_name":"Luna Minoica Suites & Apartments","article_modified_time":"2022-03-25T10:53:40+00:00","twitter_card":"summary_large_image","twitter_misc":{"Gesch\u00e4tzte Lesezeit":"1 Minute"},"schema":{"@context":"https:\/\/schema.org","@graph":[{"@type":"WebPage","@id":"https:\/\/www.lunaminoica.it\/de\/zimmer\/junior-suite\/","url":"https:\/\/www.lunaminoica.it\/de\/zimmer\/junior-suite\/","name":"Junior Suite ~ Luna Minoica Suites & Apartments ~","isPartOf":{"@id":"https:\/\/www.lunaminoica.it\/de\/#website"},"datePublished":"2022-03-07T15:31:25+00:00","dateModified":"2022-03-25T10:53:40+00:00","description":"Die einladenden und ger\u00e4umigen Junior Suiten werden Ihre Familie in einer komfortablen Umgebung mit Liebe zum kleinsten Detail willkommen hei\u00dfen. Der Raum ist mit einer Tee- und Kaffeestation und einem Ruhebereich ausgestattet. Der gro\u00dfe Au\u00dfenbereich mit Blick auf unseren mediterranen Garten ist mit Designer-Lounges ausgestattet, die sich perfekt f\u00fcr Ihren Aperitif bei Sonnenuntergang eignen..","breadcrumb":{"@id":"https:\/\/www.lunaminoica.it\/de\/zimmer\/junior-suite\/#breadcrumb"},"inLanguage":"de-DE","potentialAction":[{"@type":"ReadAction","target":["https:\/\/www.lunaminoica.it\/de\/zimmer\/junior-suite\/"]}]},{"@type":"BreadcrumbList","@id":"https:\/\/www.lunaminoica.it\/de\/zimmer\/junior-suite\/#breadcrumb","itemListElement":[{"@type":"ListItem","position":1,"name":"Home","item":"https:\/\/www.lunaminoica.it\/de\/"},{"@type":"ListItem","position":2,"name":"Zimmer","item":"https:\/\/www.lunaminoica.it\/de\/zimmer\/"},{"@type":"ListItem","position":3,"name":"Junior Suite"}]},{"@type":"WebSite","@id":"https:\/\/www.lunaminoica.it\/de\/#website","url":"https:\/\/www.lunaminoica.it\/de\/","name":"Luna Minoica Suites & Apartments","description":"Just another ms.decms.eu site","potentialAction":[{"@type":"SearchAction","target":{"@type":"EntryPoint","urlTemplate":"https:\/\/www.lunaminoica.it\/de\/?s={search_term_string}"},"query-input":{"@type":"PropertyValueSpecification","valueRequired":true,"valueName":"search_term_string"}}],"inLanguage":"de-DE"}]}},"acf":[],"_links":{"self":[{"href":"https:\/\/www.lunaminoica.it\/de\/wp-json\/wp\/v2\/pages\/77","targetHints":{"allow":["GET"]}}],"collection":[{"href":"https:\/\/www.lunaminoica.it\/de\/wp-json\/wp\/v2\/pages"}],"about":[{"href":"https:\/\/www.lunaminoica.it\/de\/wp-json\/wp\/v2\/types\/page"}],"author":[{"embeddable":true,"href":"https:\/\/www.lunaminoica.it\/de\/wp-json\/wp\/v2\/users\/7"}],"replies":[{"embeddable":true,"href":"https:\/\/www.lunaminoica.it\/de\/wp-json\/wp\/v2\/comments?post=77"}],"version-history":[{"count":0,"href":"https:\/\/www.lunaminoica.it\/de\/wp-json\/wp\/v2\/pages\/77\/revisions"}],"up":[{"embeddable":true,"href":"https:\/\/www.lunaminoica.it\/de\/wp-json\/wp\/v2\/pages\/41"}],"wp:attachment":[{"href":"https:\/\/www.lunaminoica.it\/de\/wp-json\/wp\/v2\/media?parent=77"}],"curies":[{"name":"wp","href":"https:\/\/api.w.org\/{rel}","templated":true}]}}