{"id":694,"date":"2024-04-19T16:54:21","date_gmt":"2024-04-19T16:54:21","guid":{"rendered":"https:\/\/www.lunaminoica.it\/spa\/"},"modified":"2025-10-29T15:10:45","modified_gmt":"2025-10-29T15:10:45","slug":"spa","status":"publish","type":"page","link":"https:\/\/www.lunaminoica.it\/de\/spa\/","title":{"rendered":"BOUTIQUE SPA"},"content":{"rendered":"<p style=\"text-align: center\" data-start=\"182\" data-end=\"266\">W\u00e4rme und K\u00e4lte als belebende Kontraste<\/p>\n<p style=\"text-align: center\" data-start=\"182\" data-end=\"266\">In unserem Boutique-Spa entdecken K\u00f6rper und Seele den wahren Luxus der Entspannung.<\/p>\n<p data-start=\"268\" data-end=\"598\">Tauchen Sie ein in eine Oase der Ruhe und Regeneration in unserem Hotel: Unser exklusives SPA ist der ideale Ort, um Balance und Harmonie wiederzufinden. In einer eleganten und entspannenden Atmosph\u00e4re k\u00f6nnen Sie sich dem Genuss regenerierender Behandlungen, individueller Massagen und ma\u00dfgeschneiderter Wellness-Rituale hingeben.<\/p>\n<p data-start=\"600\" data-end=\"1066\">Dank unserer renommierten Partnerschaft mit <strong data-start=\"644\" data-end=\"660\">Comfort Zone<\/strong> \u2013 einer f\u00fchrenden italienischen Marke im Bereich der professionellen Hautpflege und des Wohlbefindens \u2013 verwenden wir ausschlie\u00dflich hochwertige Produkte, die mit nat\u00fcrlichen und nachhaltigen Inhaltsstoffen formuliert sind. Jede Behandlung ist darauf ausgerichtet, sichtbare Ergebnisse zu erzielen und ein tiefes, sinnliches Erlebnis zu bieten \u2013 im perfekten Gleichgewicht zwischen Wissenschaft und Natur.<\/p>\n<p data-start=\"1068\" data-end=\"1450\">Von der Sauna bis zum t\u00fcrkischen Bad, von der Erlebnisdusche bis zum Ruhebereich mit Kr\u00e4utertees \u2013 jedes Detail ist darauf abgestimmt, Ihnen ein ganzheitliches Wohlf\u00fchlerlebnis zu schenken. Unsere erfahrenen Therapeuten beraten Sie gerne bei der Auswahl der f\u00fcr Sie passenden Anwendungen: ob entspannend, entkrampfend, entschlackend oder multisensorisch \u2013 lassen Sie sich verw\u00f6hnen.<\/p>\n<p data-start=\"1452\" data-end=\"1613\">G\u00f6nnen Sie sich einen Moment ganz f\u00fcr sich: Lassen Sie sich verw\u00f6hnen und erleben Sie pure Entspannung in unserem Wellnessbereich mit Produkten von Comfort Zone.<\/p>\n<p data-start=\"1452\" data-end=\"1613\">\n<p style=\"text-align: center\" data-start=\"1452\" data-end=\"1613\">Kontaktieren Sie unser Boutique SPA direkt unter der E-Mail-Adresse: <strong><a class=\"decorated-link cursor-pointer\" rel=\"noopener\" data-start=\"69\" data-end=\"95\" data-is-last-node=\"\">boutiquespa@lunaminoica.it<\/a><\/strong><\/p>\n","protected":false},"excerpt":{"rendered":"<p>W\u00e4rme und K\u00e4lte als belebende Kontraste In unserem Boutique-Spa entdecken K\u00f6rper und Seele den wahren Luxus der Entspannung. Tauchen Sie ein in eine Oase der Ruhe und Regeneration in unserem Hotel: Unser exklusives SPA ist der ideale Ort, um Balance und Harmonie wiederzufinden. In einer eleganten und entspannenden Atmosph\u00e4re k\u00f6nnen Sie sich dem Genuss regenerierender [&hellip;]<\/p>\n","protected":false},"author":434,"featured_media":0,"parent":0,"menu_order":0,"comment_status":"closed","ping_status":"closed","template":"template-spa.php","meta":{"footnotes":""},"class_list":["post-694","page","type-page","status-publish","hentry"],"yoast_head":"<!-- This site is optimized with the Yoast SEO plugin v26.9 - https:\/\/yoast.com\/product\/yoast-seo-wordpress\/ -->\n<title>BOUTIQUE SPA ~ Luna Minoica Suites &amp; Apartments ~<\/title>\n<meta name=\"description\" content=\"W\u00e4rme und K\u00e4lte als belebende Kontraste In unserem Boutique-Spa entdecken K\u00f6rper und Seele den wahren Luxus der Entspannung. Tauchen Sie ein in eine Oase der Ruhe und Regeneration in unserem Hotel: Unser exklusives SPA ist der ideale Ort, um Balance und Harmonie wiederzufinden. In einer eleganten und entspannenden Atmosph\u00e4re k\u00f6nnen Sie sich dem Genuss regenerierender Behandlungen, individueller Massagen und ma\u00dfgeschneiderter Wellness-Rituale hingeben. Dank unserer renommierten Partnerschaft mit Comfort Zone \u2013 einer f\u00fchrenden italienischen Marke im Bereich der professionellen Hautpflege und des Wohlbefindens \u2013 verwenden wir ausschlie\u00dflich hochwertige Produkte, die mit nat\u00fcrlichen und nachhaltigen Inhaltsstoffen formuliert sind\" \/>\n<meta name=\"robots\" content=\"index, follow, max-snippet:-1, max-image-preview:large, max-video-preview:-1\" \/>\n<link rel=\"canonical\" href=\"https:\/\/www.lunaminoica.it\/de\/spa\/\" \/>\n<meta property=\"og:locale\" content=\"de_DE\" \/>\n<meta property=\"og:type\" content=\"article\" \/>\n<meta property=\"og:title\" content=\"BOUTIQUE SPA ~ Luna Minoica Suites &amp; Apartments ~\" \/>\n<meta property=\"og:description\" content=\"W\u00e4rme und K\u00e4lte als belebende Kontraste In unserem Boutique-Spa entdecken K\u00f6rper und Seele den wahren Luxus der Entspannung. Tauchen Sie ein in eine Oase der Ruhe und Regeneration in unserem Hotel: Unser exklusives SPA ist der ideale Ort, um Balance und Harmonie wiederzufinden. In einer eleganten und entspannenden Atmosph\u00e4re k\u00f6nnen Sie sich dem Genuss regenerierender Behandlungen, individueller Massagen und ma\u00dfgeschneiderter Wellness-Rituale hingeben. Dank unserer renommierten Partnerschaft mit Comfort Zone \u2013 einer f\u00fchrenden italienischen Marke im Bereich der professionellen Hautpflege und des Wohlbefindens \u2013 verwenden wir ausschlie\u00dflich hochwertige Produkte, die mit nat\u00fcrlichen und nachhaltigen Inhaltsstoffen formuliert sind\" \/>\n<meta property=\"og:url\" content=\"https:\/\/www.lunaminoica.it\/de\/spa\/\" \/>\n<meta property=\"og:site_name\" content=\"Luna Minoica Suites &amp; Apartments\" \/>\n<meta property=\"article:modified_time\" content=\"2025-10-29T15:10:45+00:00\" \/>\n<meta name=\"twitter:card\" content=\"summary_large_image\" \/>\n<meta name=\"twitter:label1\" content=\"Gesch\u00e4tzte Lesezeit\" \/>\n\t<meta name=\"twitter:data1\" content=\"2 Minuten\" \/>\n<script type=\"application\/ld+json\" class=\"yoast-schema-graph\">{\"@context\":\"https:\/\/schema.org\",\"@graph\":[{\"@type\":\"WebPage\",\"@id\":\"https:\/\/www.lunaminoica.it\/de\/spa\/\",\"url\":\"https:\/\/www.lunaminoica.it\/de\/spa\/\",\"name\":\"BOUTIQUE SPA ~ Luna Minoica Suites & Apartments ~\",\"isPartOf\":{\"@id\":\"https:\/\/www.lunaminoica.it\/de\/#website\"},\"datePublished\":\"2024-04-19T16:54:21+00:00\",\"dateModified\":\"2025-10-29T15:10:45+00:00\",\"description\":\"W\u00e4rme und K\u00e4lte als belebende Kontraste In unserem Boutique-Spa entdecken K\u00f6rper und Seele den wahren Luxus der Entspannung. Tauchen Sie ein in eine Oase der Ruhe und Regeneration in unserem Hotel: Unser exklusives SPA ist der ideale Ort, um Balance und Harmonie wiederzufinden. In einer eleganten und entspannenden Atmosph\u00e4re k\u00f6nnen Sie sich dem Genuss regenerierender Behandlungen, individueller Massagen und ma\u00dfgeschneiderter Wellness-Rituale hingeben. Dank unserer renommierten Partnerschaft mit Comfort Zone \u2013 einer f\u00fchrenden italienischen Marke im Bereich der professionellen Hautpflege und des Wohlbefindens \u2013 verwenden wir ausschlie\u00dflich hochwertige Produkte, die mit nat\u00fcrlichen und nachhaltigen Inhaltsstoffen formuliert sind\",\"breadcrumb\":{\"@id\":\"https:\/\/www.lunaminoica.it\/de\/spa\/#breadcrumb\"},\"inLanguage\":\"de-DE\",\"potentialAction\":[{\"@type\":\"ReadAction\",\"target\":[\"https:\/\/www.lunaminoica.it\/de\/spa\/\"]}]},{\"@type\":\"BreadcrumbList\",\"@id\":\"https:\/\/www.lunaminoica.it\/de\/spa\/#breadcrumb\",\"itemListElement\":[{\"@type\":\"ListItem\",\"position\":1,\"name\":\"Home\",\"item\":\"https:\/\/www.lunaminoica.it\/de\/\"},{\"@type\":\"ListItem\",\"position\":2,\"name\":\"BOUTIQUE SPA\"}]},{\"@type\":\"WebSite\",\"@id\":\"https:\/\/www.lunaminoica.it\/de\/#website\",\"url\":\"https:\/\/www.lunaminoica.it\/de\/\",\"name\":\"Luna Minoica Suites & Apartments\",\"description\":\"Just another ms.decms.eu site\",\"potentialAction\":[{\"@type\":\"SearchAction\",\"target\":{\"@type\":\"EntryPoint\",\"urlTemplate\":\"https:\/\/www.lunaminoica.it\/de\/?s={search_term_string}\"},\"query-input\":{\"@type\":\"PropertyValueSpecification\",\"valueRequired\":true,\"valueName\":\"search_term_string\"}}],\"inLanguage\":\"de-DE\"}]}<\/script>\n<!-- \/ Yoast SEO plugin. -->","yoast_head_json":{"title":"BOUTIQUE SPA ~ Luna Minoica Suites & Apartments ~","description":"W\u00e4rme und K\u00e4lte als belebende Kontraste In unserem Boutique-Spa entdecken K\u00f6rper und Seele den wahren Luxus der Entspannung. Tauchen Sie ein in eine Oase der Ruhe und Regeneration in unserem Hotel: Unser exklusives SPA ist der ideale Ort, um Balance und Harmonie wiederzufinden. In einer eleganten und entspannenden Atmosph\u00e4re k\u00f6nnen Sie sich dem Genuss regenerierender Behandlungen, individueller Massagen und ma\u00dfgeschneiderter Wellness-Rituale hingeben. Dank unserer renommierten Partnerschaft mit Comfort Zone \u2013 einer f\u00fchrenden italienischen Marke im Bereich der professionellen Hautpflege und des Wohlbefindens \u2013 verwenden wir ausschlie\u00dflich hochwertige Produkte, die mit nat\u00fcrlichen und nachhaltigen Inhaltsstoffen formuliert sind","robots":{"index":"index","follow":"follow","max-snippet":"max-snippet:-1","max-image-preview":"max-image-preview:large","max-video-preview":"max-video-preview:-1"},"canonical":"https:\/\/www.lunaminoica.it\/de\/spa\/","og_locale":"de_DE","og_type":"article","og_title":"BOUTIQUE SPA ~ Luna Minoica Suites & Apartments ~","og_description":"W\u00e4rme und K\u00e4lte als belebende Kontraste In unserem Boutique-Spa entdecken K\u00f6rper und Seele den wahren Luxus der Entspannung. Tauchen Sie ein in eine Oase der Ruhe und Regeneration in unserem Hotel: Unser exklusives SPA ist der ideale Ort, um Balance und Harmonie wiederzufinden. In einer eleganten und entspannenden Atmosph\u00e4re k\u00f6nnen Sie sich dem Genuss regenerierender Behandlungen, individueller Massagen und ma\u00dfgeschneiderter Wellness-Rituale hingeben. Dank unserer renommierten Partnerschaft mit Comfort Zone \u2013 einer f\u00fchrenden italienischen Marke im Bereich der professionellen Hautpflege und des Wohlbefindens \u2013 verwenden wir ausschlie\u00dflich hochwertige Produkte, die mit nat\u00fcrlichen und nachhaltigen Inhaltsstoffen formuliert sind","og_url":"https:\/\/www.lunaminoica.it\/de\/spa\/","og_site_name":"Luna Minoica Suites & Apartments","article_modified_time":"2025-10-29T15:10:45+00:00","twitter_card":"summary_large_image","twitter_misc":{"Gesch\u00e4tzte Lesezeit":"2 Minuten"},"schema":{"@context":"https:\/\/schema.org","@graph":[{"@type":"WebPage","@id":"https:\/\/www.lunaminoica.it\/de\/spa\/","url":"https:\/\/www.lunaminoica.it\/de\/spa\/","name":"BOUTIQUE SPA ~ Luna Minoica Suites & Apartments ~","isPartOf":{"@id":"https:\/\/www.lunaminoica.it\/de\/#website"},"datePublished":"2024-04-19T16:54:21+00:00","dateModified":"2025-10-29T15:10:45+00:00","description":"W\u00e4rme und K\u00e4lte als belebende Kontraste In unserem Boutique-Spa entdecken K\u00f6rper und Seele den wahren Luxus der Entspannung. Tauchen Sie ein in eine Oase der Ruhe und Regeneration in unserem Hotel: Unser exklusives SPA ist der ideale Ort, um Balance und Harmonie wiederzufinden. In einer eleganten und entspannenden Atmosph\u00e4re k\u00f6nnen Sie sich dem Genuss regenerierender Behandlungen, individueller Massagen und ma\u00dfgeschneiderter Wellness-Rituale hingeben. Dank unserer renommierten Partnerschaft mit Comfort Zone \u2013 einer f\u00fchrenden italienischen Marke im Bereich der professionellen Hautpflege und des Wohlbefindens \u2013 verwenden wir ausschlie\u00dflich hochwertige Produkte, die mit nat\u00fcrlichen und nachhaltigen Inhaltsstoffen formuliert sind","breadcrumb":{"@id":"https:\/\/www.lunaminoica.it\/de\/spa\/#breadcrumb"},"inLanguage":"de-DE","potentialAction":[{"@type":"ReadAction","target":["https:\/\/www.lunaminoica.it\/de\/spa\/"]}]},{"@type":"BreadcrumbList","@id":"https:\/\/www.lunaminoica.it\/de\/spa\/#breadcrumb","itemListElement":[{"@type":"ListItem","position":1,"name":"Home","item":"https:\/\/www.lunaminoica.it\/de\/"},{"@type":"ListItem","position":2,"name":"BOUTIQUE SPA"}]},{"@type":"WebSite","@id":"https:\/\/www.lunaminoica.it\/de\/#website","url":"https:\/\/www.lunaminoica.it\/de\/","name":"Luna Minoica Suites & Apartments","description":"Just another ms.decms.eu site","potentialAction":[{"@type":"SearchAction","target":{"@type":"EntryPoint","urlTemplate":"https:\/\/www.lunaminoica.it\/de\/?s={search_term_string}"},"query-input":{"@type":"PropertyValueSpecification","valueRequired":true,"valueName":"search_term_string"}}],"inLanguage":"de-DE"}]}},"acf":[],"_links":{"self":[{"href":"https:\/\/www.lunaminoica.it\/de\/wp-json\/wp\/v2\/pages\/694","targetHints":{"allow":["GET"]}}],"collection":[{"href":"https:\/\/www.lunaminoica.it\/de\/wp-json\/wp\/v2\/pages"}],"about":[{"href":"https:\/\/www.lunaminoica.it\/de\/wp-json\/wp\/v2\/types\/page"}],"author":[{"embeddable":true,"href":"https:\/\/www.lunaminoica.it\/de\/wp-json\/wp\/v2\/users\/434"}],"replies":[{"embeddable":true,"href":"https:\/\/www.lunaminoica.it\/de\/wp-json\/wp\/v2\/comments?post=694"}],"version-history":[{"count":0,"href":"https:\/\/www.lunaminoica.it\/de\/wp-json\/wp\/v2\/pages\/694\/revisions"}],"wp:attachment":[{"href":"https:\/\/www.lunaminoica.it\/de\/wp-json\/wp\/v2\/media?parent=694"}],"curies":[{"name":"wp","href":"https:\/\/api.w.org\/{rel}","templated":true}]}}