{"id":541,"date":"2024-02-07T14:14:29","date_gmt":"2024-02-07T14:14:29","guid":{"rendered":"https:\/\/www.lunaminoica.it\/zimmer\/quadrupla-comfort-vista-mare\/"},"modified":"2024-02-07T15:03:48","modified_gmt":"2024-02-07T15:03:48","slug":"quadrupla-comfort-vista-mare","status":"publish","type":"page","link":"https:\/\/www.lunaminoica.it\/de\/zimmer\/quadrupla-comfort-vista-mare\/","title":{"rendered":"Vierbettzimmer Komfort Meerblick"},"content":{"rendered":"<p>NEU 2024<\/p>\n<p>Der perfekte Rahmen f\u00fcr Freunde und\/oder Familien, die einen erholsamen Aufenthalt genie\u00dfen m\u00f6chten.<\/p>\n<p>Die Zimmer haben einen separaten Eingang und bestehen aus einem Doppelzimmer, einem Zweibettzimmer und einem gem\u00fctlichen Wohnbereich mit Sofa, Fernseher und Leseecke. Die kleine Terrasse mit Meerblick, auf die beide Zimmer blicken, l\u00e4sst Sie die Abendbrise nach einem Tag am Meer genie\u00dfen.<\/p>\n","protected":false},"excerpt":{"rendered":"<p>NEU 2024 Der perfekte Rahmen f\u00fcr Freunde und\/oder Familien, die einen erholsamen Aufenthalt genie\u00dfen m\u00f6chten. Die Zimmer haben einen separaten Eingang und bestehen aus einem Doppelzimmer, einem Zweibettzimmer und einem gem\u00fctlichen Wohnbereich mit Sofa, Fernseher und Leseecke. Die kleine Terrasse mit Meerblick, auf die beide Zimmer blicken, l\u00e4sst Sie die Abendbrise nach einem Tag am [&hellip;]<\/p>\n","protected":false},"author":434,"featured_media":0,"parent":41,"menu_order":7,"comment_status":"closed","ping_status":"closed","template":"template-single-room.php","meta":{"footnotes":""},"class_list":["post-541","page","type-page","status-publish","hentry"],"yoast_head":"<!-- This site is optimized with the Yoast SEO plugin v26.9 - https:\/\/yoast.com\/product\/yoast-seo-wordpress\/ -->\n<title>Vierbettzimmer Komfort Meerblick ~ Luna Minoica Suites &amp; Apartments ~<\/title>\n<meta name=\"description\" content=\"NEU 2024  Der perfekte Rahmen f\u00fcr Freunde und\/oder Familien, die einen erholsamen Aufenthalt genie\u00dfen m\u00f6chten.  Die Zimmer haben einen separaten Eingang und bestehen aus einem Doppelzimmer, einem Zweibettzimmer und einem gem\u00fctlichen Wohnbereich mit Sofa, Fernseher und Leseecke. Die kleine Terrasse mit Meerblick, auf die beide Zimmer blicken, l\u00e4sst Sie die Abendbrise nach einem Tag am Meer genie\u00dfen.\" \/>\n<meta name=\"robots\" content=\"index, follow, max-snippet:-1, max-image-preview:large, max-video-preview:-1\" \/>\n<link rel=\"canonical\" href=\"https:\/\/www.lunaminoica.it\/de\/zimmer\/quadrupla-comfort-vista-mare\/\" \/>\n<meta property=\"og:locale\" content=\"de_DE\" \/>\n<meta property=\"og:type\" content=\"article\" \/>\n<meta property=\"og:title\" content=\"Vierbettzimmer Komfort Meerblick ~ Luna Minoica Suites &amp; Apartments ~\" \/>\n<meta property=\"og:description\" content=\"NEU 2024  Der perfekte Rahmen f\u00fcr Freunde und\/oder Familien, die einen erholsamen Aufenthalt genie\u00dfen m\u00f6chten.  Die Zimmer haben einen separaten Eingang und bestehen aus einem Doppelzimmer, einem Zweibettzimmer und einem gem\u00fctlichen Wohnbereich mit Sofa, Fernseher und Leseecke. Die kleine Terrasse mit Meerblick, auf die beide Zimmer blicken, l\u00e4sst Sie die Abendbrise nach einem Tag am Meer genie\u00dfen.\" \/>\n<meta property=\"og:url\" content=\"https:\/\/www.lunaminoica.it\/de\/zimmer\/quadrupla-comfort-vista-mare\/\" \/>\n<meta property=\"og:site_name\" content=\"Luna Minoica Suites &amp; Apartments\" \/>\n<meta property=\"article:modified_time\" content=\"2024-02-07T15:03:48+00:00\" \/>\n<meta name=\"twitter:card\" content=\"summary_large_image\" \/>\n<script type=\"application\/ld+json\" class=\"yoast-schema-graph\">{\"@context\":\"https:\/\/schema.org\",\"@graph\":[{\"@type\":\"WebPage\",\"@id\":\"https:\/\/www.lunaminoica.it\/de\/zimmer\/quadrupla-comfort-vista-mare\/\",\"url\":\"https:\/\/www.lunaminoica.it\/de\/zimmer\/quadrupla-comfort-vista-mare\/\",\"name\":\"Vierbettzimmer Komfort Meerblick ~ Luna Minoica Suites & Apartments ~\",\"isPartOf\":{\"@id\":\"https:\/\/www.lunaminoica.it\/de\/#website\"},\"datePublished\":\"2024-02-07T14:14:29+00:00\",\"dateModified\":\"2024-02-07T15:03:48+00:00\",\"description\":\"NEU 2024 Der perfekte Rahmen f\u00fcr Freunde und\/oder Familien, die einen erholsamen Aufenthalt genie\u00dfen m\u00f6chten. Die Zimmer haben einen separaten Eingang und bestehen aus einem Doppelzimmer, einem Zweibettzimmer und einem gem\u00fctlichen Wohnbereich mit Sofa, Fernseher und Leseecke. Die kleine Terrasse mit Meerblick, auf die beide Zimmer blicken, l\u00e4sst Sie die Abendbrise nach einem Tag am Meer genie\u00dfen.\",\"breadcrumb\":{\"@id\":\"https:\/\/www.lunaminoica.it\/de\/zimmer\/quadrupla-comfort-vista-mare\/#breadcrumb\"},\"inLanguage\":\"de-DE\",\"potentialAction\":[{\"@type\":\"ReadAction\",\"target\":[\"https:\/\/www.lunaminoica.it\/de\/zimmer\/quadrupla-comfort-vista-mare\/\"]}]},{\"@type\":\"BreadcrumbList\",\"@id\":\"https:\/\/www.lunaminoica.it\/de\/zimmer\/quadrupla-comfort-vista-mare\/#breadcrumb\",\"itemListElement\":[{\"@type\":\"ListItem\",\"position\":1,\"name\":\"Home\",\"item\":\"https:\/\/www.lunaminoica.it\/de\/\"},{\"@type\":\"ListItem\",\"position\":2,\"name\":\"Zimmer\",\"item\":\"https:\/\/www.lunaminoica.it\/de\/zimmer\/\"},{\"@type\":\"ListItem\",\"position\":3,\"name\":\"Vierbettzimmer Komfort Meerblick\"}]},{\"@type\":\"WebSite\",\"@id\":\"https:\/\/www.lunaminoica.it\/de\/#website\",\"url\":\"https:\/\/www.lunaminoica.it\/de\/\",\"name\":\"Luna Minoica Suites & Apartments\",\"description\":\"Just another ms.decms.eu site\",\"potentialAction\":[{\"@type\":\"SearchAction\",\"target\":{\"@type\":\"EntryPoint\",\"urlTemplate\":\"https:\/\/www.lunaminoica.it\/de\/?s={search_term_string}\"},\"query-input\":{\"@type\":\"PropertyValueSpecification\",\"valueRequired\":true,\"valueName\":\"search_term_string\"}}],\"inLanguage\":\"de-DE\"}]}<\/script>\n<!-- \/ Yoast SEO plugin. -->","yoast_head_json":{"title":"Vierbettzimmer Komfort Meerblick ~ Luna Minoica Suites & Apartments ~","description":"NEU 2024  Der perfekte Rahmen f\u00fcr Freunde und\/oder Familien, die einen erholsamen Aufenthalt genie\u00dfen m\u00f6chten.  Die Zimmer haben einen separaten Eingang und bestehen aus einem Doppelzimmer, einem Zweibettzimmer und einem gem\u00fctlichen Wohnbereich mit Sofa, Fernseher und Leseecke. Die kleine Terrasse mit Meerblick, auf die beide Zimmer blicken, l\u00e4sst Sie die Abendbrise nach einem Tag am Meer genie\u00dfen.","robots":{"index":"index","follow":"follow","max-snippet":"max-snippet:-1","max-image-preview":"max-image-preview:large","max-video-preview":"max-video-preview:-1"},"canonical":"https:\/\/www.lunaminoica.it\/de\/zimmer\/quadrupla-comfort-vista-mare\/","og_locale":"de_DE","og_type":"article","og_title":"Vierbettzimmer Komfort Meerblick ~ Luna Minoica Suites & Apartments ~","og_description":"NEU 2024  Der perfekte Rahmen f\u00fcr Freunde und\/oder Familien, die einen erholsamen Aufenthalt genie\u00dfen m\u00f6chten.  Die Zimmer haben einen separaten Eingang und bestehen aus einem Doppelzimmer, einem Zweibettzimmer und einem gem\u00fctlichen Wohnbereich mit Sofa, Fernseher und Leseecke. Die kleine Terrasse mit Meerblick, auf die beide Zimmer blicken, l\u00e4sst Sie die Abendbrise nach einem Tag am Meer genie\u00dfen.","og_url":"https:\/\/www.lunaminoica.it\/de\/zimmer\/quadrupla-comfort-vista-mare\/","og_site_name":"Luna Minoica Suites & Apartments","article_modified_time":"2024-02-07T15:03:48+00:00","twitter_card":"summary_large_image","schema":{"@context":"https:\/\/schema.org","@graph":[{"@type":"WebPage","@id":"https:\/\/www.lunaminoica.it\/de\/zimmer\/quadrupla-comfort-vista-mare\/","url":"https:\/\/www.lunaminoica.it\/de\/zimmer\/quadrupla-comfort-vista-mare\/","name":"Vierbettzimmer Komfort Meerblick ~ Luna Minoica Suites & Apartments ~","isPartOf":{"@id":"https:\/\/www.lunaminoica.it\/de\/#website"},"datePublished":"2024-02-07T14:14:29+00:00","dateModified":"2024-02-07T15:03:48+00:00","description":"NEU 2024 Der perfekte Rahmen f\u00fcr Freunde und\/oder Familien, die einen erholsamen Aufenthalt genie\u00dfen m\u00f6chten. Die Zimmer haben einen separaten Eingang und bestehen aus einem Doppelzimmer, einem Zweibettzimmer und einem gem\u00fctlichen Wohnbereich mit Sofa, Fernseher und Leseecke. Die kleine Terrasse mit Meerblick, auf die beide Zimmer blicken, l\u00e4sst Sie die Abendbrise nach einem Tag am Meer genie\u00dfen.","breadcrumb":{"@id":"https:\/\/www.lunaminoica.it\/de\/zimmer\/quadrupla-comfort-vista-mare\/#breadcrumb"},"inLanguage":"de-DE","potentialAction":[{"@type":"ReadAction","target":["https:\/\/www.lunaminoica.it\/de\/zimmer\/quadrupla-comfort-vista-mare\/"]}]},{"@type":"BreadcrumbList","@id":"https:\/\/www.lunaminoica.it\/de\/zimmer\/quadrupla-comfort-vista-mare\/#breadcrumb","itemListElement":[{"@type":"ListItem","position":1,"name":"Home","item":"https:\/\/www.lunaminoica.it\/de\/"},{"@type":"ListItem","position":2,"name":"Zimmer","item":"https:\/\/www.lunaminoica.it\/de\/zimmer\/"},{"@type":"ListItem","position":3,"name":"Vierbettzimmer Komfort Meerblick"}]},{"@type":"WebSite","@id":"https:\/\/www.lunaminoica.it\/de\/#website","url":"https:\/\/www.lunaminoica.it\/de\/","name":"Luna Minoica Suites & Apartments","description":"Just another ms.decms.eu site","potentialAction":[{"@type":"SearchAction","target":{"@type":"EntryPoint","urlTemplate":"https:\/\/www.lunaminoica.it\/de\/?s={search_term_string}"},"query-input":{"@type":"PropertyValueSpecification","valueRequired":true,"valueName":"search_term_string"}}],"inLanguage":"de-DE"}]}},"acf":[],"_links":{"self":[{"href":"https:\/\/www.lunaminoica.it\/de\/wp-json\/wp\/v2\/pages\/541","targetHints":{"allow":["GET"]}}],"collection":[{"href":"https:\/\/www.lunaminoica.it\/de\/wp-json\/wp\/v2\/pages"}],"about":[{"href":"https:\/\/www.lunaminoica.it\/de\/wp-json\/wp\/v2\/types\/page"}],"author":[{"embeddable":true,"href":"https:\/\/www.lunaminoica.it\/de\/wp-json\/wp\/v2\/users\/434"}],"replies":[{"embeddable":true,"href":"https:\/\/www.lunaminoica.it\/de\/wp-json\/wp\/v2\/comments?post=541"}],"version-history":[{"count":0,"href":"https:\/\/www.lunaminoica.it\/de\/wp-json\/wp\/v2\/pages\/541\/revisions"}],"up":[{"embeddable":true,"href":"https:\/\/www.lunaminoica.it\/de\/wp-json\/wp\/v2\/pages\/41"}],"wp:attachment":[{"href":"https:\/\/www.lunaminoica.it\/de\/wp-json\/wp\/v2\/media?parent=541"}],"curies":[{"name":"wp","href":"https:\/\/api.w.org\/{rel}","templated":true}]}}