{"id":43,"date":"2022-03-04T12:05:14","date_gmt":"2022-03-04T12:05:14","guid":{"rendered":"https:\/\/luna-minoica.ms.decms.eu\/zimmer-und-appartements\/camera-superior\/"},"modified":"2022-03-25T10:54:31","modified_gmt":"2022-03-25T10:54:31","slug":"superior-zimmer","status":"publish","type":"page","link":"https:\/\/www.lunaminoica.it\/de\/zimmer\/superior-zimmer\/","title":{"rendered":"Superior-Zimmer"},"content":{"rendered":"<p>Unsere ger\u00e4umigen Superior-Zimmer sind die ideale Wahl f\u00fcr Paare, die die entspannende Umgebung eines Zimmers im Hauptgeb\u00e4ude in unmittelbarer N\u00e4he aller Serviceleistungen des Hotels genie\u00dfen m\u00f6chten.<\/p>\n<p>Die sch\u00f6ne, elegant m\u00f6blierte Au\u00dfenterrasse <strong>erm\u00f6glicht Ihnen unbezahlbare Momente der Entspannung<\/strong>.<\/p>\n","protected":false},"excerpt":{"rendered":"<p>Unsere ger\u00e4umigen Superior-Zimmer sind die ideale Wahl f\u00fcr Paare, die die entspannende Umgebung eines Zimmers im Hauptgeb\u00e4ude in unmittelbarer N\u00e4he aller Serviceleistungen des Hotels genie\u00dfen m\u00f6chten. Die sch\u00f6ne, elegant m\u00f6blierte Au\u00dfenterrasse erm\u00f6glicht Ihnen unbezahlbare Momente der Entspannung.<\/p>\n","protected":false},"author":7,"featured_media":0,"parent":41,"menu_order":3,"comment_status":"closed","ping_status":"closed","template":"template-single-room.php","meta":{"footnotes":""},"class_list":["post-43","page","type-page","status-publish","hentry"],"yoast_head":"<!-- This site is optimized with the Yoast SEO plugin v26.9 - https:\/\/yoast.com\/product\/yoast-seo-wordpress\/ -->\n<title>Superior-Zimmer ~ Luna Minoica Suites &amp; Apartments ~<\/title>\n<meta name=\"description\" content=\"Unsere ger\u00e4umigen Superior-Zimmer sind die ideale Wahl f\u00fcr Paare, die die entspannende Umgebung eines Zimmers im Hauptgeb\u00e4ude in unmittelbarer N\u00e4he aller Serviceleistungen des Hotels genie\u00dfen m\u00f6chten.  Die sch\u00f6ne, elegant m\u00f6blierte Au\u00dfenterrasse erm\u00f6glicht Ihnen unbezahlbare Momente der Entspannung..\" \/>\n<meta name=\"robots\" content=\"index, follow, max-snippet:-1, max-image-preview:large, max-video-preview:-1\" \/>\n<link rel=\"canonical\" href=\"https:\/\/www.lunaminoica.it\/de\/zimmer\/superior-zimmer\/\" \/>\n<meta property=\"og:locale\" content=\"de_DE\" \/>\n<meta property=\"og:type\" content=\"article\" \/>\n<meta property=\"og:title\" content=\"Superior-Zimmer ~ Luna Minoica Suites &amp; Apartments ~\" \/>\n<meta property=\"og:description\" content=\"Unsere ger\u00e4umigen Superior-Zimmer sind die ideale Wahl f\u00fcr Paare, die die entspannende Umgebung eines Zimmers im Hauptgeb\u00e4ude in unmittelbarer N\u00e4he aller Serviceleistungen des Hotels genie\u00dfen m\u00f6chten.  Die sch\u00f6ne, elegant m\u00f6blierte Au\u00dfenterrasse erm\u00f6glicht Ihnen unbezahlbare Momente der Entspannung..\" \/>\n<meta property=\"og:url\" content=\"https:\/\/www.lunaminoica.it\/de\/zimmer\/superior-zimmer\/\" \/>\n<meta property=\"og:site_name\" content=\"Luna Minoica Suites &amp; Apartments\" \/>\n<meta property=\"article:modified_time\" content=\"2022-03-25T10:54:31+00:00\" \/>\n<meta name=\"twitter:card\" content=\"summary_large_image\" \/>\n<meta name=\"twitter:label1\" content=\"Gesch\u00e4tzte Lesezeit\" \/>\n\t<meta name=\"twitter:data1\" content=\"1 Minute\" \/>\n<script type=\"application\/ld+json\" class=\"yoast-schema-graph\">{\"@context\":\"https:\/\/schema.org\",\"@graph\":[{\"@type\":\"WebPage\",\"@id\":\"https:\/\/www.lunaminoica.it\/de\/zimmer\/superior-zimmer\/\",\"url\":\"https:\/\/www.lunaminoica.it\/de\/zimmer\/superior-zimmer\/\",\"name\":\"Superior-Zimmer ~ Luna Minoica Suites & Apartments ~\",\"isPartOf\":{\"@id\":\"https:\/\/www.lunaminoica.it\/de\/#website\"},\"datePublished\":\"2022-03-04T12:05:14+00:00\",\"dateModified\":\"2022-03-25T10:54:31+00:00\",\"description\":\"Unsere ger\u00e4umigen Superior-Zimmer sind die ideale Wahl f\u00fcr Paare, die die entspannende Umgebung eines Zimmers im Hauptgeb\u00e4ude in unmittelbarer N\u00e4he aller Serviceleistungen des Hotels genie\u00dfen m\u00f6chten. Die sch\u00f6ne, elegant m\u00f6blierte Au\u00dfenterrasse erm\u00f6glicht Ihnen unbezahlbare Momente der Entspannung..\",\"breadcrumb\":{\"@id\":\"https:\/\/www.lunaminoica.it\/de\/zimmer\/superior-zimmer\/#breadcrumb\"},\"inLanguage\":\"de-DE\",\"potentialAction\":[{\"@type\":\"ReadAction\",\"target\":[\"https:\/\/www.lunaminoica.it\/de\/zimmer\/superior-zimmer\/\"]}]},{\"@type\":\"BreadcrumbList\",\"@id\":\"https:\/\/www.lunaminoica.it\/de\/zimmer\/superior-zimmer\/#breadcrumb\",\"itemListElement\":[{\"@type\":\"ListItem\",\"position\":1,\"name\":\"Home\",\"item\":\"https:\/\/www.lunaminoica.it\/de\/\"},{\"@type\":\"ListItem\",\"position\":2,\"name\":\"Zimmer\",\"item\":\"https:\/\/www.lunaminoica.it\/de\/zimmer\/\"},{\"@type\":\"ListItem\",\"position\":3,\"name\":\"Superior-Zimmer\"}]},{\"@type\":\"WebSite\",\"@id\":\"https:\/\/www.lunaminoica.it\/de\/#website\",\"url\":\"https:\/\/www.lunaminoica.it\/de\/\",\"name\":\"Luna Minoica Suites & Apartments\",\"description\":\"Just another ms.decms.eu site\",\"potentialAction\":[{\"@type\":\"SearchAction\",\"target\":{\"@type\":\"EntryPoint\",\"urlTemplate\":\"https:\/\/www.lunaminoica.it\/de\/?s={search_term_string}\"},\"query-input\":{\"@type\":\"PropertyValueSpecification\",\"valueRequired\":true,\"valueName\":\"search_term_string\"}}],\"inLanguage\":\"de-DE\"}]}<\/script>\n<!-- \/ Yoast SEO plugin. -->","yoast_head_json":{"title":"Superior-Zimmer ~ Luna Minoica Suites & Apartments ~","description":"Unsere ger\u00e4umigen Superior-Zimmer sind die ideale Wahl f\u00fcr Paare, die die entspannende Umgebung eines Zimmers im Hauptgeb\u00e4ude in unmittelbarer N\u00e4he aller Serviceleistungen des Hotels genie\u00dfen m\u00f6chten.  Die sch\u00f6ne, elegant m\u00f6blierte Au\u00dfenterrasse erm\u00f6glicht Ihnen unbezahlbare Momente der Entspannung..","robots":{"index":"index","follow":"follow","max-snippet":"max-snippet:-1","max-image-preview":"max-image-preview:large","max-video-preview":"max-video-preview:-1"},"canonical":"https:\/\/www.lunaminoica.it\/de\/zimmer\/superior-zimmer\/","og_locale":"de_DE","og_type":"article","og_title":"Superior-Zimmer ~ Luna Minoica Suites & Apartments ~","og_description":"Unsere ger\u00e4umigen Superior-Zimmer sind die ideale Wahl f\u00fcr Paare, die die entspannende Umgebung eines Zimmers im Hauptgeb\u00e4ude in unmittelbarer N\u00e4he aller Serviceleistungen des Hotels genie\u00dfen m\u00f6chten.  Die sch\u00f6ne, elegant m\u00f6blierte Au\u00dfenterrasse erm\u00f6glicht Ihnen unbezahlbare Momente der Entspannung..","og_url":"https:\/\/www.lunaminoica.it\/de\/zimmer\/superior-zimmer\/","og_site_name":"Luna Minoica Suites & Apartments","article_modified_time":"2022-03-25T10:54:31+00:00","twitter_card":"summary_large_image","twitter_misc":{"Gesch\u00e4tzte Lesezeit":"1 Minute"},"schema":{"@context":"https:\/\/schema.org","@graph":[{"@type":"WebPage","@id":"https:\/\/www.lunaminoica.it\/de\/zimmer\/superior-zimmer\/","url":"https:\/\/www.lunaminoica.it\/de\/zimmer\/superior-zimmer\/","name":"Superior-Zimmer ~ Luna Minoica Suites & Apartments ~","isPartOf":{"@id":"https:\/\/www.lunaminoica.it\/de\/#website"},"datePublished":"2022-03-04T12:05:14+00:00","dateModified":"2022-03-25T10:54:31+00:00","description":"Unsere ger\u00e4umigen Superior-Zimmer sind die ideale Wahl f\u00fcr Paare, die die entspannende Umgebung eines Zimmers im Hauptgeb\u00e4ude in unmittelbarer N\u00e4he aller Serviceleistungen des Hotels genie\u00dfen m\u00f6chten. Die sch\u00f6ne, elegant m\u00f6blierte Au\u00dfenterrasse erm\u00f6glicht Ihnen unbezahlbare Momente der Entspannung..","breadcrumb":{"@id":"https:\/\/www.lunaminoica.it\/de\/zimmer\/superior-zimmer\/#breadcrumb"},"inLanguage":"de-DE","potentialAction":[{"@type":"ReadAction","target":["https:\/\/www.lunaminoica.it\/de\/zimmer\/superior-zimmer\/"]}]},{"@type":"BreadcrumbList","@id":"https:\/\/www.lunaminoica.it\/de\/zimmer\/superior-zimmer\/#breadcrumb","itemListElement":[{"@type":"ListItem","position":1,"name":"Home","item":"https:\/\/www.lunaminoica.it\/de\/"},{"@type":"ListItem","position":2,"name":"Zimmer","item":"https:\/\/www.lunaminoica.it\/de\/zimmer\/"},{"@type":"ListItem","position":3,"name":"Superior-Zimmer"}]},{"@type":"WebSite","@id":"https:\/\/www.lunaminoica.it\/de\/#website","url":"https:\/\/www.lunaminoica.it\/de\/","name":"Luna Minoica Suites & Apartments","description":"Just another ms.decms.eu site","potentialAction":[{"@type":"SearchAction","target":{"@type":"EntryPoint","urlTemplate":"https:\/\/www.lunaminoica.it\/de\/?s={search_term_string}"},"query-input":{"@type":"PropertyValueSpecification","valueRequired":true,"valueName":"search_term_string"}}],"inLanguage":"de-DE"}]}},"acf":[],"_links":{"self":[{"href":"https:\/\/www.lunaminoica.it\/de\/wp-json\/wp\/v2\/pages\/43","targetHints":{"allow":["GET"]}}],"collection":[{"href":"https:\/\/www.lunaminoica.it\/de\/wp-json\/wp\/v2\/pages"}],"about":[{"href":"https:\/\/www.lunaminoica.it\/de\/wp-json\/wp\/v2\/types\/page"}],"author":[{"embeddable":true,"href":"https:\/\/www.lunaminoica.it\/de\/wp-json\/wp\/v2\/users\/7"}],"replies":[{"embeddable":true,"href":"https:\/\/www.lunaminoica.it\/de\/wp-json\/wp\/v2\/comments?post=43"}],"version-history":[{"count":0,"href":"https:\/\/www.lunaminoica.it\/de\/wp-json\/wp\/v2\/pages\/43\/revisions"}],"up":[{"embeddable":true,"href":"https:\/\/www.lunaminoica.it\/de\/wp-json\/wp\/v2\/pages\/41"}],"wp:attachment":[{"href":"https:\/\/www.lunaminoica.it\/de\/wp-json\/wp\/v2\/media?parent=43"}],"curies":[{"name":"wp","href":"https:\/\/api.w.org\/{rel}","templated":true}]}}