{"id":41,"date":"2022-03-07T10:37:57","date_gmt":"2022-03-07T10:37:57","guid":{"rendered":"https:\/\/luna-minoica.ms.decms.eu\/?page_id=41"},"modified":"2022-03-25T11:01:30","modified_gmt":"2022-03-25T11:01:30","slug":"zimmer","status":"publish","type":"page","link":"https:\/\/www.lunaminoica.it\/de\/zimmer\/","title":{"rendered":"Zimmer"},"content":{"rendered":"<p style=\"text-align: center;\">Das Luna Minoica bietet verschiedene Arten von Unterk\u00fcnften, <strong>die f\u00fcr jeden Bedarf geeignet sind<\/strong>. Die hellen Zimmer und Suiten zeichnen sich durch gro\u00dfe Au\u00dfenbereiche aus, die es Ihnen erm\u00f6glichen, sich an der belebenden Luft des Mittelmeers zu berauschen.<\/p>\n<p style=\"text-align: center;\">Alle unsere Unterkunftsl\u00f6sungen werden Sie mit ihrer Zweckm\u00e4\u00dfigkeit und ihrem Komfort \u00fcberraschen, <strong>um Ihnen den perfekten Strandurlaub zu bieten<\/strong>!<\/p>\n","protected":false},"excerpt":{"rendered":"<p>Das Luna Minoica bietet verschiedene Arten von Unterk\u00fcnften, die f\u00fcr jeden Bedarf geeignet sind. Die hellen Zimmer und Suiten zeichnen sich durch gro\u00dfe Au\u00dfenbereiche aus, die es Ihnen erm\u00f6glichen, sich an der belebenden Luft des Mittelmeers zu berauschen. Alle unsere Unterkunftsl\u00f6sungen werden Sie mit ihrer Zweckm\u00e4\u00dfigkeit und ihrem Komfort \u00fcberraschen, um Ihnen den perfekten Strandurlaub [&hellip;]<\/p>\n","protected":false},"author":7,"featured_media":0,"parent":0,"menu_order":5,"comment_status":"closed","ping_status":"closed","template":"template-rooms.php","meta":{"footnotes":""},"class_list":["post-41","page","type-page","status-publish","hentry"],"yoast_head":"<!-- This site is optimized with the Yoast SEO plugin v26.9 - https:\/\/yoast.com\/product\/yoast-seo-wordpress\/ -->\n<title>Zimmer ~ Luna Minoica Suites &amp; Apartments ~<\/title>\n<meta name=\"description\" content=\"Das Luna Minoica bietet verschiedene Arten von Unterk\u00fcnften, die f\u00fcr jeden Bedarf geeignet sind. Die hellen Zimmer und Suiten zeichnen sich durch gro\u00dfe Au\u00dfenbereiche aus, die es Ihnen erm\u00f6glichen, sich an der belebenden Luft des Mittelmeers zu berauschen. Alle unsere Unterkunftsl\u00f6sungen werden Sie mit ihrer Zweckm\u00e4\u00dfigkeit und ihrem Komfort \u00fcberraschen, um Ihnen den perfekten Strandurlaub zu bieten!\" \/>\n<meta name=\"robots\" content=\"index, follow, max-snippet:-1, max-image-preview:large, max-video-preview:-1\" \/>\n<link rel=\"canonical\" href=\"https:\/\/www.lunaminoica.it\/de\/zimmer\/\" \/>\n<meta property=\"og:locale\" content=\"de_DE\" \/>\n<meta property=\"og:type\" content=\"article\" \/>\n<meta property=\"og:title\" content=\"Zimmer ~ Luna Minoica Suites &amp; Apartments ~\" \/>\n<meta property=\"og:description\" content=\"Das Luna Minoica bietet verschiedene Arten von Unterk\u00fcnften, die f\u00fcr jeden Bedarf geeignet sind. Die hellen Zimmer und Suiten zeichnen sich durch gro\u00dfe Au\u00dfenbereiche aus, die es Ihnen erm\u00f6glichen, sich an der belebenden Luft des Mittelmeers zu berauschen. Alle unsere Unterkunftsl\u00f6sungen werden Sie mit ihrer Zweckm\u00e4\u00dfigkeit und ihrem Komfort \u00fcberraschen, um Ihnen den perfekten Strandurlaub zu bieten!\" \/>\n<meta property=\"og:url\" content=\"https:\/\/www.lunaminoica.it\/de\/zimmer\/\" \/>\n<meta property=\"og:site_name\" content=\"Luna Minoica Suites &amp; Apartments\" \/>\n<meta property=\"article:modified_time\" content=\"2022-03-25T11:01:30+00:00\" \/>\n<meta name=\"twitter:card\" content=\"summary_large_image\" \/>\n<meta name=\"twitter:label1\" content=\"Gesch\u00e4tzte Lesezeit\" \/>\n\t<meta name=\"twitter:data1\" content=\"1 Minute\" \/>\n<script type=\"application\/ld+json\" class=\"yoast-schema-graph\">{\"@context\":\"https:\/\/schema.org\",\"@graph\":[{\"@type\":\"WebPage\",\"@id\":\"https:\/\/www.lunaminoica.it\/de\/zimmer\/\",\"url\":\"https:\/\/www.lunaminoica.it\/de\/zimmer\/\",\"name\":\"Zimmer ~ Luna Minoica Suites & Apartments ~\",\"isPartOf\":{\"@id\":\"https:\/\/www.lunaminoica.it\/de\/#website\"},\"datePublished\":\"2022-03-07T10:37:57+00:00\",\"dateModified\":\"2022-03-25T11:01:30+00:00\",\"description\":\"Das Luna Minoica bietet verschiedene Arten von Unterk\u00fcnften, die f\u00fcr jeden Bedarf geeignet sind. Die hellen Zimmer und Suiten zeichnen sich durch gro\u00dfe Au\u00dfenbereiche aus, die es Ihnen erm\u00f6glichen, sich an der belebenden Luft des Mittelmeers zu berauschen. Alle unsere Unterkunftsl\u00f6sungen werden Sie mit ihrer Zweckm\u00e4\u00dfigkeit und ihrem Komfort \u00fcberraschen, um Ihnen den perfekten Strandurlaub zu bieten!\",\"breadcrumb\":{\"@id\":\"https:\/\/www.lunaminoica.it\/de\/zimmer\/#breadcrumb\"},\"inLanguage\":\"de-DE\",\"potentialAction\":[{\"@type\":\"ReadAction\",\"target\":[\"https:\/\/www.lunaminoica.it\/de\/zimmer\/\"]}]},{\"@type\":\"BreadcrumbList\",\"@id\":\"https:\/\/www.lunaminoica.it\/de\/zimmer\/#breadcrumb\",\"itemListElement\":[{\"@type\":\"ListItem\",\"position\":1,\"name\":\"Home\",\"item\":\"https:\/\/www.lunaminoica.it\/de\/\"},{\"@type\":\"ListItem\",\"position\":2,\"name\":\"Zimmer\"}]},{\"@type\":\"WebSite\",\"@id\":\"https:\/\/www.lunaminoica.it\/de\/#website\",\"url\":\"https:\/\/www.lunaminoica.it\/de\/\",\"name\":\"Luna Minoica Suites & Apartments\",\"description\":\"Just another ms.decms.eu site\",\"potentialAction\":[{\"@type\":\"SearchAction\",\"target\":{\"@type\":\"EntryPoint\",\"urlTemplate\":\"https:\/\/www.lunaminoica.it\/de\/?s={search_term_string}\"},\"query-input\":{\"@type\":\"PropertyValueSpecification\",\"valueRequired\":true,\"valueName\":\"search_term_string\"}}],\"inLanguage\":\"de-DE\"}]}<\/script>\n<!-- \/ Yoast SEO plugin. -->","yoast_head_json":{"title":"Zimmer ~ Luna Minoica Suites & Apartments ~","description":"Das Luna Minoica bietet verschiedene Arten von Unterk\u00fcnften, die f\u00fcr jeden Bedarf geeignet sind. Die hellen Zimmer und Suiten zeichnen sich durch gro\u00dfe Au\u00dfenbereiche aus, die es Ihnen erm\u00f6glichen, sich an der belebenden Luft des Mittelmeers zu berauschen. Alle unsere Unterkunftsl\u00f6sungen werden Sie mit ihrer Zweckm\u00e4\u00dfigkeit und ihrem Komfort \u00fcberraschen, um Ihnen den perfekten Strandurlaub zu bieten!","robots":{"index":"index","follow":"follow","max-snippet":"max-snippet:-1","max-image-preview":"max-image-preview:large","max-video-preview":"max-video-preview:-1"},"canonical":"https:\/\/www.lunaminoica.it\/de\/zimmer\/","og_locale":"de_DE","og_type":"article","og_title":"Zimmer ~ Luna Minoica Suites & Apartments ~","og_description":"Das Luna Minoica bietet verschiedene Arten von Unterk\u00fcnften, die f\u00fcr jeden Bedarf geeignet sind. Die hellen Zimmer und Suiten zeichnen sich durch gro\u00dfe Au\u00dfenbereiche aus, die es Ihnen erm\u00f6glichen, sich an der belebenden Luft des Mittelmeers zu berauschen. Alle unsere Unterkunftsl\u00f6sungen werden Sie mit ihrer Zweckm\u00e4\u00dfigkeit und ihrem Komfort \u00fcberraschen, um Ihnen den perfekten Strandurlaub zu bieten!","og_url":"https:\/\/www.lunaminoica.it\/de\/zimmer\/","og_site_name":"Luna Minoica Suites & Apartments","article_modified_time":"2022-03-25T11:01:30+00:00","twitter_card":"summary_large_image","twitter_misc":{"Gesch\u00e4tzte Lesezeit":"1 Minute"},"schema":{"@context":"https:\/\/schema.org","@graph":[{"@type":"WebPage","@id":"https:\/\/www.lunaminoica.it\/de\/zimmer\/","url":"https:\/\/www.lunaminoica.it\/de\/zimmer\/","name":"Zimmer ~ Luna Minoica Suites & Apartments ~","isPartOf":{"@id":"https:\/\/www.lunaminoica.it\/de\/#website"},"datePublished":"2022-03-07T10:37:57+00:00","dateModified":"2022-03-25T11:01:30+00:00","description":"Das Luna Minoica bietet verschiedene Arten von Unterk\u00fcnften, die f\u00fcr jeden Bedarf geeignet sind. Die hellen Zimmer und Suiten zeichnen sich durch gro\u00dfe Au\u00dfenbereiche aus, die es Ihnen erm\u00f6glichen, sich an der belebenden Luft des Mittelmeers zu berauschen. Alle unsere Unterkunftsl\u00f6sungen werden Sie mit ihrer Zweckm\u00e4\u00dfigkeit und ihrem Komfort \u00fcberraschen, um Ihnen den perfekten Strandurlaub zu bieten!","breadcrumb":{"@id":"https:\/\/www.lunaminoica.it\/de\/zimmer\/#breadcrumb"},"inLanguage":"de-DE","potentialAction":[{"@type":"ReadAction","target":["https:\/\/www.lunaminoica.it\/de\/zimmer\/"]}]},{"@type":"BreadcrumbList","@id":"https:\/\/www.lunaminoica.it\/de\/zimmer\/#breadcrumb","itemListElement":[{"@type":"ListItem","position":1,"name":"Home","item":"https:\/\/www.lunaminoica.it\/de\/"},{"@type":"ListItem","position":2,"name":"Zimmer"}]},{"@type":"WebSite","@id":"https:\/\/www.lunaminoica.it\/de\/#website","url":"https:\/\/www.lunaminoica.it\/de\/","name":"Luna Minoica Suites & Apartments","description":"Just another ms.decms.eu site","potentialAction":[{"@type":"SearchAction","target":{"@type":"EntryPoint","urlTemplate":"https:\/\/www.lunaminoica.it\/de\/?s={search_term_string}"},"query-input":{"@type":"PropertyValueSpecification","valueRequired":true,"valueName":"search_term_string"}}],"inLanguage":"de-DE"}]}},"acf":[],"_links":{"self":[{"href":"https:\/\/www.lunaminoica.it\/de\/wp-json\/wp\/v2\/pages\/41","targetHints":{"allow":["GET"]}}],"collection":[{"href":"https:\/\/www.lunaminoica.it\/de\/wp-json\/wp\/v2\/pages"}],"about":[{"href":"https:\/\/www.lunaminoica.it\/de\/wp-json\/wp\/v2\/types\/page"}],"author":[{"embeddable":true,"href":"https:\/\/www.lunaminoica.it\/de\/wp-json\/wp\/v2\/users\/7"}],"replies":[{"embeddable":true,"href":"https:\/\/www.lunaminoica.it\/de\/wp-json\/wp\/v2\/comments?post=41"}],"version-history":[{"count":0,"href":"https:\/\/www.lunaminoica.it\/de\/wp-json\/wp\/v2\/pages\/41\/revisions"}],"wp:attachment":[{"href":"https:\/\/www.lunaminoica.it\/de\/wp-json\/wp\/v2\/media?parent=41"}],"curies":[{"name":"wp","href":"https:\/\/api.w.org\/{rel}","templated":true}]}}