{"id":344,"date":"2022-03-28T08:46:15","date_gmt":"2022-03-28T08:46:15","guid":{"rendered":"https:\/\/luna-minoica.ms.decms.eu\/?page_id=344"},"modified":"2025-03-04T15:08:07","modified_gmt":"2025-03-04T15:08:07","slug":"strand","status":"publish","type":"page","link":"https:\/\/www.lunaminoica.it\/de\/strand\/","title":{"rendered":"Strand"},"content":{"rendered":"<p>Entdecken Sie das Vergn\u00fcgen eines entspannenden Tages am sch\u00f6nen Strand von Bovo Marina. Unsere Badeanstalt ist der ideale Ort, um einen unvergesslichen Tag am Strand zu verbringen, verw\u00f6hnt von einem atemberaubenden Ausblick und einem Service, der auf Ihren maximalen Komfort ausgerichtet ist.<\/p>\n<h5>Unser Serviceangebot<\/h5>\n<ul>\n<li><strong>Liegest\u00fchle und Sonnenschirme<\/strong><br \/>\nEntspannen Sie sich unter unseren bequemen Sonnenschirmen und genie\u00dfen Sie den Komfort der Liegest\u00fchle, die Sie den ganzen Tag \u00fcber mieten k\u00f6nnen. Ideal f\u00fcr ein Sonnenbad in aller Ruhe oder zum Entspannen zwischen den B\u00e4dern.<\/li>\n<li><strong>Bar und Restaurant<\/strong><br \/>\nUnsere Bar bietet eine Auswahl an k\u00fchlen Getr\u00e4nken, Snacks und Eiscreme, w\u00e4hrend das Restaurant typische lokale Gerichte serviert, die von Chefkoch Giancarlo Perbellini neu interpretiert werden. Ideal f\u00fcr ein Mittag- oder Abendessen am Meer mit spektakul\u00e4rem Blick.<\/li>\n<li><strong>Strand-Service<\/strong><br \/>\nUnser Personal steht zu Ihrer Verf\u00fcgung, um Ihnen jede Art von Strandservice zu bieten, von kalten Getr\u00e4nken bis zu Strandt\u00fcchern, um Ihren Tag noch angenehmer zu gestalten.<\/li>\n<li><strong>Duschen und Sanit\u00e4ranlagen<\/strong><br \/>\nErfrischen Sie sich nach einem Tag in der Sonne in unseren komfortablen Duschen, die immer sauber sind und allen G\u00e4sten zur Verf\u00fcgung stehen. Sie haben die Wahl zwischen den offenen Duschen mit kaltem Wasser oder den komfortableren Innenduschen mit hei\u00dfem Wasser, Annehmlichkeiten und Strandt\u00fcchern.<\/li>\n<\/ul>\n<h5>Warum uns w\u00e4hlen?<\/h5>\n<p>Bovo Marina ist einer der sch\u00f6nsten Orte an der K\u00fcste, und unser Haus ist der ideale Ausgangspunkt, um die Sch\u00f6nheit des Meeres in vollem Komfort zu erleben. Egal, ob Sie allein, mit der Familie oder mit Freunden kommen, Sie werden eine einladende und entspannende Umgebung vorfinden. Reservieren Sie Ihre Sonnenliege und Ihren Sonnenschirm, um einen perfekten Tag an unserem sch\u00f6nen Strand zu verbringen.<\/p>\n<h5>Reservierungen:<\/h5>\n<p>Wenn Sie Kunde von Luna Minoica sind, reservieren Sie Ihre Liege und Ihren Sonnenschirm an der Rezeption, rufen Sie uns an unter 0922 1553712 oder senden Sie eine E-Mail an info@lunaminoica.it. Sie werden von dem Ihnen gewidmeten Sondertarif profitieren!<\/p>\n<p>Wenn Sie noch keine Reservierung in unserem Hotel haben, klicken Sie <a href=\"http:\/\/lunaminoica.it\/de\/spiagge-it\">hier<\/a><\/p>\n","protected":false},"excerpt":{"rendered":"<p>Entdecken Sie das Vergn\u00fcgen eines entspannenden Tages am sch\u00f6nen Strand von Bovo Marina. Unsere Badeanstalt ist der ideale Ort, um einen unvergesslichen Tag am Strand zu verbringen, verw\u00f6hnt von einem atemberaubenden Ausblick und einem Service, der auf Ihren maximalen Komfort ausgerichtet ist. Unser Serviceangebot Liegest\u00fchle und Sonnenschirme Entspannen Sie sich unter unseren bequemen Sonnenschirmen und [&hellip;]<\/p>\n","protected":false},"author":7,"featured_media":0,"parent":0,"menu_order":23,"comment_status":"closed","ping_status":"closed","template":"","meta":{"footnotes":""},"class_list":["post-344","page","type-page","status-publish","hentry"],"yoast_head":"<!-- This site is optimized with the Yoast SEO plugin v26.9 - https:\/\/yoast.com\/product\/yoast-seo-wordpress\/ -->\n<title>Strand ~ Luna Minoica Suites &amp; Apartments ~<\/title>\n<meta name=\"description\" content=\"Entdecken Sie das Vergn\u00fcgen eines entspannenden Tages am sch\u00f6nen Strand von Bovo Marina. Unsere Badeanstalt ist der ideale Ort, um einen unvergesslichen Tag am Strand zu verbringen, verw\u00f6hnt von einem atemberaubenden Ausblick und einem Service, der auf Ihren maximalen Komfort ausgerichtet ist. Unser Serviceangebot   Liegest\u00fchle und Sonnenschirme Entspannen Sie sich unter unseren bequemen Sonnenschirmen und genie\u00dfen Sie den Komfort der Liegest\u00fchle, die Sie den ganzen Tag \u00fcber mieten k\u00f6nnen\" \/>\n<meta name=\"robots\" content=\"index, follow, max-snippet:-1, max-image-preview:large, max-video-preview:-1\" \/>\n<link rel=\"canonical\" href=\"https:\/\/www.lunaminoica.it\/de\/strand\/\" \/>\n<meta property=\"og:locale\" content=\"de_DE\" \/>\n<meta property=\"og:type\" content=\"article\" \/>\n<meta property=\"og:title\" content=\"Strand ~ Luna Minoica Suites &amp; Apartments ~\" \/>\n<meta property=\"og:description\" content=\"Entdecken Sie das Vergn\u00fcgen eines entspannenden Tages am sch\u00f6nen Strand von Bovo Marina. Unsere Badeanstalt ist der ideale Ort, um einen unvergesslichen Tag am Strand zu verbringen, verw\u00f6hnt von einem atemberaubenden Ausblick und einem Service, der auf Ihren maximalen Komfort ausgerichtet ist. Unser Serviceangebot   Liegest\u00fchle und Sonnenschirme Entspannen Sie sich unter unseren bequemen Sonnenschirmen und genie\u00dfen Sie den Komfort der Liegest\u00fchle, die Sie den ganzen Tag \u00fcber mieten k\u00f6nnen\" \/>\n<meta property=\"og:url\" content=\"https:\/\/www.lunaminoica.it\/de\/strand\/\" \/>\n<meta property=\"og:site_name\" content=\"Luna Minoica Suites &amp; Apartments\" \/>\n<meta property=\"article:modified_time\" content=\"2025-03-04T15:08:07+00:00\" \/>\n<meta name=\"twitter:card\" content=\"summary_large_image\" \/>\n<meta name=\"twitter:label1\" content=\"Gesch\u00e4tzte Lesezeit\" \/>\n\t<meta name=\"twitter:data1\" content=\"2 Minuten\" \/>\n<script type=\"application\/ld+json\" class=\"yoast-schema-graph\">{\"@context\":\"https:\/\/schema.org\",\"@graph\":[{\"@type\":\"WebPage\",\"@id\":\"https:\/\/www.lunaminoica.it\/de\/strand\/\",\"url\":\"https:\/\/www.lunaminoica.it\/de\/strand\/\",\"name\":\"Strand ~ Luna Minoica Suites & Apartments ~\",\"isPartOf\":{\"@id\":\"https:\/\/www.lunaminoica.it\/de\/#website\"},\"datePublished\":\"2022-03-28T08:46:15+00:00\",\"dateModified\":\"2025-03-04T15:08:07+00:00\",\"description\":\"Entdecken Sie das Vergn\u00fcgen eines entspannenden Tages am sch\u00f6nen Strand von Bovo Marina. Unsere Badeanstalt ist der ideale Ort, um einen unvergesslichen Tag am Strand zu verbringen, verw\u00f6hnt von einem atemberaubenden Ausblick und einem Service, der auf Ihren maximalen Komfort ausgerichtet ist. Unser Serviceangebot \u2022 Liegest\u00fchle und Sonnenschirme Entspannen Sie sich unter unseren bequemen Sonnenschirmen und genie\u00dfen Sie den Komfort der Liegest\u00fchle, die Sie den ganzen Tag \u00fcber mieten k\u00f6nnen\",\"breadcrumb\":{\"@id\":\"https:\/\/www.lunaminoica.it\/de\/strand\/#breadcrumb\"},\"inLanguage\":\"de-DE\",\"potentialAction\":[{\"@type\":\"ReadAction\",\"target\":[\"https:\/\/www.lunaminoica.it\/de\/strand\/\"]}]},{\"@type\":\"BreadcrumbList\",\"@id\":\"https:\/\/www.lunaminoica.it\/de\/strand\/#breadcrumb\",\"itemListElement\":[{\"@type\":\"ListItem\",\"position\":1,\"name\":\"Home\",\"item\":\"https:\/\/www.lunaminoica.it\/de\/\"},{\"@type\":\"ListItem\",\"position\":2,\"name\":\"Strand\"}]},{\"@type\":\"WebSite\",\"@id\":\"https:\/\/www.lunaminoica.it\/de\/#website\",\"url\":\"https:\/\/www.lunaminoica.it\/de\/\",\"name\":\"Luna Minoica Suites & Apartments\",\"description\":\"Just another ms.decms.eu site\",\"potentialAction\":[{\"@type\":\"SearchAction\",\"target\":{\"@type\":\"EntryPoint\",\"urlTemplate\":\"https:\/\/www.lunaminoica.it\/de\/?s={search_term_string}\"},\"query-input\":{\"@type\":\"PropertyValueSpecification\",\"valueRequired\":true,\"valueName\":\"search_term_string\"}}],\"inLanguage\":\"de-DE\"}]}<\/script>\n<!-- \/ Yoast SEO plugin. -->","yoast_head_json":{"title":"Strand ~ Luna Minoica Suites & Apartments ~","description":"Entdecken Sie das Vergn\u00fcgen eines entspannenden Tages am sch\u00f6nen Strand von Bovo Marina. Unsere Badeanstalt ist der ideale Ort, um einen unvergesslichen Tag am Strand zu verbringen, verw\u00f6hnt von einem atemberaubenden Ausblick und einem Service, der auf Ihren maximalen Komfort ausgerichtet ist. Unser Serviceangebot   Liegest\u00fchle und Sonnenschirme Entspannen Sie sich unter unseren bequemen Sonnenschirmen und genie\u00dfen Sie den Komfort der Liegest\u00fchle, die Sie den ganzen Tag \u00fcber mieten k\u00f6nnen","robots":{"index":"index","follow":"follow","max-snippet":"max-snippet:-1","max-image-preview":"max-image-preview:large","max-video-preview":"max-video-preview:-1"},"canonical":"https:\/\/www.lunaminoica.it\/de\/strand\/","og_locale":"de_DE","og_type":"article","og_title":"Strand ~ Luna Minoica Suites & Apartments ~","og_description":"Entdecken Sie das Vergn\u00fcgen eines entspannenden Tages am sch\u00f6nen Strand von Bovo Marina. Unsere Badeanstalt ist der ideale Ort, um einen unvergesslichen Tag am Strand zu verbringen, verw\u00f6hnt von einem atemberaubenden Ausblick und einem Service, der auf Ihren maximalen Komfort ausgerichtet ist. Unser Serviceangebot   Liegest\u00fchle und Sonnenschirme Entspannen Sie sich unter unseren bequemen Sonnenschirmen und genie\u00dfen Sie den Komfort der Liegest\u00fchle, die Sie den ganzen Tag \u00fcber mieten k\u00f6nnen","og_url":"https:\/\/www.lunaminoica.it\/de\/strand\/","og_site_name":"Luna Minoica Suites & Apartments","article_modified_time":"2025-03-04T15:08:07+00:00","twitter_card":"summary_large_image","twitter_misc":{"Gesch\u00e4tzte Lesezeit":"2 Minuten"},"schema":{"@context":"https:\/\/schema.org","@graph":[{"@type":"WebPage","@id":"https:\/\/www.lunaminoica.it\/de\/strand\/","url":"https:\/\/www.lunaminoica.it\/de\/strand\/","name":"Strand ~ Luna Minoica Suites & Apartments ~","isPartOf":{"@id":"https:\/\/www.lunaminoica.it\/de\/#website"},"datePublished":"2022-03-28T08:46:15+00:00","dateModified":"2025-03-04T15:08:07+00:00","description":"Entdecken Sie das Vergn\u00fcgen eines entspannenden Tages am sch\u00f6nen Strand von Bovo Marina. Unsere Badeanstalt ist der ideale Ort, um einen unvergesslichen Tag am Strand zu verbringen, verw\u00f6hnt von einem atemberaubenden Ausblick und einem Service, der auf Ihren maximalen Komfort ausgerichtet ist. Unser Serviceangebot \u2022 Liegest\u00fchle und Sonnenschirme Entspannen Sie sich unter unseren bequemen Sonnenschirmen und genie\u00dfen Sie den Komfort der Liegest\u00fchle, die Sie den ganzen Tag \u00fcber mieten k\u00f6nnen","breadcrumb":{"@id":"https:\/\/www.lunaminoica.it\/de\/strand\/#breadcrumb"},"inLanguage":"de-DE","potentialAction":[{"@type":"ReadAction","target":["https:\/\/www.lunaminoica.it\/de\/strand\/"]}]},{"@type":"BreadcrumbList","@id":"https:\/\/www.lunaminoica.it\/de\/strand\/#breadcrumb","itemListElement":[{"@type":"ListItem","position":1,"name":"Home","item":"https:\/\/www.lunaminoica.it\/de\/"},{"@type":"ListItem","position":2,"name":"Strand"}]},{"@type":"WebSite","@id":"https:\/\/www.lunaminoica.it\/de\/#website","url":"https:\/\/www.lunaminoica.it\/de\/","name":"Luna Minoica Suites & Apartments","description":"Just another ms.decms.eu site","potentialAction":[{"@type":"SearchAction","target":{"@type":"EntryPoint","urlTemplate":"https:\/\/www.lunaminoica.it\/de\/?s={search_term_string}"},"query-input":{"@type":"PropertyValueSpecification","valueRequired":true,"valueName":"search_term_string"}}],"inLanguage":"de-DE"}]}},"acf":[],"_links":{"self":[{"href":"https:\/\/www.lunaminoica.it\/de\/wp-json\/wp\/v2\/pages\/344","targetHints":{"allow":["GET"]}}],"collection":[{"href":"https:\/\/www.lunaminoica.it\/de\/wp-json\/wp\/v2\/pages"}],"about":[{"href":"https:\/\/www.lunaminoica.it\/de\/wp-json\/wp\/v2\/types\/page"}],"author":[{"embeddable":true,"href":"https:\/\/www.lunaminoica.it\/de\/wp-json\/wp\/v2\/users\/7"}],"replies":[{"embeddable":true,"href":"https:\/\/www.lunaminoica.it\/de\/wp-json\/wp\/v2\/comments?post=344"}],"version-history":[{"count":0,"href":"https:\/\/www.lunaminoica.it\/de\/wp-json\/wp\/v2\/pages\/344\/revisions"}],"wp:attachment":[{"href":"https:\/\/www.lunaminoica.it\/de\/wp-json\/wp\/v2\/media?parent=344"}],"curies":[{"name":"wp","href":"https:\/\/api.w.org\/{rel}","templated":true}]}}