{"id":337,"date":"2022-03-25T16:11:14","date_gmt":"2022-03-25T16:11:14","guid":{"rendered":"https:\/\/luna-minoica.ms.decms.eu\/?page_id=337"},"modified":"2022-03-25T16:11:14","modified_gmt":"2022-03-25T16:11:14","slug":"die-tuerkische-leiter","status":"publish","type":"page","link":"https:\/\/www.lunaminoica.it\/de\/umfeld\/die-tuerkische-leiter\/","title":{"rendered":"Die T\u00fcrkische Leiter"},"content":{"rendered":"<p>Etwa 20 km von Luna Minoica Suites &amp; Apartments entfernt k\u00f6nnen Sie das au\u00dfergew\u00f6hnliche Schauspiel der wei\u00dfen Klippe <b>Scala dei Turchi<\/b> bewundern. Die aus Kalkmergel bestehende Klippe f\u00e4llt wie eine gro\u00dfe Treppe zum Meer hinab. Die Scala dei Turchi wurde so benannt, weil die Sarazenen ihre Schiffe im Windschatten der Klippe ankerten, um anschlie\u00dfend zu ihren Raubz\u00fcgen aufzubrechen. Hier finden Sie eine malerische Landschaft, die durch die kontrastreichen Farben von blauem Meer und Himmel im Gegensatz zum Wei\u00df des Kalksteinfelsen betont wird.<\/p>\n","protected":false},"excerpt":{"rendered":"<p>Etwa 20 km von Luna Minoica Suites &amp; Apartments entfernt k\u00f6nnen Sie das au\u00dfergew\u00f6hnliche Schauspiel der wei\u00dfen Klippe Scala dei Turchi bewundern. Die aus Kalkmergel bestehende Klippe f\u00e4llt wie eine gro\u00dfe Treppe zum Meer hinab. Die Scala dei Turchi wurde so benannt, weil die Sarazenen ihre Schiffe im Windschatten der Klippe ankerten, um anschlie\u00dfend zu [&hellip;]<\/p>\n","protected":false},"author":7,"featured_media":0,"parent":333,"menu_order":4,"comment_status":"closed","ping_status":"closed","template":"template-default-3.php","meta":{"footnotes":""},"class_list":["post-337","page","type-page","status-publish","hentry"],"yoast_head":"<!-- This site is optimized with the Yoast SEO plugin v26.9 - https:\/\/yoast.com\/product\/yoast-seo-wordpress\/ -->\n<title>Die T\u00fcrkische Leiter ~ Luna Minoica Suites &amp; Apartments ~<\/title>\n<meta name=\"description\" content=\"Etwa 20 km von Luna Minoica Suites &amp; Apartments entfernt k\u00f6nnen Sie das au\u00dfergew\u00f6hnliche Schauspiel der wei\u00dfen Klippe Scala dei Turchi bewundern. Die aus Kalkmergel bestehende Klippe f\u00e4llt wie eine gro\u00dfe Treppe zum Meer hinab\" \/>\n<meta name=\"robots\" content=\"index, follow, max-snippet:-1, max-image-preview:large, max-video-preview:-1\" \/>\n<link rel=\"canonical\" href=\"https:\/\/www.lunaminoica.it\/de\/umfeld\/die-tuerkische-leiter\/\" \/>\n<meta property=\"og:locale\" content=\"de_DE\" \/>\n<meta property=\"og:type\" content=\"article\" \/>\n<meta property=\"og:title\" content=\"Die T\u00fcrkische Leiter ~ Luna Minoica Suites &amp; Apartments ~\" \/>\n<meta property=\"og:description\" content=\"Etwa 20 km von Luna Minoica Suites &amp; Apartments entfernt k\u00f6nnen Sie das au\u00dfergew\u00f6hnliche Schauspiel der wei\u00dfen Klippe Scala dei Turchi bewundern. Die aus Kalkmergel bestehende Klippe f\u00e4llt wie eine gro\u00dfe Treppe zum Meer hinab\" \/>\n<meta property=\"og:url\" content=\"https:\/\/www.lunaminoica.it\/de\/umfeld\/die-tuerkische-leiter\/\" \/>\n<meta property=\"og:site_name\" content=\"Luna Minoica Suites &amp; Apartments\" \/>\n<meta name=\"twitter:card\" content=\"summary_large_image\" \/>\n<meta name=\"twitter:label1\" content=\"Gesch\u00e4tzte Lesezeit\" \/>\n\t<meta name=\"twitter:data1\" content=\"1 Minute\" \/>\n<script type=\"application\/ld+json\" class=\"yoast-schema-graph\">{\"@context\":\"https:\/\/schema.org\",\"@graph\":[{\"@type\":\"WebPage\",\"@id\":\"https:\/\/www.lunaminoica.it\/de\/umfeld\/die-tuerkische-leiter\/\",\"url\":\"https:\/\/www.lunaminoica.it\/de\/umfeld\/die-tuerkische-leiter\/\",\"name\":\"Die T\u00fcrkische Leiter ~ Luna Minoica Suites & Apartments ~\",\"isPartOf\":{\"@id\":\"https:\/\/www.lunaminoica.it\/de\/#website\"},\"datePublished\":\"2022-03-25T16:11:14+00:00\",\"description\":\"Etwa 20 km von Luna Minoica Suites &amp; Apartments entfernt k\u00f6nnen Sie das au\u00dfergew\u00f6hnliche Schauspiel der wei\u00dfen Klippe Scala dei Turchi bewundern. Die aus Kalkmergel bestehende Klippe f\u00e4llt wie eine gro\u00dfe Treppe zum Meer hinab\",\"breadcrumb\":{\"@id\":\"https:\/\/www.lunaminoica.it\/de\/umfeld\/die-tuerkische-leiter\/#breadcrumb\"},\"inLanguage\":\"de-DE\",\"potentialAction\":[{\"@type\":\"ReadAction\",\"target\":[\"https:\/\/www.lunaminoica.it\/de\/umfeld\/die-tuerkische-leiter\/\"]}]},{\"@type\":\"BreadcrumbList\",\"@id\":\"https:\/\/www.lunaminoica.it\/de\/umfeld\/die-tuerkische-leiter\/#breadcrumb\",\"itemListElement\":[{\"@type\":\"ListItem\",\"position\":1,\"name\":\"Home\",\"item\":\"https:\/\/www.lunaminoica.it\/de\/\"},{\"@type\":\"ListItem\",\"position\":2,\"name\":\"Umfeld\",\"item\":\"https:\/\/www.lunaminoica.it\/de\/umfeld\/\"},{\"@type\":\"ListItem\",\"position\":3,\"name\":\"Die T\u00fcrkische Leiter\"}]},{\"@type\":\"WebSite\",\"@id\":\"https:\/\/www.lunaminoica.it\/de\/#website\",\"url\":\"https:\/\/www.lunaminoica.it\/de\/\",\"name\":\"Luna Minoica Suites & Apartments\",\"description\":\"Just another ms.decms.eu site\",\"potentialAction\":[{\"@type\":\"SearchAction\",\"target\":{\"@type\":\"EntryPoint\",\"urlTemplate\":\"https:\/\/www.lunaminoica.it\/de\/?s={search_term_string}\"},\"query-input\":{\"@type\":\"PropertyValueSpecification\",\"valueRequired\":true,\"valueName\":\"search_term_string\"}}],\"inLanguage\":\"de-DE\"}]}<\/script>\n<!-- \/ Yoast SEO plugin. -->","yoast_head_json":{"title":"Die T\u00fcrkische Leiter ~ Luna Minoica Suites & Apartments ~","description":"Etwa 20 km von Luna Minoica Suites &amp; Apartments entfernt k\u00f6nnen Sie das au\u00dfergew\u00f6hnliche Schauspiel der wei\u00dfen Klippe Scala dei Turchi bewundern. Die aus Kalkmergel bestehende Klippe f\u00e4llt wie eine gro\u00dfe Treppe zum Meer hinab","robots":{"index":"index","follow":"follow","max-snippet":"max-snippet:-1","max-image-preview":"max-image-preview:large","max-video-preview":"max-video-preview:-1"},"canonical":"https:\/\/www.lunaminoica.it\/de\/umfeld\/die-tuerkische-leiter\/","og_locale":"de_DE","og_type":"article","og_title":"Die T\u00fcrkische Leiter ~ Luna Minoica Suites & Apartments ~","og_description":"Etwa 20 km von Luna Minoica Suites &amp; Apartments entfernt k\u00f6nnen Sie das au\u00dfergew\u00f6hnliche Schauspiel der wei\u00dfen Klippe Scala dei Turchi bewundern. Die aus Kalkmergel bestehende Klippe f\u00e4llt wie eine gro\u00dfe Treppe zum Meer hinab","og_url":"https:\/\/www.lunaminoica.it\/de\/umfeld\/die-tuerkische-leiter\/","og_site_name":"Luna Minoica Suites & Apartments","twitter_card":"summary_large_image","twitter_misc":{"Gesch\u00e4tzte Lesezeit":"1 Minute"},"schema":{"@context":"https:\/\/schema.org","@graph":[{"@type":"WebPage","@id":"https:\/\/www.lunaminoica.it\/de\/umfeld\/die-tuerkische-leiter\/","url":"https:\/\/www.lunaminoica.it\/de\/umfeld\/die-tuerkische-leiter\/","name":"Die T\u00fcrkische Leiter ~ Luna Minoica Suites & Apartments ~","isPartOf":{"@id":"https:\/\/www.lunaminoica.it\/de\/#website"},"datePublished":"2022-03-25T16:11:14+00:00","description":"Etwa 20 km von Luna Minoica Suites &amp; Apartments entfernt k\u00f6nnen Sie das au\u00dfergew\u00f6hnliche Schauspiel der wei\u00dfen Klippe Scala dei Turchi bewundern. Die aus Kalkmergel bestehende Klippe f\u00e4llt wie eine gro\u00dfe Treppe zum Meer hinab","breadcrumb":{"@id":"https:\/\/www.lunaminoica.it\/de\/umfeld\/die-tuerkische-leiter\/#breadcrumb"},"inLanguage":"de-DE","potentialAction":[{"@type":"ReadAction","target":["https:\/\/www.lunaminoica.it\/de\/umfeld\/die-tuerkische-leiter\/"]}]},{"@type":"BreadcrumbList","@id":"https:\/\/www.lunaminoica.it\/de\/umfeld\/die-tuerkische-leiter\/#breadcrumb","itemListElement":[{"@type":"ListItem","position":1,"name":"Home","item":"https:\/\/www.lunaminoica.it\/de\/"},{"@type":"ListItem","position":2,"name":"Umfeld","item":"https:\/\/www.lunaminoica.it\/de\/umfeld\/"},{"@type":"ListItem","position":3,"name":"Die T\u00fcrkische Leiter"}]},{"@type":"WebSite","@id":"https:\/\/www.lunaminoica.it\/de\/#website","url":"https:\/\/www.lunaminoica.it\/de\/","name":"Luna Minoica Suites & Apartments","description":"Just another ms.decms.eu site","potentialAction":[{"@type":"SearchAction","target":{"@type":"EntryPoint","urlTemplate":"https:\/\/www.lunaminoica.it\/de\/?s={search_term_string}"},"query-input":{"@type":"PropertyValueSpecification","valueRequired":true,"valueName":"search_term_string"}}],"inLanguage":"de-DE"}]}},"acf":[],"_links":{"self":[{"href":"https:\/\/www.lunaminoica.it\/de\/wp-json\/wp\/v2\/pages\/337","targetHints":{"allow":["GET"]}}],"collection":[{"href":"https:\/\/www.lunaminoica.it\/de\/wp-json\/wp\/v2\/pages"}],"about":[{"href":"https:\/\/www.lunaminoica.it\/de\/wp-json\/wp\/v2\/types\/page"}],"author":[{"embeddable":true,"href":"https:\/\/www.lunaminoica.it\/de\/wp-json\/wp\/v2\/users\/7"}],"replies":[{"embeddable":true,"href":"https:\/\/www.lunaminoica.it\/de\/wp-json\/wp\/v2\/comments?post=337"}],"version-history":[{"count":0,"href":"https:\/\/www.lunaminoica.it\/de\/wp-json\/wp\/v2\/pages\/337\/revisions"}],"up":[{"embeddable":true,"href":"https:\/\/www.lunaminoica.it\/de\/wp-json\/wp\/v2\/pages\/333"}],"wp:attachment":[{"href":"https:\/\/www.lunaminoica.it\/de\/wp-json\/wp\/v2\/media?parent=337"}],"curies":[{"name":"wp","href":"https:\/\/api.w.org\/{rel}","templated":true}]}}