{"id":333,"date":"2022-03-25T15:33:19","date_gmt":"2022-03-25T15:33:19","guid":{"rendered":"https:\/\/luna-minoica.ms.decms.eu\/?page_id=333"},"modified":"2022-03-29T14:28:53","modified_gmt":"2022-03-29T14:28:53","slug":"umfeld","status":"publish","type":"page","link":"https:\/\/www.lunaminoica.it\/de\/umfeld\/","title":{"rendered":"Umfeld"},"content":{"rendered":"<p>Wilde Landschaften, feine Sandstr\u00e4nde und wei\u00dfe Kalkmergel,<strong> die in das kristallklare Meer hineinfallen<\/strong>. So stellte sich den griechischen Kolonisatoren die agrigentinische K\u00fcste vor, die von der Sch\u00f6nheit dieser Ort so beeindruckt waren, dass sie eine Kolonie gr\u00fcndeten, die heute noch eine Perle von Sizilien ist : Agrigento.<\/p>\n<p>Vor \u00fcber 2500 Jahren gegr\u00fcndet, Agrigento ist eine Stadt mit alter Geschichte, reich an Kultur mit Monumenten \u00fcbers\u00e4t, die Erinnerungen an antiken Zeiten zur\u00fcckbringen.<\/p>\n<p>Aber Agrigento ist viel mehr: ein magisches Territorium, <strong>dessen Sch\u00f6nheit sich im Inland, in Naturschutzgebiet<\/strong> ausbreitet, wo Blumen, Pflanzen und Tiere das Wunder des Lebens verewigen, unter der warmen Sonne von Sizilien. Eine Landschaft mit uralten Zeugnissen menschlicher Pr\u00e4senz, von der griechischen bis zur byzantinischen Kolonisation, bis zu den mittelalterlichen Geb\u00e4uden und den normannischen Schl\u00f6ssern.<\/p>\n","protected":false},"excerpt":{"rendered":"<p>Wilde Landschaften, feine Sandstr\u00e4nde und wei\u00dfe Kalkmergel, die in das kristallklare Meer hineinfallen. So stellte sich den griechischen Kolonisatoren die agrigentinische K\u00fcste vor, die von der Sch\u00f6nheit dieser Ort so beeindruckt waren, dass sie eine Kolonie gr\u00fcndeten, die heute noch eine Perle von Sizilien ist : Agrigento. Vor \u00fcber 2500 Jahren gegr\u00fcndet, Agrigento ist eine [&hellip;]<\/p>\n","protected":false},"author":7,"featured_media":0,"parent":0,"menu_order":40,"comment_status":"closed","ping_status":"closed","template":"template-surroundings.php","meta":{"footnotes":""},"class_list":["post-333","page","type-page","status-publish","hentry"],"yoast_head":"<!-- This site is optimized with the Yoast SEO plugin v26.9 - https:\/\/yoast.com\/product\/yoast-seo-wordpress\/ -->\n<title>Umfeld ~ Luna Minoica Suites &amp; Apartments ~<\/title>\n<meta name=\"description\" content=\"Wilde Landschaften, feine Sandstr\u00e4nde und wei\u00dfe Kalkmergel, die in das kristallklare Meer hineinfallen. So stellte sich den griechischen Kolonisatoren die agrigentinische K\u00fcste vor, die von der Sch\u00f6nheit dieser Ort so beeindruckt waren, dass sie eine Kolonie gr\u00fcndeten, die heute noch eine Perle von Sizilien ist : Agrigento.  Vor \u00fcber 2500 Jahren gegr\u00fcndet, Agrigento ist eine Stadt mit alter Geschichte, reich an Kultur mit Monumenten \u00fcbers\u00e4t, die Erinnerungen an antiken Zeiten zur\u00fcckbringen.  Aber Agrigento ist viel mehr: ein magisches Territorium, dessen Sch\u00f6nheit sich im Inland, in Naturschutzgebiet ausbreitet, wo Blumen, Pflanzen und Tiere das Wunder des Lebens verewigen, unter der warmen Sonne von Sizilien\" \/>\n<meta name=\"robots\" content=\"index, follow, max-snippet:-1, max-image-preview:large, max-video-preview:-1\" \/>\n<link rel=\"canonical\" href=\"https:\/\/www.lunaminoica.it\/de\/umfeld\/\" \/>\n<meta property=\"og:locale\" content=\"de_DE\" \/>\n<meta property=\"og:type\" content=\"article\" \/>\n<meta property=\"og:title\" content=\"Umfeld ~ Luna Minoica Suites &amp; Apartments ~\" \/>\n<meta property=\"og:description\" content=\"Wilde Landschaften, feine Sandstr\u00e4nde und wei\u00dfe Kalkmergel, die in das kristallklare Meer hineinfallen. So stellte sich den griechischen Kolonisatoren die agrigentinische K\u00fcste vor, die von der Sch\u00f6nheit dieser Ort so beeindruckt waren, dass sie eine Kolonie gr\u00fcndeten, die heute noch eine Perle von Sizilien ist : Agrigento.  Vor \u00fcber 2500 Jahren gegr\u00fcndet, Agrigento ist eine Stadt mit alter Geschichte, reich an Kultur mit Monumenten \u00fcbers\u00e4t, die Erinnerungen an antiken Zeiten zur\u00fcckbringen.  Aber Agrigento ist viel mehr: ein magisches Territorium, dessen Sch\u00f6nheit sich im Inland, in Naturschutzgebiet ausbreitet, wo Blumen, Pflanzen und Tiere das Wunder des Lebens verewigen, unter der warmen Sonne von Sizilien\" \/>\n<meta property=\"og:url\" content=\"https:\/\/www.lunaminoica.it\/de\/umfeld\/\" \/>\n<meta property=\"og:site_name\" content=\"Luna Minoica Suites &amp; Apartments\" \/>\n<meta property=\"article:modified_time\" content=\"2022-03-29T14:28:53+00:00\" \/>\n<meta name=\"twitter:card\" content=\"summary_large_image\" \/>\n<meta name=\"twitter:label1\" content=\"Gesch\u00e4tzte Lesezeit\" \/>\n\t<meta name=\"twitter:data1\" content=\"1 Minute\" \/>\n<script type=\"application\/ld+json\" class=\"yoast-schema-graph\">{\"@context\":\"https:\/\/schema.org\",\"@graph\":[{\"@type\":\"WebPage\",\"@id\":\"https:\/\/www.lunaminoica.it\/de\/umfeld\/\",\"url\":\"https:\/\/www.lunaminoica.it\/de\/umfeld\/\",\"name\":\"Umfeld ~ Luna Minoica Suites & Apartments ~\",\"isPartOf\":{\"@id\":\"https:\/\/www.lunaminoica.it\/de\/#website\"},\"datePublished\":\"2022-03-25T15:33:19+00:00\",\"dateModified\":\"2022-03-29T14:28:53+00:00\",\"description\":\"Wilde Landschaften, feine Sandstr\u00e4nde und wei\u00dfe Kalkmergel, die in das kristallklare Meer hineinfallen. So stellte sich den griechischen Kolonisatoren die agrigentinische K\u00fcste vor, die von der Sch\u00f6nheit dieser Ort so beeindruckt waren, dass sie eine Kolonie gr\u00fcndeten, die heute noch eine Perle von Sizilien ist : Agrigento. Vor \u00fcber 2500 Jahren gegr\u00fcndet, Agrigento ist eine Stadt mit alter Geschichte, reich an Kultur mit Monumenten \u00fcbers\u00e4t, die Erinnerungen an antiken Zeiten zur\u00fcckbringen. Aber Agrigento ist viel mehr: ein magisches Territorium, dessen Sch\u00f6nheit sich im Inland, in Naturschutzgebiet ausbreitet, wo Blumen, Pflanzen und Tiere das Wunder des Lebens verewigen, unter der warmen Sonne von Sizilien\",\"breadcrumb\":{\"@id\":\"https:\/\/www.lunaminoica.it\/de\/umfeld\/#breadcrumb\"},\"inLanguage\":\"de-DE\",\"potentialAction\":[{\"@type\":\"ReadAction\",\"target\":[\"https:\/\/www.lunaminoica.it\/de\/umfeld\/\"]}]},{\"@type\":\"BreadcrumbList\",\"@id\":\"https:\/\/www.lunaminoica.it\/de\/umfeld\/#breadcrumb\",\"itemListElement\":[{\"@type\":\"ListItem\",\"position\":1,\"name\":\"Home\",\"item\":\"https:\/\/www.lunaminoica.it\/de\/\"},{\"@type\":\"ListItem\",\"position\":2,\"name\":\"Umfeld\"}]},{\"@type\":\"WebSite\",\"@id\":\"https:\/\/www.lunaminoica.it\/de\/#website\",\"url\":\"https:\/\/www.lunaminoica.it\/de\/\",\"name\":\"Luna Minoica Suites & Apartments\",\"description\":\"Just another ms.decms.eu site\",\"potentialAction\":[{\"@type\":\"SearchAction\",\"target\":{\"@type\":\"EntryPoint\",\"urlTemplate\":\"https:\/\/www.lunaminoica.it\/de\/?s={search_term_string}\"},\"query-input\":{\"@type\":\"PropertyValueSpecification\",\"valueRequired\":true,\"valueName\":\"search_term_string\"}}],\"inLanguage\":\"de-DE\"}]}<\/script>\n<!-- \/ Yoast SEO plugin. -->","yoast_head_json":{"title":"Umfeld ~ Luna Minoica Suites & Apartments ~","description":"Wilde Landschaften, feine Sandstr\u00e4nde und wei\u00dfe Kalkmergel, die in das kristallklare Meer hineinfallen. So stellte sich den griechischen Kolonisatoren die agrigentinische K\u00fcste vor, die von der Sch\u00f6nheit dieser Ort so beeindruckt waren, dass sie eine Kolonie gr\u00fcndeten, die heute noch eine Perle von Sizilien ist : Agrigento.  Vor \u00fcber 2500 Jahren gegr\u00fcndet, Agrigento ist eine Stadt mit alter Geschichte, reich an Kultur mit Monumenten \u00fcbers\u00e4t, die Erinnerungen an antiken Zeiten zur\u00fcckbringen.  Aber Agrigento ist viel mehr: ein magisches Territorium, dessen Sch\u00f6nheit sich im Inland, in Naturschutzgebiet ausbreitet, wo Blumen, Pflanzen und Tiere das Wunder des Lebens verewigen, unter der warmen Sonne von Sizilien","robots":{"index":"index","follow":"follow","max-snippet":"max-snippet:-1","max-image-preview":"max-image-preview:large","max-video-preview":"max-video-preview:-1"},"canonical":"https:\/\/www.lunaminoica.it\/de\/umfeld\/","og_locale":"de_DE","og_type":"article","og_title":"Umfeld ~ Luna Minoica Suites & Apartments ~","og_description":"Wilde Landschaften, feine Sandstr\u00e4nde und wei\u00dfe Kalkmergel, die in das kristallklare Meer hineinfallen. So stellte sich den griechischen Kolonisatoren die agrigentinische K\u00fcste vor, die von der Sch\u00f6nheit dieser Ort so beeindruckt waren, dass sie eine Kolonie gr\u00fcndeten, die heute noch eine Perle von Sizilien ist : Agrigento.  Vor \u00fcber 2500 Jahren gegr\u00fcndet, Agrigento ist eine Stadt mit alter Geschichte, reich an Kultur mit Monumenten \u00fcbers\u00e4t, die Erinnerungen an antiken Zeiten zur\u00fcckbringen.  Aber Agrigento ist viel mehr: ein magisches Territorium, dessen Sch\u00f6nheit sich im Inland, in Naturschutzgebiet ausbreitet, wo Blumen, Pflanzen und Tiere das Wunder des Lebens verewigen, unter der warmen Sonne von Sizilien","og_url":"https:\/\/www.lunaminoica.it\/de\/umfeld\/","og_site_name":"Luna Minoica Suites & Apartments","article_modified_time":"2022-03-29T14:28:53+00:00","twitter_card":"summary_large_image","twitter_misc":{"Gesch\u00e4tzte Lesezeit":"1 Minute"},"schema":{"@context":"https:\/\/schema.org","@graph":[{"@type":"WebPage","@id":"https:\/\/www.lunaminoica.it\/de\/umfeld\/","url":"https:\/\/www.lunaminoica.it\/de\/umfeld\/","name":"Umfeld ~ Luna Minoica Suites & Apartments ~","isPartOf":{"@id":"https:\/\/www.lunaminoica.it\/de\/#website"},"datePublished":"2022-03-25T15:33:19+00:00","dateModified":"2022-03-29T14:28:53+00:00","description":"Wilde Landschaften, feine Sandstr\u00e4nde und wei\u00dfe Kalkmergel, die in das kristallklare Meer hineinfallen. So stellte sich den griechischen Kolonisatoren die agrigentinische K\u00fcste vor, die von der Sch\u00f6nheit dieser Ort so beeindruckt waren, dass sie eine Kolonie gr\u00fcndeten, die heute noch eine Perle von Sizilien ist : Agrigento. Vor \u00fcber 2500 Jahren gegr\u00fcndet, Agrigento ist eine Stadt mit alter Geschichte, reich an Kultur mit Monumenten \u00fcbers\u00e4t, die Erinnerungen an antiken Zeiten zur\u00fcckbringen. Aber Agrigento ist viel mehr: ein magisches Territorium, dessen Sch\u00f6nheit sich im Inland, in Naturschutzgebiet ausbreitet, wo Blumen, Pflanzen und Tiere das Wunder des Lebens verewigen, unter der warmen Sonne von Sizilien","breadcrumb":{"@id":"https:\/\/www.lunaminoica.it\/de\/umfeld\/#breadcrumb"},"inLanguage":"de-DE","potentialAction":[{"@type":"ReadAction","target":["https:\/\/www.lunaminoica.it\/de\/umfeld\/"]}]},{"@type":"BreadcrumbList","@id":"https:\/\/www.lunaminoica.it\/de\/umfeld\/#breadcrumb","itemListElement":[{"@type":"ListItem","position":1,"name":"Home","item":"https:\/\/www.lunaminoica.it\/de\/"},{"@type":"ListItem","position":2,"name":"Umfeld"}]},{"@type":"WebSite","@id":"https:\/\/www.lunaminoica.it\/de\/#website","url":"https:\/\/www.lunaminoica.it\/de\/","name":"Luna Minoica Suites & Apartments","description":"Just another ms.decms.eu site","potentialAction":[{"@type":"SearchAction","target":{"@type":"EntryPoint","urlTemplate":"https:\/\/www.lunaminoica.it\/de\/?s={search_term_string}"},"query-input":{"@type":"PropertyValueSpecification","valueRequired":true,"valueName":"search_term_string"}}],"inLanguage":"de-DE"}]}},"acf":[],"_links":{"self":[{"href":"https:\/\/www.lunaminoica.it\/de\/wp-json\/wp\/v2\/pages\/333","targetHints":{"allow":["GET"]}}],"collection":[{"href":"https:\/\/www.lunaminoica.it\/de\/wp-json\/wp\/v2\/pages"}],"about":[{"href":"https:\/\/www.lunaminoica.it\/de\/wp-json\/wp\/v2\/types\/page"}],"author":[{"embeddable":true,"href":"https:\/\/www.lunaminoica.it\/de\/wp-json\/wp\/v2\/users\/7"}],"replies":[{"embeddable":true,"href":"https:\/\/www.lunaminoica.it\/de\/wp-json\/wp\/v2\/comments?post=333"}],"version-history":[{"count":0,"href":"https:\/\/www.lunaminoica.it\/de\/wp-json\/wp\/v2\/pages\/333\/revisions"}],"wp:attachment":[{"href":"https:\/\/www.lunaminoica.it\/de\/wp-json\/wp\/v2\/media?parent=333"}],"curies":[{"name":"wp","href":"https:\/\/api.w.org\/{rel}","templated":true}]}}