{"id":322,"date":"2022-03-25T14:40:01","date_gmt":"2022-03-25T14:40:01","guid":{"rendered":"https:\/\/luna-minoica.ms.decms.eu\/?page_id=322"},"modified":"2022-03-25T14:40:01","modified_gmt":"2022-03-25T14:40:01","slug":"das-tal-der-tempel","status":"publish","type":"page","link":"https:\/\/www.lunaminoica.it\/de\/umfeld\/das-tal-der-tempel\/","title":{"rendered":"Das Tal der Tempel"},"content":{"rendered":"<p>Nur 30 km von Luna Minoica Suites &amp; Apartments entfernt, ist Agrigento ein Muss f\u00fcr Touristen, die die Kunst und Kultur dieser Gegend kennenlernen m\u00f6chten.<\/p>\n<p>Etwas au\u00dferhalb der Stadt, in Entsprechung zum urspr\u00fcnglichen alten Kern von Agrigento, liegt das Tal der Tempel. Heute ein regionaler arch\u00e4ologischer Park, wurde er 1997 in die UNESCO-Liste des Weltkulturerbes aufgenommen. Im arch\u00e4ologischen Park &#8211; dem gr\u00f6\u00dften der Welt mit einer Ausdehnung von 1.300 Hektar &#8211; kann man eine Reihe wichtiger Tempel und Bauwerke im dorischen Stil der griechischen Epoche bewundern. Der au\u00dfergew\u00f6hnliche Zustand der Bauwerke macht den Besuch im Tal der Tempel zu einem einzigartigen kulturellen Erlebnis.<\/p>\n<p>Die Stadt <b>Agrigento wurde 580 v. Chr<\/b>. gegr\u00fcndet.<\/p>\n<p>Die verschiedenen Herrscher ( Griechen und R\u00f6mer, Byzantiner, Araber und Normannen) haben die Kultur der Stadt einzigartig gepr\u00e4gt: Sie k\u00f6nnen durch die Stra\u00dfen der Altstadt spazieren und mittelalterliche Geb\u00e4ude neben griechischen und r\u00f6mischen Ruinen sowie mittelalterliche Kirchen und Pal\u00e4ste aus dem fr\u00fchen 9. Jahrhundert bewundern.<\/p>\n","protected":false},"excerpt":{"rendered":"<p>Nur 30 km von Luna Minoica Suites &amp; Apartments entfernt, ist Agrigento ein Muss f\u00fcr Touristen, die die Kunst und Kultur dieser Gegend kennenlernen m\u00f6chten. Etwas au\u00dferhalb der Stadt, in Entsprechung zum urspr\u00fcnglichen alten Kern von Agrigento, liegt das Tal der Tempel. Heute ein regionaler arch\u00e4ologischer Park, wurde er 1997 in die UNESCO-Liste des Weltkulturerbes [&hellip;]<\/p>\n","protected":false},"author":7,"featured_media":0,"parent":333,"menu_order":0,"comment_status":"closed","ping_status":"closed","template":"template-default-3.php","meta":{"footnotes":""},"class_list":["post-322","page","type-page","status-publish","hentry"],"yoast_head":"<!-- This site is optimized with the Yoast SEO plugin v26.9 - https:\/\/yoast.com\/product\/yoast-seo-wordpress\/ -->\n<title>Das Tal der Tempel ~ Luna Minoica Suites &amp; Apartments ~<\/title>\n<meta name=\"description\" content=\"Nur 30 km von Luna Minoica Suites &amp; Apartments entfernt, ist Agrigento ein Muss f\u00fcr Touristen, die die Kunst und Kultur dieser Gegend kennenlernen m\u00f6chten.  Etwas au\u00dferhalb der Stadt, in Entsprechung zum urspr\u00fcnglichen alten Kern von Agrigento, liegt das Tal der Tempel. Heute ein regionaler arch\u00e4ologischer Park, wurde er 1997 in die UNESCO-Liste des Weltkulturerbes aufgenommen\" \/>\n<meta name=\"robots\" content=\"index, follow, max-snippet:-1, max-image-preview:large, max-video-preview:-1\" \/>\n<link rel=\"canonical\" href=\"https:\/\/www.lunaminoica.it\/de\/umfeld\/das-tal-der-tempel\/\" \/>\n<meta property=\"og:locale\" content=\"de_DE\" \/>\n<meta property=\"og:type\" content=\"article\" \/>\n<meta property=\"og:title\" content=\"Das Tal der Tempel ~ Luna Minoica Suites &amp; Apartments ~\" \/>\n<meta property=\"og:description\" content=\"Nur 30 km von Luna Minoica Suites &amp; Apartments entfernt, ist Agrigento ein Muss f\u00fcr Touristen, die die Kunst und Kultur dieser Gegend kennenlernen m\u00f6chten.  Etwas au\u00dferhalb der Stadt, in Entsprechung zum urspr\u00fcnglichen alten Kern von Agrigento, liegt das Tal der Tempel. Heute ein regionaler arch\u00e4ologischer Park, wurde er 1997 in die UNESCO-Liste des Weltkulturerbes aufgenommen\" \/>\n<meta property=\"og:url\" content=\"https:\/\/www.lunaminoica.it\/de\/umfeld\/das-tal-der-tempel\/\" \/>\n<meta property=\"og:site_name\" content=\"Luna Minoica Suites &amp; Apartments\" \/>\n<meta name=\"twitter:card\" content=\"summary_large_image\" \/>\n<meta name=\"twitter:label1\" content=\"Gesch\u00e4tzte Lesezeit\" \/>\n\t<meta name=\"twitter:data1\" content=\"1 Minute\" \/>\n<script type=\"application\/ld+json\" class=\"yoast-schema-graph\">{\"@context\":\"https:\/\/schema.org\",\"@graph\":[{\"@type\":\"WebPage\",\"@id\":\"https:\/\/www.lunaminoica.it\/de\/umfeld\/das-tal-der-tempel\/\",\"url\":\"https:\/\/www.lunaminoica.it\/de\/umfeld\/das-tal-der-tempel\/\",\"name\":\"Das Tal der Tempel ~ Luna Minoica Suites & Apartments ~\",\"isPartOf\":{\"@id\":\"https:\/\/www.lunaminoica.it\/de\/#website\"},\"datePublished\":\"2022-03-25T14:40:01+00:00\",\"description\":\"Nur 30 km von Luna Minoica Suites &amp; Apartments entfernt, ist Agrigento ein Muss f\u00fcr Touristen, die die Kunst und Kultur dieser Gegend kennenlernen m\u00f6chten. Etwas au\u00dferhalb der Stadt, in Entsprechung zum urspr\u00fcnglichen alten Kern von Agrigento, liegt das Tal der Tempel. Heute ein regionaler arch\u00e4ologischer Park, wurde er 1997 in die UNESCO-Liste des Weltkulturerbes aufgenommen\",\"breadcrumb\":{\"@id\":\"https:\/\/www.lunaminoica.it\/de\/umfeld\/das-tal-der-tempel\/#breadcrumb\"},\"inLanguage\":\"de-DE\",\"potentialAction\":[{\"@type\":\"ReadAction\",\"target\":[\"https:\/\/www.lunaminoica.it\/de\/umfeld\/das-tal-der-tempel\/\"]}]},{\"@type\":\"BreadcrumbList\",\"@id\":\"https:\/\/www.lunaminoica.it\/de\/umfeld\/das-tal-der-tempel\/#breadcrumb\",\"itemListElement\":[{\"@type\":\"ListItem\",\"position\":1,\"name\":\"Home\",\"item\":\"https:\/\/www.lunaminoica.it\/de\/\"},{\"@type\":\"ListItem\",\"position\":2,\"name\":\"Umfeld\",\"item\":\"https:\/\/www.lunaminoica.it\/de\/umfeld\/\"},{\"@type\":\"ListItem\",\"position\":3,\"name\":\"Das Tal der Tempel\"}]},{\"@type\":\"WebSite\",\"@id\":\"https:\/\/www.lunaminoica.it\/de\/#website\",\"url\":\"https:\/\/www.lunaminoica.it\/de\/\",\"name\":\"Luna Minoica Suites & Apartments\",\"description\":\"Just another ms.decms.eu site\",\"potentialAction\":[{\"@type\":\"SearchAction\",\"target\":{\"@type\":\"EntryPoint\",\"urlTemplate\":\"https:\/\/www.lunaminoica.it\/de\/?s={search_term_string}\"},\"query-input\":{\"@type\":\"PropertyValueSpecification\",\"valueRequired\":true,\"valueName\":\"search_term_string\"}}],\"inLanguage\":\"de-DE\"}]}<\/script>\n<!-- \/ Yoast SEO plugin. -->","yoast_head_json":{"title":"Das Tal der Tempel ~ Luna Minoica Suites & Apartments ~","description":"Nur 30 km von Luna Minoica Suites &amp; Apartments entfernt, ist Agrigento ein Muss f\u00fcr Touristen, die die Kunst und Kultur dieser Gegend kennenlernen m\u00f6chten.  Etwas au\u00dferhalb der Stadt, in Entsprechung zum urspr\u00fcnglichen alten Kern von Agrigento, liegt das Tal der Tempel. Heute ein regionaler arch\u00e4ologischer Park, wurde er 1997 in die UNESCO-Liste des Weltkulturerbes aufgenommen","robots":{"index":"index","follow":"follow","max-snippet":"max-snippet:-1","max-image-preview":"max-image-preview:large","max-video-preview":"max-video-preview:-1"},"canonical":"https:\/\/www.lunaminoica.it\/de\/umfeld\/das-tal-der-tempel\/","og_locale":"de_DE","og_type":"article","og_title":"Das Tal der Tempel ~ Luna Minoica Suites & Apartments ~","og_description":"Nur 30 km von Luna Minoica Suites &amp; Apartments entfernt, ist Agrigento ein Muss f\u00fcr Touristen, die die Kunst und Kultur dieser Gegend kennenlernen m\u00f6chten.  Etwas au\u00dferhalb der Stadt, in Entsprechung zum urspr\u00fcnglichen alten Kern von Agrigento, liegt das Tal der Tempel. Heute ein regionaler arch\u00e4ologischer Park, wurde er 1997 in die UNESCO-Liste des Weltkulturerbes aufgenommen","og_url":"https:\/\/www.lunaminoica.it\/de\/umfeld\/das-tal-der-tempel\/","og_site_name":"Luna Minoica Suites & Apartments","twitter_card":"summary_large_image","twitter_misc":{"Gesch\u00e4tzte Lesezeit":"1 Minute"},"schema":{"@context":"https:\/\/schema.org","@graph":[{"@type":"WebPage","@id":"https:\/\/www.lunaminoica.it\/de\/umfeld\/das-tal-der-tempel\/","url":"https:\/\/www.lunaminoica.it\/de\/umfeld\/das-tal-der-tempel\/","name":"Das Tal der Tempel ~ Luna Minoica Suites & Apartments ~","isPartOf":{"@id":"https:\/\/www.lunaminoica.it\/de\/#website"},"datePublished":"2022-03-25T14:40:01+00:00","description":"Nur 30 km von Luna Minoica Suites &amp; Apartments entfernt, ist Agrigento ein Muss f\u00fcr Touristen, die die Kunst und Kultur dieser Gegend kennenlernen m\u00f6chten. Etwas au\u00dferhalb der Stadt, in Entsprechung zum urspr\u00fcnglichen alten Kern von Agrigento, liegt das Tal der Tempel. Heute ein regionaler arch\u00e4ologischer Park, wurde er 1997 in die UNESCO-Liste des Weltkulturerbes aufgenommen","breadcrumb":{"@id":"https:\/\/www.lunaminoica.it\/de\/umfeld\/das-tal-der-tempel\/#breadcrumb"},"inLanguage":"de-DE","potentialAction":[{"@type":"ReadAction","target":["https:\/\/www.lunaminoica.it\/de\/umfeld\/das-tal-der-tempel\/"]}]},{"@type":"BreadcrumbList","@id":"https:\/\/www.lunaminoica.it\/de\/umfeld\/das-tal-der-tempel\/#breadcrumb","itemListElement":[{"@type":"ListItem","position":1,"name":"Home","item":"https:\/\/www.lunaminoica.it\/de\/"},{"@type":"ListItem","position":2,"name":"Umfeld","item":"https:\/\/www.lunaminoica.it\/de\/umfeld\/"},{"@type":"ListItem","position":3,"name":"Das Tal der Tempel"}]},{"@type":"WebSite","@id":"https:\/\/www.lunaminoica.it\/de\/#website","url":"https:\/\/www.lunaminoica.it\/de\/","name":"Luna Minoica Suites & Apartments","description":"Just another ms.decms.eu site","potentialAction":[{"@type":"SearchAction","target":{"@type":"EntryPoint","urlTemplate":"https:\/\/www.lunaminoica.it\/de\/?s={search_term_string}"},"query-input":{"@type":"PropertyValueSpecification","valueRequired":true,"valueName":"search_term_string"}}],"inLanguage":"de-DE"}]}},"acf":[],"_links":{"self":[{"href":"https:\/\/www.lunaminoica.it\/de\/wp-json\/wp\/v2\/pages\/322","targetHints":{"allow":["GET"]}}],"collection":[{"href":"https:\/\/www.lunaminoica.it\/de\/wp-json\/wp\/v2\/pages"}],"about":[{"href":"https:\/\/www.lunaminoica.it\/de\/wp-json\/wp\/v2\/types\/page"}],"author":[{"embeddable":true,"href":"https:\/\/www.lunaminoica.it\/de\/wp-json\/wp\/v2\/users\/7"}],"replies":[{"embeddable":true,"href":"https:\/\/www.lunaminoica.it\/de\/wp-json\/wp\/v2\/comments?post=322"}],"version-history":[{"count":0,"href":"https:\/\/www.lunaminoica.it\/de\/wp-json\/wp\/v2\/pages\/322\/revisions"}],"up":[{"embeddable":true,"href":"https:\/\/www.lunaminoica.it\/de\/wp-json\/wp\/v2\/pages\/333"}],"wp:attachment":[{"href":"https:\/\/www.lunaminoica.it\/de\/wp-json\/wp\/v2\/media?parent=322"}],"curies":[{"name":"wp","href":"https:\/\/api.w.org\/{rel}","templated":true}]}}