{"id":32,"date":"2022-03-04T11:44:55","date_gmt":"2022-03-04T11:44:55","guid":{"rendered":"https:\/\/luna-minoica.ms.decms.eu\/camera-doppia-standard\/"},"modified":"2024-02-07T12:10:07","modified_gmt":"2024-02-07T12:10:07","slug":"standard-doppelzimmer","status":"publish","type":"page","link":"https:\/\/www.lunaminoica.it\/de\/zimmer\/standard-doppelzimmer\/","title":{"rendered":"Komfortzimmer Meerblick"},"content":{"rendered":"<p>NEU 2024<\/p>\n<p>Brandneue, frisch renovierte Zimmer, Doppel- oder Zweibettzimmer, mit klarem, funktionellem Stil. Sie sind vom Hauptgeb\u00e4ude getrennt und befinden sich im h\u00fcgeligen Teil des Geb\u00e4udes, umgeben von Gr\u00fcn und mit einem herrlichen Blick aufs Meer.<\/p>\n<p>Die Comfort-Zimmer haben einen eigenen Eingang, ein Bad mit gro\u00dfer Dusche und eine kleine m\u00f6blierte Terrasse mit Meerblick, von der aus man atemberaubende Sonnenunterg\u00e4nge genie\u00dfen kann.<\/p>\n","protected":false},"excerpt":{"rendered":"<p>NEU 2024 Brandneue, frisch renovierte Zimmer, Doppel- oder Zweibettzimmer, mit klarem, funktionellem Stil. Sie sind vom Hauptgeb\u00e4ude getrennt und befinden sich im h\u00fcgeligen Teil des Geb\u00e4udes, umgeben von Gr\u00fcn und mit einem herrlichen Blick aufs Meer. Die Comfort-Zimmer haben einen eigenen Eingang, ein Bad mit gro\u00dfer Dusche und eine kleine m\u00f6blierte Terrasse mit Meerblick, von [&hellip;]<\/p>\n","protected":false},"author":7,"featured_media":0,"parent":41,"menu_order":2,"comment_status":"closed","ping_status":"closed","template":"template-single-room.php","meta":{"footnotes":""},"class_list":["post-32","page","type-page","status-publish","hentry"],"yoast_head":"<!-- This site is optimized with the Yoast SEO plugin v26.9 - https:\/\/yoast.com\/product\/yoast-seo-wordpress\/ -->\n<title>Komfortzimmer Meerblick ~ Luna Minoica Suites &amp; Apartments ~<\/title>\n<meta name=\"description\" content=\"NEU 2024  Brandneue, frisch renovierte Zimmer, Doppel- oder Zweibettzimmer, mit klarem, funktionellem Stil. Sie sind vom Hauptgeb\u00e4ude getrennt und befinden sich im h\u00fcgeligen Teil des Geb\u00e4udes, umgeben von Gr\u00fcn und mit einem herrlichen Blick aufs Meer.  Die Comfort-Zimmer haben einen eigenen Eingang, ein Bad mit gro\u00dfer Dusche und eine kleine m\u00f6blierte Terrasse mit Meerblick, von der aus man atemberaubende Sonnenunterg\u00e4nge genie\u00dfen kann.\" \/>\n<meta name=\"robots\" content=\"index, follow, max-snippet:-1, max-image-preview:large, max-video-preview:-1\" \/>\n<link rel=\"canonical\" href=\"https:\/\/www.lunaminoica.it\/de\/zimmer\/standard-doppelzimmer\/\" \/>\n<meta property=\"og:locale\" content=\"de_DE\" \/>\n<meta property=\"og:type\" content=\"article\" \/>\n<meta property=\"og:title\" content=\"Komfortzimmer Meerblick ~ Luna Minoica Suites &amp; Apartments ~\" \/>\n<meta property=\"og:description\" content=\"NEU 2024  Brandneue, frisch renovierte Zimmer, Doppel- oder Zweibettzimmer, mit klarem, funktionellem Stil. Sie sind vom Hauptgeb\u00e4ude getrennt und befinden sich im h\u00fcgeligen Teil des Geb\u00e4udes, umgeben von Gr\u00fcn und mit einem herrlichen Blick aufs Meer.  Die Comfort-Zimmer haben einen eigenen Eingang, ein Bad mit gro\u00dfer Dusche und eine kleine m\u00f6blierte Terrasse mit Meerblick, von der aus man atemberaubende Sonnenunterg\u00e4nge genie\u00dfen kann.\" \/>\n<meta property=\"og:url\" content=\"https:\/\/www.lunaminoica.it\/de\/zimmer\/standard-doppelzimmer\/\" \/>\n<meta property=\"og:site_name\" content=\"Luna Minoica Suites &amp; Apartments\" \/>\n<meta property=\"article:modified_time\" content=\"2024-02-07T12:10:07+00:00\" \/>\n<meta name=\"twitter:card\" content=\"summary_large_image\" \/>\n<script type=\"application\/ld+json\" class=\"yoast-schema-graph\">{\"@context\":\"https:\/\/schema.org\",\"@graph\":[{\"@type\":\"WebPage\",\"@id\":\"https:\/\/www.lunaminoica.it\/de\/zimmer\/standard-doppelzimmer\/\",\"url\":\"https:\/\/www.lunaminoica.it\/de\/zimmer\/standard-doppelzimmer\/\",\"name\":\"Komfortzimmer Meerblick ~ Luna Minoica Suites & Apartments ~\",\"isPartOf\":{\"@id\":\"https:\/\/www.lunaminoica.it\/de\/#website\"},\"datePublished\":\"2022-03-04T11:44:55+00:00\",\"dateModified\":\"2024-02-07T12:10:07+00:00\",\"description\":\"NEU 2024 Brandneue, frisch renovierte Zimmer, Doppel- oder Zweibettzimmer, mit klarem, funktionellem Stil. Sie sind vom Hauptgeb\u00e4ude getrennt und befinden sich im h\u00fcgeligen Teil des Geb\u00e4udes, umgeben von Gr\u00fcn und mit einem herrlichen Blick aufs Meer. Die Comfort-Zimmer haben einen eigenen Eingang, ein Bad mit gro\u00dfer Dusche und eine kleine m\u00f6blierte Terrasse mit Meerblick, von der aus man atemberaubende Sonnenunterg\u00e4nge genie\u00dfen kann.\",\"breadcrumb\":{\"@id\":\"https:\/\/www.lunaminoica.it\/de\/zimmer\/standard-doppelzimmer\/#breadcrumb\"},\"inLanguage\":\"de-DE\",\"potentialAction\":[{\"@type\":\"ReadAction\",\"target\":[\"https:\/\/www.lunaminoica.it\/de\/zimmer\/standard-doppelzimmer\/\"]}]},{\"@type\":\"BreadcrumbList\",\"@id\":\"https:\/\/www.lunaminoica.it\/de\/zimmer\/standard-doppelzimmer\/#breadcrumb\",\"itemListElement\":[{\"@type\":\"ListItem\",\"position\":1,\"name\":\"Home\",\"item\":\"https:\/\/www.lunaminoica.it\/de\/\"},{\"@type\":\"ListItem\",\"position\":2,\"name\":\"Zimmer\",\"item\":\"https:\/\/www.lunaminoica.it\/de\/zimmer\/\"},{\"@type\":\"ListItem\",\"position\":3,\"name\":\"Komfortzimmer Meerblick\"}]},{\"@type\":\"WebSite\",\"@id\":\"https:\/\/www.lunaminoica.it\/de\/#website\",\"url\":\"https:\/\/www.lunaminoica.it\/de\/\",\"name\":\"Luna Minoica Suites & Apartments\",\"description\":\"Just another ms.decms.eu site\",\"potentialAction\":[{\"@type\":\"SearchAction\",\"target\":{\"@type\":\"EntryPoint\",\"urlTemplate\":\"https:\/\/www.lunaminoica.it\/de\/?s={search_term_string}\"},\"query-input\":{\"@type\":\"PropertyValueSpecification\",\"valueRequired\":true,\"valueName\":\"search_term_string\"}}],\"inLanguage\":\"de-DE\"}]}<\/script>\n<!-- \/ Yoast SEO plugin. -->","yoast_head_json":{"title":"Komfortzimmer Meerblick ~ Luna Minoica Suites & Apartments ~","description":"NEU 2024  Brandneue, frisch renovierte Zimmer, Doppel- oder Zweibettzimmer, mit klarem, funktionellem Stil. Sie sind vom Hauptgeb\u00e4ude getrennt und befinden sich im h\u00fcgeligen Teil des Geb\u00e4udes, umgeben von Gr\u00fcn und mit einem herrlichen Blick aufs Meer.  Die Comfort-Zimmer haben einen eigenen Eingang, ein Bad mit gro\u00dfer Dusche und eine kleine m\u00f6blierte Terrasse mit Meerblick, von der aus man atemberaubende Sonnenunterg\u00e4nge genie\u00dfen kann.","robots":{"index":"index","follow":"follow","max-snippet":"max-snippet:-1","max-image-preview":"max-image-preview:large","max-video-preview":"max-video-preview:-1"},"canonical":"https:\/\/www.lunaminoica.it\/de\/zimmer\/standard-doppelzimmer\/","og_locale":"de_DE","og_type":"article","og_title":"Komfortzimmer Meerblick ~ Luna Minoica Suites & Apartments ~","og_description":"NEU 2024  Brandneue, frisch renovierte Zimmer, Doppel- oder Zweibettzimmer, mit klarem, funktionellem Stil. Sie sind vom Hauptgeb\u00e4ude getrennt und befinden sich im h\u00fcgeligen Teil des Geb\u00e4udes, umgeben von Gr\u00fcn und mit einem herrlichen Blick aufs Meer.  Die Comfort-Zimmer haben einen eigenen Eingang, ein Bad mit gro\u00dfer Dusche und eine kleine m\u00f6blierte Terrasse mit Meerblick, von der aus man atemberaubende Sonnenunterg\u00e4nge genie\u00dfen kann.","og_url":"https:\/\/www.lunaminoica.it\/de\/zimmer\/standard-doppelzimmer\/","og_site_name":"Luna Minoica Suites & Apartments","article_modified_time":"2024-02-07T12:10:07+00:00","twitter_card":"summary_large_image","schema":{"@context":"https:\/\/schema.org","@graph":[{"@type":"WebPage","@id":"https:\/\/www.lunaminoica.it\/de\/zimmer\/standard-doppelzimmer\/","url":"https:\/\/www.lunaminoica.it\/de\/zimmer\/standard-doppelzimmer\/","name":"Komfortzimmer Meerblick ~ Luna Minoica Suites & Apartments ~","isPartOf":{"@id":"https:\/\/www.lunaminoica.it\/de\/#website"},"datePublished":"2022-03-04T11:44:55+00:00","dateModified":"2024-02-07T12:10:07+00:00","description":"NEU 2024 Brandneue, frisch renovierte Zimmer, Doppel- oder Zweibettzimmer, mit klarem, funktionellem Stil. Sie sind vom Hauptgeb\u00e4ude getrennt und befinden sich im h\u00fcgeligen Teil des Geb\u00e4udes, umgeben von Gr\u00fcn und mit einem herrlichen Blick aufs Meer. Die Comfort-Zimmer haben einen eigenen Eingang, ein Bad mit gro\u00dfer Dusche und eine kleine m\u00f6blierte Terrasse mit Meerblick, von der aus man atemberaubende Sonnenunterg\u00e4nge genie\u00dfen kann.","breadcrumb":{"@id":"https:\/\/www.lunaminoica.it\/de\/zimmer\/standard-doppelzimmer\/#breadcrumb"},"inLanguage":"de-DE","potentialAction":[{"@type":"ReadAction","target":["https:\/\/www.lunaminoica.it\/de\/zimmer\/standard-doppelzimmer\/"]}]},{"@type":"BreadcrumbList","@id":"https:\/\/www.lunaminoica.it\/de\/zimmer\/standard-doppelzimmer\/#breadcrumb","itemListElement":[{"@type":"ListItem","position":1,"name":"Home","item":"https:\/\/www.lunaminoica.it\/de\/"},{"@type":"ListItem","position":2,"name":"Zimmer","item":"https:\/\/www.lunaminoica.it\/de\/zimmer\/"},{"@type":"ListItem","position":3,"name":"Komfortzimmer Meerblick"}]},{"@type":"WebSite","@id":"https:\/\/www.lunaminoica.it\/de\/#website","url":"https:\/\/www.lunaminoica.it\/de\/","name":"Luna Minoica Suites & Apartments","description":"Just another ms.decms.eu site","potentialAction":[{"@type":"SearchAction","target":{"@type":"EntryPoint","urlTemplate":"https:\/\/www.lunaminoica.it\/de\/?s={search_term_string}"},"query-input":{"@type":"PropertyValueSpecification","valueRequired":true,"valueName":"search_term_string"}}],"inLanguage":"de-DE"}]}},"acf":[],"_links":{"self":[{"href":"https:\/\/www.lunaminoica.it\/de\/wp-json\/wp\/v2\/pages\/32","targetHints":{"allow":["GET"]}}],"collection":[{"href":"https:\/\/www.lunaminoica.it\/de\/wp-json\/wp\/v2\/pages"}],"about":[{"href":"https:\/\/www.lunaminoica.it\/de\/wp-json\/wp\/v2\/types\/page"}],"author":[{"embeddable":true,"href":"https:\/\/www.lunaminoica.it\/de\/wp-json\/wp\/v2\/users\/7"}],"replies":[{"embeddable":true,"href":"https:\/\/www.lunaminoica.it\/de\/wp-json\/wp\/v2\/comments?post=32"}],"version-history":[{"count":0,"href":"https:\/\/www.lunaminoica.it\/de\/wp-json\/wp\/v2\/pages\/32\/revisions"}],"up":[{"embeddable":true,"href":"https:\/\/www.lunaminoica.it\/de\/wp-json\/wp\/v2\/pages\/41"}],"wp:attachment":[{"href":"https:\/\/www.lunaminoica.it\/de\/wp-json\/wp\/v2\/media?parent=32"}],"curies":[{"name":"wp","href":"https:\/\/api.w.org\/{rel}","templated":true}]}}