{"id":220,"date":"2022-03-10T08:06:47","date_gmt":"2022-03-10T08:06:47","guid":{"rendered":"https:\/\/luna-minoica.ms.decms.eu\/?page_id=220"},"modified":"2022-03-10T08:58:09","modified_gmt":"2022-03-10T08:58:09","slug":"lage","status":"publish","type":"page","link":"https:\/\/www.lunaminoica.it\/de\/lage\/","title":{"rendered":"Lage"},"content":{"rendered":"<p>Wilde Landschaften, feinsandige Str\u00e4nde und wei\u00dfe Klippen, die ins kristallklare Meer abfallen. So pr\u00e4sentierte sich die K\u00fcste von Agrigent den griechischen Kolonisatoren, die von der <strong>Sch\u00f6nheit dieser Orte so beeindruckt waren<\/strong>, dass sie eine Kolonie gr\u00fcndeten, die noch heute zu den Perlen Siziliens z\u00e4hlt: Agrigent.<\/p>\n<p>Agrigent wurde vor mehr als 2500 Jahren gegr\u00fcndet und ist eine Stadt mit einer alten Geschichte, <strong>sehr reich an Kultur und \u00fcbers\u00e4t mit Denkm\u00e4lern<\/strong>, die Erinnerungen an die Vergangenheit wecken.<\/p>\n","protected":false},"excerpt":{"rendered":"<p>Wilde Landschaften, feinsandige Str\u00e4nde und wei\u00dfe Klippen, die ins kristallklare Meer abfallen. So pr\u00e4sentierte sich die K\u00fcste von Agrigent den griechischen Kolonisatoren, die von der Sch\u00f6nheit dieser Orte so beeindruckt waren, dass sie eine Kolonie gr\u00fcndeten, die noch heute zu den Perlen Siziliens z\u00e4hlt: Agrigent. Agrigent wurde vor mehr als 2500 Jahren gegr\u00fcndet und ist [&hellip;]<\/p>\n","protected":false},"author":7,"featured_media":0,"parent":0,"menu_order":30,"comment_status":"closed","ping_status":"closed","template":"template-location.php","meta":{"footnotes":""},"class_list":["post-220","page","type-page","status-publish","hentry"],"yoast_head":"<!-- This site is optimized with the Yoast SEO plugin v26.9 - https:\/\/yoast.com\/product\/yoast-seo-wordpress\/ -->\n<title>Lage ~ Luna Minoica Suites &amp; Apartments ~<\/title>\n<meta name=\"description\" content=\"Wilde Landschaften, feinsandige Str\u00e4nde und wei\u00dfe Klippen, die ins kristallklare Meer abfallen. So pr\u00e4sentierte sich die K\u00fcste von Agrigent den griechischen Kolonisatoren, die von der Sch\u00f6nheit dieser Orte so beeindruckt waren, dass sie eine Kolonie gr\u00fcndeten, die noch heute zu den Perlen Siziliens z\u00e4hlt: Agrigent.  Agrigent wurde vor mehr als 2500 Jahren gegr\u00fcndet und ist eine Stadt mit einer alten Geschichte, sehr reich an Kultur und \u00fcbers\u00e4t mit Denkm\u00e4lern, die Erinnerungen an die Vergangenheit wecken.\" \/>\n<meta name=\"robots\" content=\"index, follow, max-snippet:-1, max-image-preview:large, max-video-preview:-1\" \/>\n<link rel=\"canonical\" href=\"https:\/\/www.lunaminoica.it\/de\/lage\/\" \/>\n<meta property=\"og:locale\" content=\"de_DE\" \/>\n<meta property=\"og:type\" content=\"article\" \/>\n<meta property=\"og:title\" content=\"Lage ~ Luna Minoica Suites &amp; Apartments ~\" \/>\n<meta property=\"og:description\" content=\"Wilde Landschaften, feinsandige Str\u00e4nde und wei\u00dfe Klippen, die ins kristallklare Meer abfallen. So pr\u00e4sentierte sich die K\u00fcste von Agrigent den griechischen Kolonisatoren, die von der Sch\u00f6nheit dieser Orte so beeindruckt waren, dass sie eine Kolonie gr\u00fcndeten, die noch heute zu den Perlen Siziliens z\u00e4hlt: Agrigent.  Agrigent wurde vor mehr als 2500 Jahren gegr\u00fcndet und ist eine Stadt mit einer alten Geschichte, sehr reich an Kultur und \u00fcbers\u00e4t mit Denkm\u00e4lern, die Erinnerungen an die Vergangenheit wecken.\" \/>\n<meta property=\"og:url\" content=\"https:\/\/www.lunaminoica.it\/de\/lage\/\" \/>\n<meta property=\"og:site_name\" content=\"Luna Minoica Suites &amp; Apartments\" \/>\n<meta property=\"article:modified_time\" content=\"2022-03-10T08:58:09+00:00\" \/>\n<meta name=\"twitter:card\" content=\"summary_large_image\" \/>\n<meta name=\"twitter:label1\" content=\"Gesch\u00e4tzte Lesezeit\" \/>\n\t<meta name=\"twitter:data1\" content=\"1 Minute\" \/>\n<script type=\"application\/ld+json\" class=\"yoast-schema-graph\">{\"@context\":\"https:\/\/schema.org\",\"@graph\":[{\"@type\":\"WebPage\",\"@id\":\"https:\/\/www.lunaminoica.it\/de\/lage\/\",\"url\":\"https:\/\/www.lunaminoica.it\/de\/lage\/\",\"name\":\"Lage ~ Luna Minoica Suites & Apartments ~\",\"isPartOf\":{\"@id\":\"https:\/\/www.lunaminoica.it\/de\/#website\"},\"datePublished\":\"2022-03-10T08:06:47+00:00\",\"dateModified\":\"2022-03-10T08:58:09+00:00\",\"description\":\"Wilde Landschaften, feinsandige Str\u00e4nde und wei\u00dfe Klippen, die ins kristallklare Meer abfallen. So pr\u00e4sentierte sich die K\u00fcste von Agrigent den griechischen Kolonisatoren, die von der Sch\u00f6nheit dieser Orte so beeindruckt waren, dass sie eine Kolonie gr\u00fcndeten, die noch heute zu den Perlen Siziliens z\u00e4hlt: Agrigent. Agrigent wurde vor mehr als 2500 Jahren gegr\u00fcndet und ist eine Stadt mit einer alten Geschichte, sehr reich an Kultur und \u00fcbers\u00e4t mit Denkm\u00e4lern, die Erinnerungen an die Vergangenheit wecken.\",\"breadcrumb\":{\"@id\":\"https:\/\/www.lunaminoica.it\/de\/lage\/#breadcrumb\"},\"inLanguage\":\"de-DE\",\"potentialAction\":[{\"@type\":\"ReadAction\",\"target\":[\"https:\/\/www.lunaminoica.it\/de\/lage\/\"]}]},{\"@type\":\"BreadcrumbList\",\"@id\":\"https:\/\/www.lunaminoica.it\/de\/lage\/#breadcrumb\",\"itemListElement\":[{\"@type\":\"ListItem\",\"position\":1,\"name\":\"Home\",\"item\":\"https:\/\/www.lunaminoica.it\/de\/\"},{\"@type\":\"ListItem\",\"position\":2,\"name\":\"Lage\"}]},{\"@type\":\"WebSite\",\"@id\":\"https:\/\/www.lunaminoica.it\/de\/#website\",\"url\":\"https:\/\/www.lunaminoica.it\/de\/\",\"name\":\"Luna Minoica Suites & Apartments\",\"description\":\"Just another ms.decms.eu site\",\"potentialAction\":[{\"@type\":\"SearchAction\",\"target\":{\"@type\":\"EntryPoint\",\"urlTemplate\":\"https:\/\/www.lunaminoica.it\/de\/?s={search_term_string}\"},\"query-input\":{\"@type\":\"PropertyValueSpecification\",\"valueRequired\":true,\"valueName\":\"search_term_string\"}}],\"inLanguage\":\"de-DE\"}]}<\/script>\n<!-- \/ Yoast SEO plugin. -->","yoast_head_json":{"title":"Lage ~ Luna Minoica Suites & Apartments ~","description":"Wilde Landschaften, feinsandige Str\u00e4nde und wei\u00dfe Klippen, die ins kristallklare Meer abfallen. So pr\u00e4sentierte sich die K\u00fcste von Agrigent den griechischen Kolonisatoren, die von der Sch\u00f6nheit dieser Orte so beeindruckt waren, dass sie eine Kolonie gr\u00fcndeten, die noch heute zu den Perlen Siziliens z\u00e4hlt: Agrigent.  Agrigent wurde vor mehr als 2500 Jahren gegr\u00fcndet und ist eine Stadt mit einer alten Geschichte, sehr reich an Kultur und \u00fcbers\u00e4t mit Denkm\u00e4lern, die Erinnerungen an die Vergangenheit wecken.","robots":{"index":"index","follow":"follow","max-snippet":"max-snippet:-1","max-image-preview":"max-image-preview:large","max-video-preview":"max-video-preview:-1"},"canonical":"https:\/\/www.lunaminoica.it\/de\/lage\/","og_locale":"de_DE","og_type":"article","og_title":"Lage ~ Luna Minoica Suites & Apartments ~","og_description":"Wilde Landschaften, feinsandige Str\u00e4nde und wei\u00dfe Klippen, die ins kristallklare Meer abfallen. So pr\u00e4sentierte sich die K\u00fcste von Agrigent den griechischen Kolonisatoren, die von der Sch\u00f6nheit dieser Orte so beeindruckt waren, dass sie eine Kolonie gr\u00fcndeten, die noch heute zu den Perlen Siziliens z\u00e4hlt: Agrigent.  Agrigent wurde vor mehr als 2500 Jahren gegr\u00fcndet und ist eine Stadt mit einer alten Geschichte, sehr reich an Kultur und \u00fcbers\u00e4t mit Denkm\u00e4lern, die Erinnerungen an die Vergangenheit wecken.","og_url":"https:\/\/www.lunaminoica.it\/de\/lage\/","og_site_name":"Luna Minoica Suites & Apartments","article_modified_time":"2022-03-10T08:58:09+00:00","twitter_card":"summary_large_image","twitter_misc":{"Gesch\u00e4tzte Lesezeit":"1 Minute"},"schema":{"@context":"https:\/\/schema.org","@graph":[{"@type":"WebPage","@id":"https:\/\/www.lunaminoica.it\/de\/lage\/","url":"https:\/\/www.lunaminoica.it\/de\/lage\/","name":"Lage ~ Luna Minoica Suites & Apartments ~","isPartOf":{"@id":"https:\/\/www.lunaminoica.it\/de\/#website"},"datePublished":"2022-03-10T08:06:47+00:00","dateModified":"2022-03-10T08:58:09+00:00","description":"Wilde Landschaften, feinsandige Str\u00e4nde und wei\u00dfe Klippen, die ins kristallklare Meer abfallen. So pr\u00e4sentierte sich die K\u00fcste von Agrigent den griechischen Kolonisatoren, die von der Sch\u00f6nheit dieser Orte so beeindruckt waren, dass sie eine Kolonie gr\u00fcndeten, die noch heute zu den Perlen Siziliens z\u00e4hlt: Agrigent. Agrigent wurde vor mehr als 2500 Jahren gegr\u00fcndet und ist eine Stadt mit einer alten Geschichte, sehr reich an Kultur und \u00fcbers\u00e4t mit Denkm\u00e4lern, die Erinnerungen an die Vergangenheit wecken.","breadcrumb":{"@id":"https:\/\/www.lunaminoica.it\/de\/lage\/#breadcrumb"},"inLanguage":"de-DE","potentialAction":[{"@type":"ReadAction","target":["https:\/\/www.lunaminoica.it\/de\/lage\/"]}]},{"@type":"BreadcrumbList","@id":"https:\/\/www.lunaminoica.it\/de\/lage\/#breadcrumb","itemListElement":[{"@type":"ListItem","position":1,"name":"Home","item":"https:\/\/www.lunaminoica.it\/de\/"},{"@type":"ListItem","position":2,"name":"Lage"}]},{"@type":"WebSite","@id":"https:\/\/www.lunaminoica.it\/de\/#website","url":"https:\/\/www.lunaminoica.it\/de\/","name":"Luna Minoica Suites & Apartments","description":"Just another ms.decms.eu site","potentialAction":[{"@type":"SearchAction","target":{"@type":"EntryPoint","urlTemplate":"https:\/\/www.lunaminoica.it\/de\/?s={search_term_string}"},"query-input":{"@type":"PropertyValueSpecification","valueRequired":true,"valueName":"search_term_string"}}],"inLanguage":"de-DE"}]}},"acf":[],"_links":{"self":[{"href":"https:\/\/www.lunaminoica.it\/de\/wp-json\/wp\/v2\/pages\/220","targetHints":{"allow":["GET"]}}],"collection":[{"href":"https:\/\/www.lunaminoica.it\/de\/wp-json\/wp\/v2\/pages"}],"about":[{"href":"https:\/\/www.lunaminoica.it\/de\/wp-json\/wp\/v2\/types\/page"}],"author":[{"embeddable":true,"href":"https:\/\/www.lunaminoica.it\/de\/wp-json\/wp\/v2\/users\/7"}],"replies":[{"embeddable":true,"href":"https:\/\/www.lunaminoica.it\/de\/wp-json\/wp\/v2\/comments?post=220"}],"version-history":[{"count":0,"href":"https:\/\/www.lunaminoica.it\/de\/wp-json\/wp\/v2\/pages\/220\/revisions"}],"wp:attachment":[{"href":"https:\/\/www.lunaminoica.it\/de\/wp-json\/wp\/v2\/media?parent=220"}],"curies":[{"name":"wp","href":"https:\/\/api.w.org\/{rel}","templated":true}]}}