{"id":210,"date":"2022-03-09T16:37:12","date_gmt":"2022-03-09T16:37:12","guid":{"rendered":"https:\/\/luna-minoica.ms.decms.eu\/?page_id=210"},"modified":"2022-03-28T10:51:36","modified_gmt":"2022-03-28T10:51:36","slug":"wellness-point","status":"publish","type":"page","link":"https:\/\/www.lunaminoica.it\/de\/wellness-point\/","title":{"rendered":"Wellness Point"},"content":{"rendered":"<p>Als angenehme Ablenkung vom Besuch lokaler Sch\u00f6nheiten <strong>ist unser Wellness Point eine kleine Oase des Wohlbefindens<\/strong>, um sich in unmittelbarer N\u00e4he Ihres Zimmers zu entspannen oder Ihr t\u00e4gliches Fitnessprogramm zu absolvieren.<\/p>\n<p>Unser Wellness Point ist mit <strong>einer Sauna, einem Dampfbad und einem Ruhebereich sowie einem kleinen Fitnessraum<\/strong> mit Blick auf unsere mediterranen G\u00e4rten ausgestattet.<\/p>\n","protected":false},"excerpt":{"rendered":"<p>Als angenehme Ablenkung vom Besuch lokaler Sch\u00f6nheiten ist unser Wellness Point eine kleine Oase des Wohlbefindens, um sich in unmittelbarer N\u00e4he Ihres Zimmers zu entspannen oder Ihr t\u00e4gliches Fitnessprogramm zu absolvieren. Unser Wellness Point ist mit einer Sauna, einem Dampfbad und einem Ruhebereich sowie einem kleinen Fitnessraum mit Blick auf unsere mediterranen G\u00e4rten ausgestattet.<\/p>\n","protected":false},"author":7,"featured_media":0,"parent":0,"menu_order":25,"comment_status":"closed","ping_status":"closed","template":"template-default-4.php","meta":{"footnotes":""},"class_list":["post-210","page","type-page","status-publish","hentry"],"yoast_head":"<!-- This site is optimized with the Yoast SEO plugin v26.9 - https:\/\/yoast.com\/product\/yoast-seo-wordpress\/ -->\n<title>Wellness Point ~ Luna Minoica Suites &amp; Apartments ~<\/title>\n<meta name=\"description\" content=\"Als angenehme Ablenkung vom Besuch lokaler Sch\u00f6nheiten ist unser Wellness Point eine kleine Oase des Wohlbefindens, um sich in unmittelbarer N\u00e4he Ihres Zimmers zu entspannen oder Ihr t\u00e4gliches Fitnessprogramm zu absolvieren.  Unser Wellness Point ist mit einer Sauna, einem Dampfbad und einem Ruhebereich sowie einem kleinen Fitnessraum mit Blick auf unsere mediterranen G\u00e4rten ausgestattet..\" \/>\n<meta name=\"robots\" content=\"index, follow, max-snippet:-1, max-image-preview:large, max-video-preview:-1\" \/>\n<link rel=\"canonical\" href=\"https:\/\/www.lunaminoica.it\/de\/wellness-point\/\" \/>\n<meta property=\"og:locale\" content=\"de_DE\" \/>\n<meta property=\"og:type\" content=\"article\" \/>\n<meta property=\"og:title\" content=\"Wellness Point ~ Luna Minoica Suites &amp; Apartments ~\" \/>\n<meta property=\"og:description\" content=\"Als angenehme Ablenkung vom Besuch lokaler Sch\u00f6nheiten ist unser Wellness Point eine kleine Oase des Wohlbefindens, um sich in unmittelbarer N\u00e4he Ihres Zimmers zu entspannen oder Ihr t\u00e4gliches Fitnessprogramm zu absolvieren.  Unser Wellness Point ist mit einer Sauna, einem Dampfbad und einem Ruhebereich sowie einem kleinen Fitnessraum mit Blick auf unsere mediterranen G\u00e4rten ausgestattet..\" \/>\n<meta property=\"og:url\" content=\"https:\/\/www.lunaminoica.it\/de\/wellness-point\/\" \/>\n<meta property=\"og:site_name\" content=\"Luna Minoica Suites &amp; Apartments\" \/>\n<meta property=\"article:modified_time\" content=\"2022-03-28T10:51:36+00:00\" \/>\n<meta name=\"twitter:card\" content=\"summary_large_image\" \/>\n<script type=\"application\/ld+json\" class=\"yoast-schema-graph\">{\"@context\":\"https:\/\/schema.org\",\"@graph\":[{\"@type\":\"WebPage\",\"@id\":\"https:\/\/www.lunaminoica.it\/de\/wellness-point\/\",\"url\":\"https:\/\/www.lunaminoica.it\/de\/wellness-point\/\",\"name\":\"Wellness Point ~ Luna Minoica Suites & Apartments ~\",\"isPartOf\":{\"@id\":\"https:\/\/www.lunaminoica.it\/de\/#website\"},\"datePublished\":\"2022-03-09T16:37:12+00:00\",\"dateModified\":\"2022-03-28T10:51:36+00:00\",\"description\":\"Als angenehme Ablenkung vom Besuch lokaler Sch\u00f6nheiten ist unser Wellness Point eine kleine Oase des Wohlbefindens, um sich in unmittelbarer N\u00e4he Ihres Zimmers zu entspannen oder Ihr t\u00e4gliches Fitnessprogramm zu absolvieren. Unser Wellness Point ist mit einer Sauna, einem Dampfbad und einem Ruhebereich sowie einem kleinen Fitnessraum mit Blick auf unsere mediterranen G\u00e4rten ausgestattet..\",\"breadcrumb\":{\"@id\":\"https:\/\/www.lunaminoica.it\/de\/wellness-point\/#breadcrumb\"},\"inLanguage\":\"de-DE\",\"potentialAction\":[{\"@type\":\"ReadAction\",\"target\":[\"https:\/\/www.lunaminoica.it\/de\/wellness-point\/\"]}]},{\"@type\":\"BreadcrumbList\",\"@id\":\"https:\/\/www.lunaminoica.it\/de\/wellness-point\/#breadcrumb\",\"itemListElement\":[{\"@type\":\"ListItem\",\"position\":1,\"name\":\"Home\",\"item\":\"https:\/\/www.lunaminoica.it\/de\/\"},{\"@type\":\"ListItem\",\"position\":2,\"name\":\"Wellness Point\"}]},{\"@type\":\"WebSite\",\"@id\":\"https:\/\/www.lunaminoica.it\/de\/#website\",\"url\":\"https:\/\/www.lunaminoica.it\/de\/\",\"name\":\"Luna Minoica Suites & Apartments\",\"description\":\"Just another ms.decms.eu site\",\"potentialAction\":[{\"@type\":\"SearchAction\",\"target\":{\"@type\":\"EntryPoint\",\"urlTemplate\":\"https:\/\/www.lunaminoica.it\/de\/?s={search_term_string}\"},\"query-input\":{\"@type\":\"PropertyValueSpecification\",\"valueRequired\":true,\"valueName\":\"search_term_string\"}}],\"inLanguage\":\"de-DE\"}]}<\/script>\n<!-- \/ Yoast SEO plugin. -->","yoast_head_json":{"title":"Wellness Point ~ Luna Minoica Suites & Apartments ~","description":"Als angenehme Ablenkung vom Besuch lokaler Sch\u00f6nheiten ist unser Wellness Point eine kleine Oase des Wohlbefindens, um sich in unmittelbarer N\u00e4he Ihres Zimmers zu entspannen oder Ihr t\u00e4gliches Fitnessprogramm zu absolvieren.  Unser Wellness Point ist mit einer Sauna, einem Dampfbad und einem Ruhebereich sowie einem kleinen Fitnessraum mit Blick auf unsere mediterranen G\u00e4rten ausgestattet..","robots":{"index":"index","follow":"follow","max-snippet":"max-snippet:-1","max-image-preview":"max-image-preview:large","max-video-preview":"max-video-preview:-1"},"canonical":"https:\/\/www.lunaminoica.it\/de\/wellness-point\/","og_locale":"de_DE","og_type":"article","og_title":"Wellness Point ~ Luna Minoica Suites & Apartments ~","og_description":"Als angenehme Ablenkung vom Besuch lokaler Sch\u00f6nheiten ist unser Wellness Point eine kleine Oase des Wohlbefindens, um sich in unmittelbarer N\u00e4he Ihres Zimmers zu entspannen oder Ihr t\u00e4gliches Fitnessprogramm zu absolvieren.  Unser Wellness Point ist mit einer Sauna, einem Dampfbad und einem Ruhebereich sowie einem kleinen Fitnessraum mit Blick auf unsere mediterranen G\u00e4rten ausgestattet..","og_url":"https:\/\/www.lunaminoica.it\/de\/wellness-point\/","og_site_name":"Luna Minoica Suites & Apartments","article_modified_time":"2022-03-28T10:51:36+00:00","twitter_card":"summary_large_image","schema":{"@context":"https:\/\/schema.org","@graph":[{"@type":"WebPage","@id":"https:\/\/www.lunaminoica.it\/de\/wellness-point\/","url":"https:\/\/www.lunaminoica.it\/de\/wellness-point\/","name":"Wellness Point ~ Luna Minoica Suites & Apartments ~","isPartOf":{"@id":"https:\/\/www.lunaminoica.it\/de\/#website"},"datePublished":"2022-03-09T16:37:12+00:00","dateModified":"2022-03-28T10:51:36+00:00","description":"Als angenehme Ablenkung vom Besuch lokaler Sch\u00f6nheiten ist unser Wellness Point eine kleine Oase des Wohlbefindens, um sich in unmittelbarer N\u00e4he Ihres Zimmers zu entspannen oder Ihr t\u00e4gliches Fitnessprogramm zu absolvieren. Unser Wellness Point ist mit einer Sauna, einem Dampfbad und einem Ruhebereich sowie einem kleinen Fitnessraum mit Blick auf unsere mediterranen G\u00e4rten ausgestattet..","breadcrumb":{"@id":"https:\/\/www.lunaminoica.it\/de\/wellness-point\/#breadcrumb"},"inLanguage":"de-DE","potentialAction":[{"@type":"ReadAction","target":["https:\/\/www.lunaminoica.it\/de\/wellness-point\/"]}]},{"@type":"BreadcrumbList","@id":"https:\/\/www.lunaminoica.it\/de\/wellness-point\/#breadcrumb","itemListElement":[{"@type":"ListItem","position":1,"name":"Home","item":"https:\/\/www.lunaminoica.it\/de\/"},{"@type":"ListItem","position":2,"name":"Wellness Point"}]},{"@type":"WebSite","@id":"https:\/\/www.lunaminoica.it\/de\/#website","url":"https:\/\/www.lunaminoica.it\/de\/","name":"Luna Minoica Suites & Apartments","description":"Just another ms.decms.eu site","potentialAction":[{"@type":"SearchAction","target":{"@type":"EntryPoint","urlTemplate":"https:\/\/www.lunaminoica.it\/de\/?s={search_term_string}"},"query-input":{"@type":"PropertyValueSpecification","valueRequired":true,"valueName":"search_term_string"}}],"inLanguage":"de-DE"}]}},"acf":[],"_links":{"self":[{"href":"https:\/\/www.lunaminoica.it\/de\/wp-json\/wp\/v2\/pages\/210","targetHints":{"allow":["GET"]}}],"collection":[{"href":"https:\/\/www.lunaminoica.it\/de\/wp-json\/wp\/v2\/pages"}],"about":[{"href":"https:\/\/www.lunaminoica.it\/de\/wp-json\/wp\/v2\/types\/page"}],"author":[{"embeddable":true,"href":"https:\/\/www.lunaminoica.it\/de\/wp-json\/wp\/v2\/users\/7"}],"replies":[{"embeddable":true,"href":"https:\/\/www.lunaminoica.it\/de\/wp-json\/wp\/v2\/comments?post=210"}],"version-history":[{"count":0,"href":"https:\/\/www.lunaminoica.it\/de\/wp-json\/wp\/v2\/pages\/210\/revisions"}],"wp:attachment":[{"href":"https:\/\/www.lunaminoica.it\/de\/wp-json\/wp\/v2\/media?parent=210"}],"curies":[{"name":"wp","href":"https:\/\/api.w.org\/{rel}","templated":true}]}}