{"id":179,"date":"2022-03-09T12:20:11","date_gmt":"2022-03-09T12:20:11","guid":{"rendered":"https:\/\/luna-minoica.ms.decms.eu\/?page_id=179"},"modified":"2025-09-02T10:09:50","modified_gmt":"2025-09-02T10:09:50","slug":"locanda-perbellini-al-mare","status":"publish","type":"page","link":"https:\/\/www.lunaminoica.it\/de\/restaurants\/locanda-perbellini-al-mare\/","title":{"rendered":"Locanda Perbellini al Mare"},"content":{"rendered":"<p>Ein Lokal mit Meerblick am <strong>herrlichen Strand von Bovo Marina<\/strong>, aus R\u00fccksicht auf die Artenvielfalt und die Umgebung ganz aus Holz erbaut, mit einer offenen K\u00fcche, die von <strong>Giancarlo Perbellini<\/strong>, ausgezeichnet mit <strong>drei Michelin-Sterne<\/strong>, entworfen wurde.<\/p>\n<p>Ein Men\u00fc, das eine <strong>Hymne an Sizilien<\/strong> und an die gro\u00dfen Klassiker des Locanda Perbellini ist. Neben dem au\u00dfergew\u00f6hnlichen Geschmack der Gerichte werden Sie von der Sch\u00f6nheit magischer Sonnenunterg\u00e4nge begeistert sein.<\/p>\n","protected":false},"excerpt":{"rendered":"<p>Ein Lokal mit Meerblick am herrlichen Strand von Bovo Marina, aus R\u00fccksicht auf die Artenvielfalt und die Umgebung ganz aus Holz erbaut, mit einer offenen K\u00fcche, die von Giancarlo Perbellini, ausgezeichnet mit drei Michelin-Sterne, entworfen wurde. Ein Men\u00fc, das eine Hymne an Sizilien und an die gro\u00dfen Klassiker des Locanda Perbellini ist. Neben dem au\u00dfergew\u00f6hnlichen [&hellip;]<\/p>\n","protected":false},"author":7,"featured_media":0,"parent":145,"menu_order":1,"comment_status":"closed","ping_status":"closed","template":"template-single-restaurant.php","meta":{"footnotes":""},"class_list":["post-179","page","type-page","status-publish","hentry"],"yoast_head":"<!-- This site is optimized with the Yoast SEO plugin v26.9 - https:\/\/yoast.com\/product\/yoast-seo-wordpress\/ -->\n<title>Locanda Perbellini al Mare ~ Luna Minoica Suites &amp; Apartments ~<\/title>\n<meta name=\"description\" content=\"Ein Lokal mit Meerblick am herrlichen Strand von Bovo Marina, aus R\u00fccksicht auf die Artenvielfalt und die Umgebung ganz aus Holz erbaut, mit einer offenen K\u00fcche, die von Giancarlo Perbellini, ausgezeichnet mit drei Michelin-Sterne, entworfen wurde.  Ein Men\u00fc, das eine Hymne an Sizilien und an die gro\u00dfen Klassiker des Locanda Perbellini ist. Neben dem au\u00dfergew\u00f6hnlichen Geschmack der Gerichte werden Sie von der Sch\u00f6nheit magischer Sonnenunterg\u00e4nge begeistert sein.\" \/>\n<meta name=\"robots\" content=\"index, follow, max-snippet:-1, max-image-preview:large, max-video-preview:-1\" \/>\n<link rel=\"canonical\" href=\"https:\/\/www.lunaminoica.it\/de\/restaurants\/locanda-perbellini-al-mare\/\" \/>\n<meta property=\"og:locale\" content=\"de_DE\" \/>\n<meta property=\"og:type\" content=\"article\" \/>\n<meta property=\"og:title\" content=\"Locanda Perbellini al Mare ~ Luna Minoica Suites &amp; Apartments ~\" \/>\n<meta property=\"og:description\" content=\"Ein Lokal mit Meerblick am herrlichen Strand von Bovo Marina, aus R\u00fccksicht auf die Artenvielfalt und die Umgebung ganz aus Holz erbaut, mit einer offenen K\u00fcche, die von Giancarlo Perbellini, ausgezeichnet mit drei Michelin-Sterne, entworfen wurde.  Ein Men\u00fc, das eine Hymne an Sizilien und an die gro\u00dfen Klassiker des Locanda Perbellini ist. Neben dem au\u00dfergew\u00f6hnlichen Geschmack der Gerichte werden Sie von der Sch\u00f6nheit magischer Sonnenunterg\u00e4nge begeistert sein.\" \/>\n<meta property=\"og:url\" content=\"https:\/\/www.lunaminoica.it\/de\/restaurants\/locanda-perbellini-al-mare\/\" \/>\n<meta property=\"og:site_name\" content=\"Luna Minoica Suites &amp; Apartments\" \/>\n<meta property=\"article:modified_time\" content=\"2025-09-02T10:09:50+00:00\" \/>\n<meta name=\"twitter:card\" content=\"summary_large_image\" \/>\n<meta name=\"twitter:label1\" content=\"Gesch\u00e4tzte Lesezeit\" \/>\n\t<meta name=\"twitter:data1\" content=\"1 Minute\" \/>\n<script type=\"application\/ld+json\" class=\"yoast-schema-graph\">{\"@context\":\"https:\/\/schema.org\",\"@graph\":[{\"@type\":\"WebPage\",\"@id\":\"https:\/\/www.lunaminoica.it\/de\/restaurants\/locanda-perbellini-al-mare\/\",\"url\":\"https:\/\/www.lunaminoica.it\/de\/restaurants\/locanda-perbellini-al-mare\/\",\"name\":\"Locanda Perbellini al Mare ~ Luna Minoica Suites & Apartments ~\",\"isPartOf\":{\"@id\":\"https:\/\/www.lunaminoica.it\/de\/#website\"},\"datePublished\":\"2022-03-09T12:20:11+00:00\",\"dateModified\":\"2025-09-02T10:09:50+00:00\",\"description\":\"Ein Lokal mit Meerblick am herrlichen Strand von Bovo Marina, aus R\u00fccksicht auf die Artenvielfalt und die Umgebung ganz aus Holz erbaut, mit einer offenen K\u00fcche, die von Giancarlo Perbellini, ausgezeichnet mit drei Michelin-Sterne, entworfen wurde. Ein Men\u00fc, das eine Hymne an Sizilien und an die gro\u00dfen Klassiker des Locanda Perbellini ist. Neben dem au\u00dfergew\u00f6hnlichen Geschmack der Gerichte werden Sie von der Sch\u00f6nheit magischer Sonnenunterg\u00e4nge begeistert sein.\",\"breadcrumb\":{\"@id\":\"https:\/\/www.lunaminoica.it\/de\/restaurants\/locanda-perbellini-al-mare\/#breadcrumb\"},\"inLanguage\":\"de-DE\",\"potentialAction\":[{\"@type\":\"ReadAction\",\"target\":[\"https:\/\/www.lunaminoica.it\/de\/restaurants\/locanda-perbellini-al-mare\/\"]}]},{\"@type\":\"BreadcrumbList\",\"@id\":\"https:\/\/www.lunaminoica.it\/de\/restaurants\/locanda-perbellini-al-mare\/#breadcrumb\",\"itemListElement\":[{\"@type\":\"ListItem\",\"position\":1,\"name\":\"Home\",\"item\":\"https:\/\/www.lunaminoica.it\/de\/\"},{\"@type\":\"ListItem\",\"position\":2,\"name\":\"Restaurants\",\"item\":\"https:\/\/www.lunaminoica.it\/de\/restaurants\/\"},{\"@type\":\"ListItem\",\"position\":3,\"name\":\"Locanda Perbellini al Mare\"}]},{\"@type\":\"WebSite\",\"@id\":\"https:\/\/www.lunaminoica.it\/de\/#website\",\"url\":\"https:\/\/www.lunaminoica.it\/de\/\",\"name\":\"Luna Minoica Suites & Apartments\",\"description\":\"Just another ms.decms.eu site\",\"potentialAction\":[{\"@type\":\"SearchAction\",\"target\":{\"@type\":\"EntryPoint\",\"urlTemplate\":\"https:\/\/www.lunaminoica.it\/de\/?s={search_term_string}\"},\"query-input\":{\"@type\":\"PropertyValueSpecification\",\"valueRequired\":true,\"valueName\":\"search_term_string\"}}],\"inLanguage\":\"de-DE\"}]}<\/script>\n<!-- \/ Yoast SEO plugin. -->","yoast_head_json":{"title":"Locanda Perbellini al Mare ~ Luna Minoica Suites & Apartments ~","description":"Ein Lokal mit Meerblick am herrlichen Strand von Bovo Marina, aus R\u00fccksicht auf die Artenvielfalt und die Umgebung ganz aus Holz erbaut, mit einer offenen K\u00fcche, die von Giancarlo Perbellini, ausgezeichnet mit drei Michelin-Sterne, entworfen wurde.  Ein Men\u00fc, das eine Hymne an Sizilien und an die gro\u00dfen Klassiker des Locanda Perbellini ist. Neben dem au\u00dfergew\u00f6hnlichen Geschmack der Gerichte werden Sie von der Sch\u00f6nheit magischer Sonnenunterg\u00e4nge begeistert sein.","robots":{"index":"index","follow":"follow","max-snippet":"max-snippet:-1","max-image-preview":"max-image-preview:large","max-video-preview":"max-video-preview:-1"},"canonical":"https:\/\/www.lunaminoica.it\/de\/restaurants\/locanda-perbellini-al-mare\/","og_locale":"de_DE","og_type":"article","og_title":"Locanda Perbellini al Mare ~ Luna Minoica Suites & Apartments ~","og_description":"Ein Lokal mit Meerblick am herrlichen Strand von Bovo Marina, aus R\u00fccksicht auf die Artenvielfalt und die Umgebung ganz aus Holz erbaut, mit einer offenen K\u00fcche, die von Giancarlo Perbellini, ausgezeichnet mit drei Michelin-Sterne, entworfen wurde.  Ein Men\u00fc, das eine Hymne an Sizilien und an die gro\u00dfen Klassiker des Locanda Perbellini ist. Neben dem au\u00dfergew\u00f6hnlichen Geschmack der Gerichte werden Sie von der Sch\u00f6nheit magischer Sonnenunterg\u00e4nge begeistert sein.","og_url":"https:\/\/www.lunaminoica.it\/de\/restaurants\/locanda-perbellini-al-mare\/","og_site_name":"Luna Minoica Suites & Apartments","article_modified_time":"2025-09-02T10:09:50+00:00","twitter_card":"summary_large_image","twitter_misc":{"Gesch\u00e4tzte Lesezeit":"1 Minute"},"schema":{"@context":"https:\/\/schema.org","@graph":[{"@type":"WebPage","@id":"https:\/\/www.lunaminoica.it\/de\/restaurants\/locanda-perbellini-al-mare\/","url":"https:\/\/www.lunaminoica.it\/de\/restaurants\/locanda-perbellini-al-mare\/","name":"Locanda Perbellini al Mare ~ Luna Minoica Suites & Apartments ~","isPartOf":{"@id":"https:\/\/www.lunaminoica.it\/de\/#website"},"datePublished":"2022-03-09T12:20:11+00:00","dateModified":"2025-09-02T10:09:50+00:00","description":"Ein Lokal mit Meerblick am herrlichen Strand von Bovo Marina, aus R\u00fccksicht auf die Artenvielfalt und die Umgebung ganz aus Holz erbaut, mit einer offenen K\u00fcche, die von Giancarlo Perbellini, ausgezeichnet mit drei Michelin-Sterne, entworfen wurde. Ein Men\u00fc, das eine Hymne an Sizilien und an die gro\u00dfen Klassiker des Locanda Perbellini ist. Neben dem au\u00dfergew\u00f6hnlichen Geschmack der Gerichte werden Sie von der Sch\u00f6nheit magischer Sonnenunterg\u00e4nge begeistert sein.","breadcrumb":{"@id":"https:\/\/www.lunaminoica.it\/de\/restaurants\/locanda-perbellini-al-mare\/#breadcrumb"},"inLanguage":"de-DE","potentialAction":[{"@type":"ReadAction","target":["https:\/\/www.lunaminoica.it\/de\/restaurants\/locanda-perbellini-al-mare\/"]}]},{"@type":"BreadcrumbList","@id":"https:\/\/www.lunaminoica.it\/de\/restaurants\/locanda-perbellini-al-mare\/#breadcrumb","itemListElement":[{"@type":"ListItem","position":1,"name":"Home","item":"https:\/\/www.lunaminoica.it\/de\/"},{"@type":"ListItem","position":2,"name":"Restaurants","item":"https:\/\/www.lunaminoica.it\/de\/restaurants\/"},{"@type":"ListItem","position":3,"name":"Locanda Perbellini al Mare"}]},{"@type":"WebSite","@id":"https:\/\/www.lunaminoica.it\/de\/#website","url":"https:\/\/www.lunaminoica.it\/de\/","name":"Luna Minoica Suites & Apartments","description":"Just another ms.decms.eu site","potentialAction":[{"@type":"SearchAction","target":{"@type":"EntryPoint","urlTemplate":"https:\/\/www.lunaminoica.it\/de\/?s={search_term_string}"},"query-input":{"@type":"PropertyValueSpecification","valueRequired":true,"valueName":"search_term_string"}}],"inLanguage":"de-DE"}]}},"acf":[],"_links":{"self":[{"href":"https:\/\/www.lunaminoica.it\/de\/wp-json\/wp\/v2\/pages\/179","targetHints":{"allow":["GET"]}}],"collection":[{"href":"https:\/\/www.lunaminoica.it\/de\/wp-json\/wp\/v2\/pages"}],"about":[{"href":"https:\/\/www.lunaminoica.it\/de\/wp-json\/wp\/v2\/types\/page"}],"author":[{"embeddable":true,"href":"https:\/\/www.lunaminoica.it\/de\/wp-json\/wp\/v2\/users\/7"}],"replies":[{"embeddable":true,"href":"https:\/\/www.lunaminoica.it\/de\/wp-json\/wp\/v2\/comments?post=179"}],"version-history":[{"count":0,"href":"https:\/\/www.lunaminoica.it\/de\/wp-json\/wp\/v2\/pages\/179\/revisions"}],"up":[{"embeddable":true,"href":"https:\/\/www.lunaminoica.it\/de\/wp-json\/wp\/v2\/pages\/145"}],"wp:attachment":[{"href":"https:\/\/www.lunaminoica.it\/de\/wp-json\/wp\/v2\/media?parent=179"}],"curies":[{"name":"wp","href":"https:\/\/api.w.org\/{rel}","templated":true}]}}