{"id":126,"date":"2022-03-08T11:12:53","date_gmt":"2022-03-08T11:12:53","guid":{"rendered":"https:\/\/luna-minoica.ms.decms.eu\/zimmer-und-appartements\/appartamento\/"},"modified":"2024-02-07T11:45:20","modified_gmt":"2024-02-07T11:45:20","slug":"apartments","status":"publish","type":"page","link":"https:\/\/www.lunaminoica.it\/de\/zimmer\/apartments\/","title":{"rendered":"Apartments"},"content":{"rendered":"<p>Das Luna Minoica verf\u00fcgt \u00fcber 8 Apartments mit 4 Schlafpl\u00e4tzen. Die gem\u00fctlichen Apartments sind perfekt f\u00fcr lange Aufenthalte mit der Familie.<\/p>\n<p>Die Apartments befinden sich im h\u00fcgeligen Teil des Beherbergungsbetriebs, 200 Meter vom Hauptgeb\u00e4ude entfernt.<\/p>\n<p>Jedes Apartment <strong>mit separatem Eingang verf\u00fcgt \u00fcber ein Schlafzimmer<\/strong> mit Doppelbett und ein Schlafzimmer mit zwei Einzelbetten, ein Bad mit Duschkabine, <strong>eine m\u00f6blierte Terrasse mit Blick auf das Meer<\/strong> und eine kleine schattige Terrasse f\u00fcr Mahlzeiten im Freien.<\/p>\n","protected":false},"excerpt":{"rendered":"<p>Das Luna Minoica verf\u00fcgt \u00fcber 8 Apartments mit 4 Schlafpl\u00e4tzen. Die gem\u00fctlichen Apartments sind perfekt f\u00fcr lange Aufenthalte mit der Familie. Die Apartments befinden sich im h\u00fcgeligen Teil des Beherbergungsbetriebs, 200 Meter vom Hauptgeb\u00e4ude entfernt. Jedes Apartment mit separatem Eingang verf\u00fcgt \u00fcber ein Schlafzimmer mit Doppelbett und ein Schlafzimmer mit zwei Einzelbetten, ein Bad mit [&hellip;]<\/p>\n","protected":false},"author":7,"featured_media":0,"parent":41,"menu_order":9,"comment_status":"closed","ping_status":"closed","template":"template-single-room.php","meta":{"footnotes":""},"class_list":["post-126","page","type-page","status-publish","hentry"],"yoast_head":"<!-- This site is optimized with the Yoast SEO plugin v26.9 - https:\/\/yoast.com\/product\/yoast-seo-wordpress\/ -->\n<title>Apartments ~ Luna Minoica Suites &amp; Apartments ~<\/title>\n<meta name=\"description\" content=\"Das Luna Minoica verf\u00fcgt \u00fcber 8 Apartments mit 4 Schlafpl\u00e4tzen. Die gem\u00fctlichen Apartments sind perfekt f\u00fcr lange Aufenthalte mit der Familie.  Die Apartments befinden sich im h\u00fcgeligen Teil des Beherbergungsbetriebs, 200 Meter vom Hauptgeb\u00e4ude entfernt.  Jedes Apartment mit separatem Eingang verf\u00fcgt \u00fcber ein Schlafzimmer mit Doppelbett und ein Schlafzimmer mit zwei Einzelbetten, ein Bad mit Duschkabine, eine m\u00f6blierte Terrasse mit Blick auf das Meer und eine kleine schattige Terrasse f\u00fcr Mahlzeiten im Freien.\" \/>\n<meta name=\"robots\" content=\"index, follow, max-snippet:-1, max-image-preview:large, max-video-preview:-1\" \/>\n<link rel=\"canonical\" href=\"https:\/\/www.lunaminoica.it\/de\/zimmer\/apartments\/\" \/>\n<meta property=\"og:locale\" content=\"de_DE\" \/>\n<meta property=\"og:type\" content=\"article\" \/>\n<meta property=\"og:title\" content=\"Apartments ~ Luna Minoica Suites &amp; Apartments ~\" \/>\n<meta property=\"og:description\" content=\"Das Luna Minoica verf\u00fcgt \u00fcber 8 Apartments mit 4 Schlafpl\u00e4tzen. Die gem\u00fctlichen Apartments sind perfekt f\u00fcr lange Aufenthalte mit der Familie.  Die Apartments befinden sich im h\u00fcgeligen Teil des Beherbergungsbetriebs, 200 Meter vom Hauptgeb\u00e4ude entfernt.  Jedes Apartment mit separatem Eingang verf\u00fcgt \u00fcber ein Schlafzimmer mit Doppelbett und ein Schlafzimmer mit zwei Einzelbetten, ein Bad mit Duschkabine, eine m\u00f6blierte Terrasse mit Blick auf das Meer und eine kleine schattige Terrasse f\u00fcr Mahlzeiten im Freien.\" \/>\n<meta property=\"og:url\" content=\"https:\/\/www.lunaminoica.it\/de\/zimmer\/apartments\/\" \/>\n<meta property=\"og:site_name\" content=\"Luna Minoica Suites &amp; Apartments\" \/>\n<meta property=\"article:modified_time\" content=\"2024-02-07T11:45:20+00:00\" \/>\n<meta name=\"twitter:card\" content=\"summary_large_image\" \/>\n<meta name=\"twitter:label1\" content=\"Gesch\u00e4tzte Lesezeit\" \/>\n\t<meta name=\"twitter:data1\" content=\"1 Minute\" \/>\n<script type=\"application\/ld+json\" class=\"yoast-schema-graph\">{\"@context\":\"https:\/\/schema.org\",\"@graph\":[{\"@type\":\"WebPage\",\"@id\":\"https:\/\/www.lunaminoica.it\/de\/zimmer\/apartments\/\",\"url\":\"https:\/\/www.lunaminoica.it\/de\/zimmer\/apartments\/\",\"name\":\"Apartments ~ Luna Minoica Suites & Apartments ~\",\"isPartOf\":{\"@id\":\"https:\/\/www.lunaminoica.it\/de\/#website\"},\"datePublished\":\"2022-03-08T11:12:53+00:00\",\"dateModified\":\"2024-02-07T11:45:20+00:00\",\"description\":\"Das Luna Minoica verf\u00fcgt \u00fcber 8 Apartments mit 4 Schlafpl\u00e4tzen. Die gem\u00fctlichen Apartments sind perfekt f\u00fcr lange Aufenthalte mit der Familie. Die Apartments befinden sich im h\u00fcgeligen Teil des Beherbergungsbetriebs, 200 Meter vom Hauptgeb\u00e4ude entfernt. Jedes Apartment mit separatem Eingang verf\u00fcgt \u00fcber ein Schlafzimmer mit Doppelbett und ein Schlafzimmer mit zwei Einzelbetten, ein Bad mit Duschkabine, eine m\u00f6blierte Terrasse mit Blick auf das Meer und eine kleine schattige Terrasse f\u00fcr Mahlzeiten im Freien.\",\"breadcrumb\":{\"@id\":\"https:\/\/www.lunaminoica.it\/de\/zimmer\/apartments\/#breadcrumb\"},\"inLanguage\":\"de-DE\",\"potentialAction\":[{\"@type\":\"ReadAction\",\"target\":[\"https:\/\/www.lunaminoica.it\/de\/zimmer\/apartments\/\"]}]},{\"@type\":\"BreadcrumbList\",\"@id\":\"https:\/\/www.lunaminoica.it\/de\/zimmer\/apartments\/#breadcrumb\",\"itemListElement\":[{\"@type\":\"ListItem\",\"position\":1,\"name\":\"Home\",\"item\":\"https:\/\/www.lunaminoica.it\/de\/\"},{\"@type\":\"ListItem\",\"position\":2,\"name\":\"Zimmer\",\"item\":\"https:\/\/www.lunaminoica.it\/de\/zimmer\/\"},{\"@type\":\"ListItem\",\"position\":3,\"name\":\"Apartments\"}]},{\"@type\":\"WebSite\",\"@id\":\"https:\/\/www.lunaminoica.it\/de\/#website\",\"url\":\"https:\/\/www.lunaminoica.it\/de\/\",\"name\":\"Luna Minoica Suites & Apartments\",\"description\":\"Just another ms.decms.eu site\",\"potentialAction\":[{\"@type\":\"SearchAction\",\"target\":{\"@type\":\"EntryPoint\",\"urlTemplate\":\"https:\/\/www.lunaminoica.it\/de\/?s={search_term_string}\"},\"query-input\":{\"@type\":\"PropertyValueSpecification\",\"valueRequired\":true,\"valueName\":\"search_term_string\"}}],\"inLanguage\":\"de-DE\"}]}<\/script>\n<!-- \/ Yoast SEO plugin. -->","yoast_head_json":{"title":"Apartments ~ Luna Minoica Suites & Apartments ~","description":"Das Luna Minoica verf\u00fcgt \u00fcber 8 Apartments mit 4 Schlafpl\u00e4tzen. Die gem\u00fctlichen Apartments sind perfekt f\u00fcr lange Aufenthalte mit der Familie.  Die Apartments befinden sich im h\u00fcgeligen Teil des Beherbergungsbetriebs, 200 Meter vom Hauptgeb\u00e4ude entfernt.  Jedes Apartment mit separatem Eingang verf\u00fcgt \u00fcber ein Schlafzimmer mit Doppelbett und ein Schlafzimmer mit zwei Einzelbetten, ein Bad mit Duschkabine, eine m\u00f6blierte Terrasse mit Blick auf das Meer und eine kleine schattige Terrasse f\u00fcr Mahlzeiten im Freien.","robots":{"index":"index","follow":"follow","max-snippet":"max-snippet:-1","max-image-preview":"max-image-preview:large","max-video-preview":"max-video-preview:-1"},"canonical":"https:\/\/www.lunaminoica.it\/de\/zimmer\/apartments\/","og_locale":"de_DE","og_type":"article","og_title":"Apartments ~ Luna Minoica Suites & Apartments ~","og_description":"Das Luna Minoica verf\u00fcgt \u00fcber 8 Apartments mit 4 Schlafpl\u00e4tzen. Die gem\u00fctlichen Apartments sind perfekt f\u00fcr lange Aufenthalte mit der Familie.  Die Apartments befinden sich im h\u00fcgeligen Teil des Beherbergungsbetriebs, 200 Meter vom Hauptgeb\u00e4ude entfernt.  Jedes Apartment mit separatem Eingang verf\u00fcgt \u00fcber ein Schlafzimmer mit Doppelbett und ein Schlafzimmer mit zwei Einzelbetten, ein Bad mit Duschkabine, eine m\u00f6blierte Terrasse mit Blick auf das Meer und eine kleine schattige Terrasse f\u00fcr Mahlzeiten im Freien.","og_url":"https:\/\/www.lunaminoica.it\/de\/zimmer\/apartments\/","og_site_name":"Luna Minoica Suites & Apartments","article_modified_time":"2024-02-07T11:45:20+00:00","twitter_card":"summary_large_image","twitter_misc":{"Gesch\u00e4tzte Lesezeit":"1 Minute"},"schema":{"@context":"https:\/\/schema.org","@graph":[{"@type":"WebPage","@id":"https:\/\/www.lunaminoica.it\/de\/zimmer\/apartments\/","url":"https:\/\/www.lunaminoica.it\/de\/zimmer\/apartments\/","name":"Apartments ~ Luna Minoica Suites & Apartments ~","isPartOf":{"@id":"https:\/\/www.lunaminoica.it\/de\/#website"},"datePublished":"2022-03-08T11:12:53+00:00","dateModified":"2024-02-07T11:45:20+00:00","description":"Das Luna Minoica verf\u00fcgt \u00fcber 8 Apartments mit 4 Schlafpl\u00e4tzen. Die gem\u00fctlichen Apartments sind perfekt f\u00fcr lange Aufenthalte mit der Familie. Die Apartments befinden sich im h\u00fcgeligen Teil des Beherbergungsbetriebs, 200 Meter vom Hauptgeb\u00e4ude entfernt. Jedes Apartment mit separatem Eingang verf\u00fcgt \u00fcber ein Schlafzimmer mit Doppelbett und ein Schlafzimmer mit zwei Einzelbetten, ein Bad mit Duschkabine, eine m\u00f6blierte Terrasse mit Blick auf das Meer und eine kleine schattige Terrasse f\u00fcr Mahlzeiten im Freien.","breadcrumb":{"@id":"https:\/\/www.lunaminoica.it\/de\/zimmer\/apartments\/#breadcrumb"},"inLanguage":"de-DE","potentialAction":[{"@type":"ReadAction","target":["https:\/\/www.lunaminoica.it\/de\/zimmer\/apartments\/"]}]},{"@type":"BreadcrumbList","@id":"https:\/\/www.lunaminoica.it\/de\/zimmer\/apartments\/#breadcrumb","itemListElement":[{"@type":"ListItem","position":1,"name":"Home","item":"https:\/\/www.lunaminoica.it\/de\/"},{"@type":"ListItem","position":2,"name":"Zimmer","item":"https:\/\/www.lunaminoica.it\/de\/zimmer\/"},{"@type":"ListItem","position":3,"name":"Apartments"}]},{"@type":"WebSite","@id":"https:\/\/www.lunaminoica.it\/de\/#website","url":"https:\/\/www.lunaminoica.it\/de\/","name":"Luna Minoica Suites & Apartments","description":"Just another ms.decms.eu site","potentialAction":[{"@type":"SearchAction","target":{"@type":"EntryPoint","urlTemplate":"https:\/\/www.lunaminoica.it\/de\/?s={search_term_string}"},"query-input":{"@type":"PropertyValueSpecification","valueRequired":true,"valueName":"search_term_string"}}],"inLanguage":"de-DE"}]}},"acf":[],"_links":{"self":[{"href":"https:\/\/www.lunaminoica.it\/de\/wp-json\/wp\/v2\/pages\/126","targetHints":{"allow":["GET"]}}],"collection":[{"href":"https:\/\/www.lunaminoica.it\/de\/wp-json\/wp\/v2\/pages"}],"about":[{"href":"https:\/\/www.lunaminoica.it\/de\/wp-json\/wp\/v2\/types\/page"}],"author":[{"embeddable":true,"href":"https:\/\/www.lunaminoica.it\/de\/wp-json\/wp\/v2\/users\/7"}],"replies":[{"embeddable":true,"href":"https:\/\/www.lunaminoica.it\/de\/wp-json\/wp\/v2\/comments?post=126"}],"version-history":[{"count":0,"href":"https:\/\/www.lunaminoica.it\/de\/wp-json\/wp\/v2\/pages\/126\/revisions"}],"up":[{"embeddable":true,"href":"https:\/\/www.lunaminoica.it\/de\/wp-json\/wp\/v2\/pages\/41"}],"wp:attachment":[{"href":"https:\/\/www.lunaminoica.it\/de\/wp-json\/wp\/v2\/media?parent=126"}],"curies":[{"name":"wp","href":"https:\/\/api.w.org\/{rel}","templated":true}]}}