{"id":1078,"date":"2026-05-01T10:46:37","date_gmt":"2026-05-01T10:46:37","guid":{"rendered":"https:\/\/www.lunaminoica.it\/glamping\/safari-tent\/"},"modified":"2026-05-11T13:26:26","modified_gmt":"2026-05-11T13:26:26","slug":"safari-tent","status":"publish","type":"page","link":"https:\/\/www.lunaminoica.it\/de\/glamping\/safari-tent\/","title":{"rendered":"SAFARI TENT"},"content":{"rendered":"<p style=\"text-align: center\" data-start=\"615\" data-end=\"774\">Ein gem\u00fctliches Zelt im Safari-Stil, intim und mit viel Liebe zum Detail gestaltet,<\/p>\n<p style=\"text-align: center\" data-start=\"615\" data-end=\"774\">in dem Schlichtheit und Komfort in perfekter Harmonie aufeinandertreffen.<\/p>\n<p style=\"text-align: center\" data-start=\"776\" data-end=\"951\">Ein komfortables Doppelbett, ein praktischer Ankleidebereich und eine entspannte Sitzecke mit Coffee Station<\/p>\n<p style=\"text-align: center\" data-start=\"776\" data-end=\"951\">schaffen den idealen Ort f\u00fcr ruhige Momente mitten in der Natur.<\/p>\n<p style=\"text-align: center\" data-start=\"953\" data-end=\"1107\">Das private Badezimmer im Innenbereich mit Dusche und WC garantiert Funktionalit\u00e4t und Privatsph\u00e4re,<\/p>\n<p style=\"text-align: center\" data-start=\"953\" data-end=\"1107\">ohne auf die authentische Atmosph\u00e4re zu verzichten.<\/p>\n<p style=\"text-align: center\" data-start=\"1109\" data-end=\"1263\" data-is-last-node=\"\" data-is-only-node=\"\">Die \u00d6ffnung zur ausgestatteten Patio-Terrasse schenkt Licht und Weite und l\u00e4dt dazu ein,<\/p>\n<p style=\"text-align: center\" data-start=\"1109\" data-end=\"1263\" data-is-last-node=\"\" data-is-only-node=\"\">jeden Augenblick zwischen Stille, Natur und Freiheit zu genie\u00dfen.<\/p>\n","protected":false},"excerpt":{"rendered":"<p>Ein gem\u00fctliches Zelt im Safari-Stil, intim und mit viel Liebe zum Detail gestaltet, in dem Schlichtheit und Komfort in perfekter Harmonie aufeinandertreffen. Ein komfortables Doppelbett, ein praktischer Ankleidebereich und eine entspannte Sitzecke mit Coffee Station schaffen den idealen Ort f\u00fcr ruhige Momente mitten in der Natur. Das private Badezimmer im Innenbereich mit Dusche und WC [&hellip;]<\/p>\n","protected":false},"author":434,"featured_media":0,"parent":426,"menu_order":0,"comment_status":"closed","ping_status":"closed","template":"template-single-room.php","meta":{"footnotes":""},"class_list":["post-1078","page","type-page","status-publish","hentry"],"yoast_head":"<!-- This site is optimized with the Yoast SEO plugin v26.9 - https:\/\/yoast.com\/product\/yoast-seo-wordpress\/ -->\n<title>SAFARI TENT ~ Luna Minoica Suites &amp; Apartments ~<\/title>\n<meta name=\"description\" content=\"Ein gem\u00fctliches Zelt im Safari-Stil, intim und mit viel Liebe zum Detail gestaltet, in dem Schlichtheit und Komfort in perfekter Harmonie aufeinandertreffen. Ein komfortables Doppelbett, ein praktischer Ankleidebereich und eine entspannte Sitzecke mit Coffee Station schaffen den idealen Ort f\u00fcr ruhige Momente mitten in der Natur. Das private Badezimmer im Innenbereich mit Dusche und WC garantiert Funktionalit\u00e4t und Privatsph\u00e4re, ohne auf die authentische Atmosph\u00e4re zu verzichten. Die \u00d6ffnung zur ausgestatteten Patio-Terrasse schenkt Licht und Weite und l\u00e4dt dazu ein, jeden Augenblick zwischen Stille, Natur und Freiheit zu genie\u00dfen..\" \/>\n<meta name=\"robots\" content=\"index, follow, max-snippet:-1, max-image-preview:large, max-video-preview:-1\" \/>\n<link rel=\"canonical\" href=\"https:\/\/www.lunaminoica.it\/de\/glamping\/safari-tent\/\" \/>\n<meta property=\"og:locale\" content=\"de_DE\" \/>\n<meta property=\"og:type\" content=\"article\" \/>\n<meta property=\"og:title\" content=\"SAFARI TENT ~ Luna Minoica Suites &amp; Apartments ~\" \/>\n<meta property=\"og:description\" content=\"Ein gem\u00fctliches Zelt im Safari-Stil, intim und mit viel Liebe zum Detail gestaltet, in dem Schlichtheit und Komfort in perfekter Harmonie aufeinandertreffen. Ein komfortables Doppelbett, ein praktischer Ankleidebereich und eine entspannte Sitzecke mit Coffee Station schaffen den idealen Ort f\u00fcr ruhige Momente mitten in der Natur. Das private Badezimmer im Innenbereich mit Dusche und WC garantiert Funktionalit\u00e4t und Privatsph\u00e4re, ohne auf die authentische Atmosph\u00e4re zu verzichten. Die \u00d6ffnung zur ausgestatteten Patio-Terrasse schenkt Licht und Weite und l\u00e4dt dazu ein, jeden Augenblick zwischen Stille, Natur und Freiheit zu genie\u00dfen..\" \/>\n<meta property=\"og:url\" content=\"https:\/\/www.lunaminoica.it\/de\/glamping\/safari-tent\/\" \/>\n<meta property=\"og:site_name\" content=\"Luna Minoica Suites &amp; Apartments\" \/>\n<meta property=\"article:modified_time\" content=\"2026-05-11T13:26:26+00:00\" \/>\n<meta name=\"twitter:card\" content=\"summary_large_image\" \/>\n<meta name=\"twitter:label1\" content=\"Gesch\u00e4tzte Lesezeit\" \/>\n\t<meta name=\"twitter:data1\" content=\"1 Minute\" \/>\n<script type=\"application\/ld+json\" class=\"yoast-schema-graph\">{\"@context\":\"https:\/\/schema.org\",\"@graph\":[{\"@type\":\"WebPage\",\"@id\":\"https:\/\/www.lunaminoica.it\/de\/glamping\/safari-tent\/\",\"url\":\"https:\/\/www.lunaminoica.it\/de\/glamping\/safari-tent\/\",\"name\":\"SAFARI TENT ~ Luna Minoica Suites & Apartments ~\",\"isPartOf\":{\"@id\":\"https:\/\/www.lunaminoica.it\/de\/#website\"},\"datePublished\":\"2026-05-01T10:46:37+00:00\",\"dateModified\":\"2026-05-11T13:26:26+00:00\",\"description\":\"Ein gem\u00fctliches Zelt im Safari-Stil, intim und mit viel Liebe zum Detail gestaltet, in dem Schlichtheit und Komfort in perfekter Harmonie aufeinandertreffen. Ein komfortables Doppelbett, ein praktischer Ankleidebereich und eine entspannte Sitzecke mit Coffee Station schaffen den idealen Ort f\u00fcr ruhige Momente mitten in der Natur. Das private Badezimmer im Innenbereich mit Dusche und WC garantiert Funktionalit\u00e4t und Privatsph\u00e4re, ohne auf die authentische Atmosph\u00e4re zu verzichten. Die \u00d6ffnung zur ausgestatteten Patio-Terrasse schenkt Licht und Weite und l\u00e4dt dazu ein, jeden Augenblick zwischen Stille, Natur und Freiheit zu genie\u00dfen. .\",\"breadcrumb\":{\"@id\":\"https:\/\/www.lunaminoica.it\/de\/glamping\/safari-tent\/#breadcrumb\"},\"inLanguage\":\"de-DE\",\"potentialAction\":[{\"@type\":\"ReadAction\",\"target\":[\"https:\/\/www.lunaminoica.it\/de\/glamping\/safari-tent\/\"]}]},{\"@type\":\"BreadcrumbList\",\"@id\":\"https:\/\/www.lunaminoica.it\/de\/glamping\/safari-tent\/#breadcrumb\",\"itemListElement\":[{\"@type\":\"ListItem\",\"position\":1,\"name\":\"Home\",\"item\":\"https:\/\/www.lunaminoica.it\/de\/\"},{\"@type\":\"ListItem\",\"position\":2,\"name\":\"GLAMPING\",\"item\":\"https:\/\/www.lunaminoica.it\/de\/glamping\/\"},{\"@type\":\"ListItem\",\"position\":3,\"name\":\"SAFARI TENT\"}]},{\"@type\":\"WebSite\",\"@id\":\"https:\/\/www.lunaminoica.it\/de\/#website\",\"url\":\"https:\/\/www.lunaminoica.it\/de\/\",\"name\":\"Luna Minoica Suites & Apartments\",\"description\":\"Just another ms.decms.eu site\",\"potentialAction\":[{\"@type\":\"SearchAction\",\"target\":{\"@type\":\"EntryPoint\",\"urlTemplate\":\"https:\/\/www.lunaminoica.it\/de\/?s={search_term_string}\"},\"query-input\":{\"@type\":\"PropertyValueSpecification\",\"valueRequired\":true,\"valueName\":\"search_term_string\"}}],\"inLanguage\":\"de-DE\"}]}<\/script>\n<!-- \/ Yoast SEO plugin. -->","yoast_head_json":{"title":"SAFARI TENT ~ Luna Minoica Suites & Apartments ~","description":"Ein gem\u00fctliches Zelt im Safari-Stil, intim und mit viel Liebe zum Detail gestaltet, in dem Schlichtheit und Komfort in perfekter Harmonie aufeinandertreffen. Ein komfortables Doppelbett, ein praktischer Ankleidebereich und eine entspannte Sitzecke mit Coffee Station schaffen den idealen Ort f\u00fcr ruhige Momente mitten in der Natur. Das private Badezimmer im Innenbereich mit Dusche und WC garantiert Funktionalit\u00e4t und Privatsph\u00e4re, ohne auf die authentische Atmosph\u00e4re zu verzichten. Die \u00d6ffnung zur ausgestatteten Patio-Terrasse schenkt Licht und Weite und l\u00e4dt dazu ein, jeden Augenblick zwischen Stille, Natur und Freiheit zu genie\u00dfen..","robots":{"index":"index","follow":"follow","max-snippet":"max-snippet:-1","max-image-preview":"max-image-preview:large","max-video-preview":"max-video-preview:-1"},"canonical":"https:\/\/www.lunaminoica.it\/de\/glamping\/safari-tent\/","og_locale":"de_DE","og_type":"article","og_title":"SAFARI TENT ~ Luna Minoica Suites & Apartments ~","og_description":"Ein gem\u00fctliches Zelt im Safari-Stil, intim und mit viel Liebe zum Detail gestaltet, in dem Schlichtheit und Komfort in perfekter Harmonie aufeinandertreffen. Ein komfortables Doppelbett, ein praktischer Ankleidebereich und eine entspannte Sitzecke mit Coffee Station schaffen den idealen Ort f\u00fcr ruhige Momente mitten in der Natur. Das private Badezimmer im Innenbereich mit Dusche und WC garantiert Funktionalit\u00e4t und Privatsph\u00e4re, ohne auf die authentische Atmosph\u00e4re zu verzichten. Die \u00d6ffnung zur ausgestatteten Patio-Terrasse schenkt Licht und Weite und l\u00e4dt dazu ein, jeden Augenblick zwischen Stille, Natur und Freiheit zu genie\u00dfen..","og_url":"https:\/\/www.lunaminoica.it\/de\/glamping\/safari-tent\/","og_site_name":"Luna Minoica Suites & Apartments","article_modified_time":"2026-05-11T13:26:26+00:00","twitter_card":"summary_large_image","twitter_misc":{"Gesch\u00e4tzte Lesezeit":"1 Minute"},"schema":{"@context":"https:\/\/schema.org","@graph":[{"@type":"WebPage","@id":"https:\/\/www.lunaminoica.it\/de\/glamping\/safari-tent\/","url":"https:\/\/www.lunaminoica.it\/de\/glamping\/safari-tent\/","name":"SAFARI TENT ~ Luna Minoica Suites & Apartments ~","isPartOf":{"@id":"https:\/\/www.lunaminoica.it\/de\/#website"},"datePublished":"2026-05-01T10:46:37+00:00","dateModified":"2026-05-11T13:26:26+00:00","description":"Ein gem\u00fctliches Zelt im Safari-Stil, intim und mit viel Liebe zum Detail gestaltet, in dem Schlichtheit und Komfort in perfekter Harmonie aufeinandertreffen. Ein komfortables Doppelbett, ein praktischer Ankleidebereich und eine entspannte Sitzecke mit Coffee Station schaffen den idealen Ort f\u00fcr ruhige Momente mitten in der Natur. Das private Badezimmer im Innenbereich mit Dusche und WC garantiert Funktionalit\u00e4t und Privatsph\u00e4re, ohne auf die authentische Atmosph\u00e4re zu verzichten. Die \u00d6ffnung zur ausgestatteten Patio-Terrasse schenkt Licht und Weite und l\u00e4dt dazu ein, jeden Augenblick zwischen Stille, Natur und Freiheit zu genie\u00dfen. .","breadcrumb":{"@id":"https:\/\/www.lunaminoica.it\/de\/glamping\/safari-tent\/#breadcrumb"},"inLanguage":"de-DE","potentialAction":[{"@type":"ReadAction","target":["https:\/\/www.lunaminoica.it\/de\/glamping\/safari-tent\/"]}]},{"@type":"BreadcrumbList","@id":"https:\/\/www.lunaminoica.it\/de\/glamping\/safari-tent\/#breadcrumb","itemListElement":[{"@type":"ListItem","position":1,"name":"Home","item":"https:\/\/www.lunaminoica.it\/de\/"},{"@type":"ListItem","position":2,"name":"GLAMPING","item":"https:\/\/www.lunaminoica.it\/de\/glamping\/"},{"@type":"ListItem","position":3,"name":"SAFARI TENT"}]},{"@type":"WebSite","@id":"https:\/\/www.lunaminoica.it\/de\/#website","url":"https:\/\/www.lunaminoica.it\/de\/","name":"Luna Minoica Suites & Apartments","description":"Just another ms.decms.eu site","potentialAction":[{"@type":"SearchAction","target":{"@type":"EntryPoint","urlTemplate":"https:\/\/www.lunaminoica.it\/de\/?s={search_term_string}"},"query-input":{"@type":"PropertyValueSpecification","valueRequired":true,"valueName":"search_term_string"}}],"inLanguage":"de-DE"}]}},"acf":[],"_links":{"self":[{"href":"https:\/\/www.lunaminoica.it\/de\/wp-json\/wp\/v2\/pages\/1078","targetHints":{"allow":["GET"]}}],"collection":[{"href":"https:\/\/www.lunaminoica.it\/de\/wp-json\/wp\/v2\/pages"}],"about":[{"href":"https:\/\/www.lunaminoica.it\/de\/wp-json\/wp\/v2\/types\/page"}],"author":[{"embeddable":true,"href":"https:\/\/www.lunaminoica.it\/de\/wp-json\/wp\/v2\/users\/434"}],"replies":[{"embeddable":true,"href":"https:\/\/www.lunaminoica.it\/de\/wp-json\/wp\/v2\/comments?post=1078"}],"version-history":[{"count":0,"href":"https:\/\/www.lunaminoica.it\/de\/wp-json\/wp\/v2\/pages\/1078\/revisions"}],"up":[{"embeddable":true,"href":"https:\/\/www.lunaminoica.it\/de\/wp-json\/wp\/v2\/pages\/426"}],"wp:attachment":[{"href":"https:\/\/www.lunaminoica.it\/de\/wp-json\/wp\/v2\/media?parent=1078"}],"curies":[{"name":"wp","href":"https:\/\/api.w.org\/{rel}","templated":true}]}}