{"id":1075,"date":"2026-05-01T10:24:17","date_gmt":"2026-05-01T10:24:17","guid":{"rendered":"https:\/\/www.lunaminoica.it\/glamping\/safari-tent-con-piscina-privata\/"},"modified":"2026-05-11T13:14:39","modified_gmt":"2026-05-11T13:14:39","slug":"safari-tent-con-piscina-privata","status":"publish","type":"page","link":"https:\/\/www.lunaminoica.it\/de\/glamping\/safari-tent-con-piscina-privata\/","title":{"rendered":"SAFARI-LODGE MIT PRIVATEN POOL"},"content":{"rendered":"<p style=\"text-align: center\" data-start=\"670\" data-end=\"820\">Eine gro\u00dfz\u00fcgige Lodge im authentischen Safari-Stil, voller exotischem Charme und raffinierter Eleganz,<\/p>\n<p style=\"text-align: center\" data-start=\"670\" data-end=\"820\">in der Abenteuer auf h\u00f6chsten Komfort trifft.<\/p>\n<p style=\"text-align: center\" data-start=\"822\" data-end=\"1038\">Ein gem\u00fctliches Doppelbett, ein stilvoller Ankleidebereich und ein einladender Wohnbereich mit Coffee Station<\/p>\n<p style=\"text-align: center\" data-start=\"822\" data-end=\"1038\">schaffen den perfekten Ort zum Entspannen \u2013 in einer einzigartigen Atmosph\u00e4re zwischen Natur und Design.<\/p>\n<p style=\"text-align: center\" data-start=\"1040\" data-end=\"1199\">Das private Badezimmer im Innenbereich garantiert Komfort, Funktionalit\u00e4t und absolute Privatsph\u00e4re,<\/p>\n<p style=\"text-align: center\" data-start=\"1040\" data-end=\"1199\">damit Sie das Erlebnis ohne Kompromisse genie\u00dfen k\u00f6nnen.<\/p>\n<p style=\"text-align: center\" data-start=\"1201\" data-end=\"1393\" data-is-last-node=\"\" data-is-only-node=\"\">Die gro\u00dfe Panorama\u00f6ffnung gibt den Blick auf die ausgestattete Patio-Terrasse und den privaten Pool frei \u2013 Licht,<\/p>\n<p style=\"text-align: center\" data-start=\"1201\" data-end=\"1393\" data-is-last-node=\"\" data-is-only-node=\"\">Stille und offene Horizonte vereinen sich zu einem Aufenthalt voller Freiheit.<\/p>\n","protected":false},"excerpt":{"rendered":"<p>Eine gro\u00dfz\u00fcgige Lodge im authentischen Safari-Stil, voller exotischem Charme und raffinierter Eleganz, in der Abenteuer auf h\u00f6chsten Komfort trifft. Ein gem\u00fctliches Doppelbett, ein stilvoller Ankleidebereich und ein einladender Wohnbereich mit Coffee Station schaffen den perfekten Ort zum Entspannen \u2013 in einer einzigartigen Atmosph\u00e4re zwischen Natur und Design. Das private Badezimmer im Innenbereich garantiert Komfort, Funktionalit\u00e4t [&hellip;]<\/p>\n","protected":false},"author":434,"featured_media":0,"parent":426,"menu_order":0,"comment_status":"closed","ping_status":"closed","template":"template-single-room.php","meta":{"footnotes":""},"class_list":["post-1075","page","type-page","status-publish","hentry"],"yoast_head":"<!-- This site is optimized with the Yoast SEO plugin v26.9 - https:\/\/yoast.com\/product\/yoast-seo-wordpress\/ -->\n<title>SAFARI-LODGE MIT PRIVATEN POOL ~ Luna Minoica Suites &amp; Apartments ~<\/title>\n<meta name=\"description\" content=\"Eine gro\u00dfz\u00fcgige Lodge im authentischen Safari-Stil, voller exotischem Charme und raffinierter Eleganz, in der Abenteuer auf h\u00f6chsten Komfort trifft. Ein gem\u00fctliches Doppelbett, ein stilvoller Ankleidebereich und ein einladender Wohnbereich mit Coffee Station schaffen den perfekten Ort zum Entspannen \u2013 in einer einzigartigen Atmosph\u00e4re zwischen Natur und Design. Das private Badezimmer im Innenbereich garantiert Komfort, Funktionalit\u00e4t und absolute Privatsph\u00e4re, damit Sie das Erlebnis ohne Kompromisse genie\u00dfen k\u00f6nnen. Die gro\u00dfe Panorama\u00f6ffnung gibt den Blick auf die ausgestattete Patio-Terrasse und den privaten Pool frei \u2013 Licht, Stille und offene Horizonte vereinen sich zu einem Aufenthalt voller Freiheit..\" \/>\n<meta name=\"robots\" content=\"index, follow, max-snippet:-1, max-image-preview:large, max-video-preview:-1\" \/>\n<link rel=\"canonical\" href=\"https:\/\/www.lunaminoica.it\/de\/glamping\/safari-tent-con-piscina-privata\/\" \/>\n<meta property=\"og:locale\" content=\"de_DE\" \/>\n<meta property=\"og:type\" content=\"article\" \/>\n<meta property=\"og:title\" content=\"SAFARI-LODGE MIT PRIVATEN POOL ~ Luna Minoica Suites &amp; Apartments ~\" \/>\n<meta property=\"og:description\" content=\"Eine gro\u00dfz\u00fcgige Lodge im authentischen Safari-Stil, voller exotischem Charme und raffinierter Eleganz, in der Abenteuer auf h\u00f6chsten Komfort trifft. Ein gem\u00fctliches Doppelbett, ein stilvoller Ankleidebereich und ein einladender Wohnbereich mit Coffee Station schaffen den perfekten Ort zum Entspannen \u2013 in einer einzigartigen Atmosph\u00e4re zwischen Natur und Design. Das private Badezimmer im Innenbereich garantiert Komfort, Funktionalit\u00e4t und absolute Privatsph\u00e4re, damit Sie das Erlebnis ohne Kompromisse genie\u00dfen k\u00f6nnen. Die gro\u00dfe Panorama\u00f6ffnung gibt den Blick auf die ausgestattete Patio-Terrasse und den privaten Pool frei \u2013 Licht, Stille und offene Horizonte vereinen sich zu einem Aufenthalt voller Freiheit..\" \/>\n<meta property=\"og:url\" content=\"https:\/\/www.lunaminoica.it\/de\/glamping\/safari-tent-con-piscina-privata\/\" \/>\n<meta property=\"og:site_name\" content=\"Luna Minoica Suites &amp; Apartments\" \/>\n<meta property=\"article:modified_time\" content=\"2026-05-11T13:14:39+00:00\" \/>\n<meta name=\"twitter:card\" content=\"summary_large_image\" \/>\n<meta name=\"twitter:label1\" content=\"Gesch\u00e4tzte Lesezeit\" \/>\n\t<meta name=\"twitter:data1\" content=\"1 Minute\" \/>\n<script type=\"application\/ld+json\" class=\"yoast-schema-graph\">{\"@context\":\"https:\/\/schema.org\",\"@graph\":[{\"@type\":\"WebPage\",\"@id\":\"https:\/\/www.lunaminoica.it\/de\/glamping\/safari-tent-con-piscina-privata\/\",\"url\":\"https:\/\/www.lunaminoica.it\/de\/glamping\/safari-tent-con-piscina-privata\/\",\"name\":\"SAFARI-LODGE MIT PRIVATEN POOL ~ Luna Minoica Suites & Apartments ~\",\"isPartOf\":{\"@id\":\"https:\/\/www.lunaminoica.it\/de\/#website\"},\"datePublished\":\"2026-05-01T10:24:17+00:00\",\"dateModified\":\"2026-05-11T13:14:39+00:00\",\"description\":\"Eine gro\u00dfz\u00fcgige Lodge im authentischen Safari-Stil, voller exotischem Charme und raffinierter Eleganz, in der Abenteuer auf h\u00f6chsten Komfort trifft. Ein gem\u00fctliches Doppelbett, ein stilvoller Ankleidebereich und ein einladender Wohnbereich mit Coffee Station schaffen den perfekten Ort zum Entspannen \u2013 in einer einzigartigen Atmosph\u00e4re zwischen Natur und Design. Das private Badezimmer im Innenbereich garantiert Komfort, Funktionalit\u00e4t und absolute Privatsph\u00e4re, damit Sie das Erlebnis ohne Kompromisse genie\u00dfen k\u00f6nnen. Die gro\u00dfe Panorama\u00f6ffnung gibt den Blick auf die ausgestattete Patio-Terrasse und den privaten Pool frei \u2013 Licht, Stille und offene Horizonte vereinen sich zu einem Aufenthalt voller Freiheit. .\",\"breadcrumb\":{\"@id\":\"https:\/\/www.lunaminoica.it\/de\/glamping\/safari-tent-con-piscina-privata\/#breadcrumb\"},\"inLanguage\":\"de-DE\",\"potentialAction\":[{\"@type\":\"ReadAction\",\"target\":[\"https:\/\/www.lunaminoica.it\/de\/glamping\/safari-tent-con-piscina-privata\/\"]}]},{\"@type\":\"BreadcrumbList\",\"@id\":\"https:\/\/www.lunaminoica.it\/de\/glamping\/safari-tent-con-piscina-privata\/#breadcrumb\",\"itemListElement\":[{\"@type\":\"ListItem\",\"position\":1,\"name\":\"Home\",\"item\":\"https:\/\/www.lunaminoica.it\/de\/\"},{\"@type\":\"ListItem\",\"position\":2,\"name\":\"GLAMPING\",\"item\":\"https:\/\/www.lunaminoica.it\/de\/glamping\/\"},{\"@type\":\"ListItem\",\"position\":3,\"name\":\"SAFARI-LODGE MIT PRIVATEN POOL\"}]},{\"@type\":\"WebSite\",\"@id\":\"https:\/\/www.lunaminoica.it\/de\/#website\",\"url\":\"https:\/\/www.lunaminoica.it\/de\/\",\"name\":\"Luna Minoica Suites & Apartments\",\"description\":\"Just another ms.decms.eu site\",\"potentialAction\":[{\"@type\":\"SearchAction\",\"target\":{\"@type\":\"EntryPoint\",\"urlTemplate\":\"https:\/\/www.lunaminoica.it\/de\/?s={search_term_string}\"},\"query-input\":{\"@type\":\"PropertyValueSpecification\",\"valueRequired\":true,\"valueName\":\"search_term_string\"}}],\"inLanguage\":\"de-DE\"}]}<\/script>\n<!-- \/ Yoast SEO plugin. -->","yoast_head_json":{"title":"SAFARI-LODGE MIT PRIVATEN POOL ~ Luna Minoica Suites & Apartments ~","description":"Eine gro\u00dfz\u00fcgige Lodge im authentischen Safari-Stil, voller exotischem Charme und raffinierter Eleganz, in der Abenteuer auf h\u00f6chsten Komfort trifft. Ein gem\u00fctliches Doppelbett, ein stilvoller Ankleidebereich und ein einladender Wohnbereich mit Coffee Station schaffen den perfekten Ort zum Entspannen \u2013 in einer einzigartigen Atmosph\u00e4re zwischen Natur und Design. Das private Badezimmer im Innenbereich garantiert Komfort, Funktionalit\u00e4t und absolute Privatsph\u00e4re, damit Sie das Erlebnis ohne Kompromisse genie\u00dfen k\u00f6nnen. Die gro\u00dfe Panorama\u00f6ffnung gibt den Blick auf die ausgestattete Patio-Terrasse und den privaten Pool frei \u2013 Licht, Stille und offene Horizonte vereinen sich zu einem Aufenthalt voller Freiheit..","robots":{"index":"index","follow":"follow","max-snippet":"max-snippet:-1","max-image-preview":"max-image-preview:large","max-video-preview":"max-video-preview:-1"},"canonical":"https:\/\/www.lunaminoica.it\/de\/glamping\/safari-tent-con-piscina-privata\/","og_locale":"de_DE","og_type":"article","og_title":"SAFARI-LODGE MIT PRIVATEN POOL ~ Luna Minoica Suites & Apartments ~","og_description":"Eine gro\u00dfz\u00fcgige Lodge im authentischen Safari-Stil, voller exotischem Charme und raffinierter Eleganz, in der Abenteuer auf h\u00f6chsten Komfort trifft. Ein gem\u00fctliches Doppelbett, ein stilvoller Ankleidebereich und ein einladender Wohnbereich mit Coffee Station schaffen den perfekten Ort zum Entspannen \u2013 in einer einzigartigen Atmosph\u00e4re zwischen Natur und Design. Das private Badezimmer im Innenbereich garantiert Komfort, Funktionalit\u00e4t und absolute Privatsph\u00e4re, damit Sie das Erlebnis ohne Kompromisse genie\u00dfen k\u00f6nnen. Die gro\u00dfe Panorama\u00f6ffnung gibt den Blick auf die ausgestattete Patio-Terrasse und den privaten Pool frei \u2013 Licht, Stille und offene Horizonte vereinen sich zu einem Aufenthalt voller Freiheit..","og_url":"https:\/\/www.lunaminoica.it\/de\/glamping\/safari-tent-con-piscina-privata\/","og_site_name":"Luna Minoica Suites & Apartments","article_modified_time":"2026-05-11T13:14:39+00:00","twitter_card":"summary_large_image","twitter_misc":{"Gesch\u00e4tzte Lesezeit":"1 Minute"},"schema":{"@context":"https:\/\/schema.org","@graph":[{"@type":"WebPage","@id":"https:\/\/www.lunaminoica.it\/de\/glamping\/safari-tent-con-piscina-privata\/","url":"https:\/\/www.lunaminoica.it\/de\/glamping\/safari-tent-con-piscina-privata\/","name":"SAFARI-LODGE MIT PRIVATEN POOL ~ Luna Minoica Suites & Apartments ~","isPartOf":{"@id":"https:\/\/www.lunaminoica.it\/de\/#website"},"datePublished":"2026-05-01T10:24:17+00:00","dateModified":"2026-05-11T13:14:39+00:00","description":"Eine gro\u00dfz\u00fcgige Lodge im authentischen Safari-Stil, voller exotischem Charme und raffinierter Eleganz, in der Abenteuer auf h\u00f6chsten Komfort trifft. Ein gem\u00fctliches Doppelbett, ein stilvoller Ankleidebereich und ein einladender Wohnbereich mit Coffee Station schaffen den perfekten Ort zum Entspannen \u2013 in einer einzigartigen Atmosph\u00e4re zwischen Natur und Design. Das private Badezimmer im Innenbereich garantiert Komfort, Funktionalit\u00e4t und absolute Privatsph\u00e4re, damit Sie das Erlebnis ohne Kompromisse genie\u00dfen k\u00f6nnen. Die gro\u00dfe Panorama\u00f6ffnung gibt den Blick auf die ausgestattete Patio-Terrasse und den privaten Pool frei \u2013 Licht, Stille und offene Horizonte vereinen sich zu einem Aufenthalt voller Freiheit. .","breadcrumb":{"@id":"https:\/\/www.lunaminoica.it\/de\/glamping\/safari-tent-con-piscina-privata\/#breadcrumb"},"inLanguage":"de-DE","potentialAction":[{"@type":"ReadAction","target":["https:\/\/www.lunaminoica.it\/de\/glamping\/safari-tent-con-piscina-privata\/"]}]},{"@type":"BreadcrumbList","@id":"https:\/\/www.lunaminoica.it\/de\/glamping\/safari-tent-con-piscina-privata\/#breadcrumb","itemListElement":[{"@type":"ListItem","position":1,"name":"Home","item":"https:\/\/www.lunaminoica.it\/de\/"},{"@type":"ListItem","position":2,"name":"GLAMPING","item":"https:\/\/www.lunaminoica.it\/de\/glamping\/"},{"@type":"ListItem","position":3,"name":"SAFARI-LODGE MIT PRIVATEN POOL"}]},{"@type":"WebSite","@id":"https:\/\/www.lunaminoica.it\/de\/#website","url":"https:\/\/www.lunaminoica.it\/de\/","name":"Luna Minoica Suites & Apartments","description":"Just another ms.decms.eu site","potentialAction":[{"@type":"SearchAction","target":{"@type":"EntryPoint","urlTemplate":"https:\/\/www.lunaminoica.it\/de\/?s={search_term_string}"},"query-input":{"@type":"PropertyValueSpecification","valueRequired":true,"valueName":"search_term_string"}}],"inLanguage":"de-DE"}]}},"acf":[],"_links":{"self":[{"href":"https:\/\/www.lunaminoica.it\/de\/wp-json\/wp\/v2\/pages\/1075","targetHints":{"allow":["GET"]}}],"collection":[{"href":"https:\/\/www.lunaminoica.it\/de\/wp-json\/wp\/v2\/pages"}],"about":[{"href":"https:\/\/www.lunaminoica.it\/de\/wp-json\/wp\/v2\/types\/page"}],"author":[{"embeddable":true,"href":"https:\/\/www.lunaminoica.it\/de\/wp-json\/wp\/v2\/users\/434"}],"replies":[{"embeddable":true,"href":"https:\/\/www.lunaminoica.it\/de\/wp-json\/wp\/v2\/comments?post=1075"}],"version-history":[{"count":0,"href":"https:\/\/www.lunaminoica.it\/de\/wp-json\/wp\/v2\/pages\/1075\/revisions"}],"up":[{"embeddable":true,"href":"https:\/\/www.lunaminoica.it\/de\/wp-json\/wp\/v2\/pages\/426"}],"wp:attachment":[{"href":"https:\/\/www.lunaminoica.it\/de\/wp-json\/wp\/v2\/media?parent=1075"}],"curies":[{"name":"wp","href":"https:\/\/api.w.org\/{rel}","templated":true}]}}