{"id":1070,"date":"2026-05-01T09:55:25","date_gmt":"2026-05-01T09:55:25","guid":{"rendered":"https:\/\/www.lunaminoica.it\/glamping\/boutique-lodge-con-piscina-privata\/"},"modified":"2026-05-11T13:06:44","modified_gmt":"2026-05-11T13:06:44","slug":"boutique-lodge-con-piscina-privata","status":"publish","type":"page","link":"https:\/\/www.lunaminoica.it\/de\/glamping\/boutique-lodge-con-piscina-privata\/","title":{"rendered":"BOUTIQUE-LODGE MIT PRIVATEN POOL"},"content":{"rendered":"<p style=\"text-align: center\" data-start=\"0\" data-end=\"120\">Ein gro\u00dfz\u00fcgiges Open-Space-Zelt, lichtdurchflutet und elegant, in dem Komfort und Natur harmonisch aufeinandertreffen.<\/p>\n<p style=\"text-align: center\" data-start=\"122\" data-end=\"269\">Ein gem\u00fctliches Doppelbett, ein stilvoller Ankleidebereich und eine einladende Living Area mit Coffee Station<\/p>\n<p style=\"text-align: center\" data-start=\"122\" data-end=\"269\">schaffen Momente purer Entspannung.<\/p>\n<p style=\"text-align: center\" data-start=\"271\" data-end=\"373\">Das private Badezimmer im Innenbereich garantiert Komfort, Funktionalit\u00e4t und absolute Privatsph\u00e4re.<\/p>\n<p style=\"text-align: center\" data-start=\"375\" data-end=\"550\" data-is-last-node=\"\" data-is-only-node=\"\">Ein gro\u00dfes Panoramafenster er\u00f6ffnet den Blick auf die ausgestattete Patio-Terrasse und den privaten Pool \u2013 Licht,<\/p>\n<p style=\"text-align: center\" data-start=\"375\" data-end=\"550\" data-is-last-node=\"\" data-is-only-node=\"\">Weite und Freiheit vereint in einem unvergesslichen Erlebnis.<\/p>\n","protected":false},"excerpt":{"rendered":"<p>Ein gro\u00dfz\u00fcgiges Open-Space-Zelt, lichtdurchflutet und elegant, in dem Komfort und Natur harmonisch aufeinandertreffen. Ein gem\u00fctliches Doppelbett, ein stilvoller Ankleidebereich und eine einladende Living Area mit Coffee Station schaffen Momente purer Entspannung. Das private Badezimmer im Innenbereich garantiert Komfort, Funktionalit\u00e4t und absolute Privatsph\u00e4re. Ein gro\u00dfes Panoramafenster er\u00f6ffnet den Blick auf die ausgestattete Patio-Terrasse und den privaten [&hellip;]<\/p>\n","protected":false},"author":434,"featured_media":0,"parent":426,"menu_order":0,"comment_status":"closed","ping_status":"closed","template":"template-single-room.php","meta":{"footnotes":""},"class_list":["post-1070","page","type-page","status-publish","hentry"],"yoast_head":"<!-- This site is optimized with the Yoast SEO plugin v26.9 - https:\/\/yoast.com\/product\/yoast-seo-wordpress\/ -->\n<title>BOUTIQUE-LODGE MIT PRIVATEN POOL ~ Luna Minoica Suites &amp; Apartments ~<\/title>\n<meta name=\"description\" content=\"Ein gro\u00dfz\u00fcgiges Open-Space-Zelt, lichtdurchflutet und elegant, in dem Komfort und Natur harmonisch aufeinandertreffen. Ein gem\u00fctliches Doppelbett, ein stilvoller Ankleidebereich und eine einladende Living Area mit Coffee Station schaffen Momente purer Entspannung. Das private Badezimmer im Innenbereich garantiert Komfort, Funktionalit\u00e4t und absolute Privatsph\u00e4re. Ein gro\u00dfes Panoramafenster er\u00f6ffnet den Blick auf die ausgestattete Patio-Terrasse und den privaten Pool \u2013 Licht, Weite und Freiheit vereint in einem unvergesslichen Erlebnis..\" \/>\n<meta name=\"robots\" content=\"index, follow, max-snippet:-1, max-image-preview:large, max-video-preview:-1\" \/>\n<link rel=\"canonical\" href=\"https:\/\/www.lunaminoica.it\/de\/glamping\/boutique-lodge-con-piscina-privata\/\" \/>\n<meta property=\"og:locale\" content=\"de_DE\" \/>\n<meta property=\"og:type\" content=\"article\" \/>\n<meta property=\"og:title\" content=\"BOUTIQUE-LODGE MIT PRIVATEN POOL ~ Luna Minoica Suites &amp; Apartments ~\" \/>\n<meta property=\"og:description\" content=\"Ein gro\u00dfz\u00fcgiges Open-Space-Zelt, lichtdurchflutet und elegant, in dem Komfort und Natur harmonisch aufeinandertreffen. Ein gem\u00fctliches Doppelbett, ein stilvoller Ankleidebereich und eine einladende Living Area mit Coffee Station schaffen Momente purer Entspannung. Das private Badezimmer im Innenbereich garantiert Komfort, Funktionalit\u00e4t und absolute Privatsph\u00e4re. Ein gro\u00dfes Panoramafenster er\u00f6ffnet den Blick auf die ausgestattete Patio-Terrasse und den privaten Pool \u2013 Licht, Weite und Freiheit vereint in einem unvergesslichen Erlebnis..\" \/>\n<meta property=\"og:url\" content=\"https:\/\/www.lunaminoica.it\/de\/glamping\/boutique-lodge-con-piscina-privata\/\" \/>\n<meta property=\"og:site_name\" content=\"Luna Minoica Suites &amp; Apartments\" \/>\n<meta property=\"article:modified_time\" content=\"2026-05-11T13:06:44+00:00\" \/>\n<meta name=\"twitter:card\" content=\"summary_large_image\" \/>\n<meta name=\"twitter:label1\" content=\"Gesch\u00e4tzte Lesezeit\" \/>\n\t<meta name=\"twitter:data1\" content=\"1 Minute\" \/>\n<script type=\"application\/ld+json\" class=\"yoast-schema-graph\">{\"@context\":\"https:\/\/schema.org\",\"@graph\":[{\"@type\":\"WebPage\",\"@id\":\"https:\/\/www.lunaminoica.it\/de\/glamping\/boutique-lodge-con-piscina-privata\/\",\"url\":\"https:\/\/www.lunaminoica.it\/de\/glamping\/boutique-lodge-con-piscina-privata\/\",\"name\":\"BOUTIQUE-LODGE MIT PRIVATEN POOL ~ Luna Minoica Suites & Apartments ~\",\"isPartOf\":{\"@id\":\"https:\/\/www.lunaminoica.it\/de\/#website\"},\"datePublished\":\"2026-05-01T09:55:25+00:00\",\"dateModified\":\"2026-05-11T13:06:44+00:00\",\"description\":\"Ein gro\u00dfz\u00fcgiges Open-Space-Zelt, lichtdurchflutet und elegant, in dem Komfort und Natur harmonisch aufeinandertreffen. Ein gem\u00fctliches Doppelbett, ein stilvoller Ankleidebereich und eine einladende Living Area mit Coffee Station schaffen Momente purer Entspannung. Das private Badezimmer im Innenbereich garantiert Komfort, Funktionalit\u00e4t und absolute Privatsph\u00e4re. Ein gro\u00dfes Panoramafenster er\u00f6ffnet den Blick auf die ausgestattete Patio-Terrasse und den privaten Pool \u2013 Licht, Weite und Freiheit vereint in einem unvergesslichen Erlebnis. .\",\"breadcrumb\":{\"@id\":\"https:\/\/www.lunaminoica.it\/de\/glamping\/boutique-lodge-con-piscina-privata\/#breadcrumb\"},\"inLanguage\":\"de-DE\",\"potentialAction\":[{\"@type\":\"ReadAction\",\"target\":[\"https:\/\/www.lunaminoica.it\/de\/glamping\/boutique-lodge-con-piscina-privata\/\"]}]},{\"@type\":\"BreadcrumbList\",\"@id\":\"https:\/\/www.lunaminoica.it\/de\/glamping\/boutique-lodge-con-piscina-privata\/#breadcrumb\",\"itemListElement\":[{\"@type\":\"ListItem\",\"position\":1,\"name\":\"Home\",\"item\":\"https:\/\/www.lunaminoica.it\/de\/\"},{\"@type\":\"ListItem\",\"position\":2,\"name\":\"GLAMPING\",\"item\":\"https:\/\/www.lunaminoica.it\/de\/glamping\/\"},{\"@type\":\"ListItem\",\"position\":3,\"name\":\"BOUTIQUE-LODGE MIT PRIVATEN POOL\"}]},{\"@type\":\"WebSite\",\"@id\":\"https:\/\/www.lunaminoica.it\/de\/#website\",\"url\":\"https:\/\/www.lunaminoica.it\/de\/\",\"name\":\"Luna Minoica Suites & Apartments\",\"description\":\"Just another ms.decms.eu site\",\"potentialAction\":[{\"@type\":\"SearchAction\",\"target\":{\"@type\":\"EntryPoint\",\"urlTemplate\":\"https:\/\/www.lunaminoica.it\/de\/?s={search_term_string}\"},\"query-input\":{\"@type\":\"PropertyValueSpecification\",\"valueRequired\":true,\"valueName\":\"search_term_string\"}}],\"inLanguage\":\"de-DE\"}]}<\/script>\n<!-- \/ Yoast SEO plugin. -->","yoast_head_json":{"title":"BOUTIQUE-LODGE MIT PRIVATEN POOL ~ Luna Minoica Suites & Apartments ~","description":"Ein gro\u00dfz\u00fcgiges Open-Space-Zelt, lichtdurchflutet und elegant, in dem Komfort und Natur harmonisch aufeinandertreffen. Ein gem\u00fctliches Doppelbett, ein stilvoller Ankleidebereich und eine einladende Living Area mit Coffee Station schaffen Momente purer Entspannung. Das private Badezimmer im Innenbereich garantiert Komfort, Funktionalit\u00e4t und absolute Privatsph\u00e4re. Ein gro\u00dfes Panoramafenster er\u00f6ffnet den Blick auf die ausgestattete Patio-Terrasse und den privaten Pool \u2013 Licht, Weite und Freiheit vereint in einem unvergesslichen Erlebnis..","robots":{"index":"index","follow":"follow","max-snippet":"max-snippet:-1","max-image-preview":"max-image-preview:large","max-video-preview":"max-video-preview:-1"},"canonical":"https:\/\/www.lunaminoica.it\/de\/glamping\/boutique-lodge-con-piscina-privata\/","og_locale":"de_DE","og_type":"article","og_title":"BOUTIQUE-LODGE MIT PRIVATEN POOL ~ Luna Minoica Suites & Apartments ~","og_description":"Ein gro\u00dfz\u00fcgiges Open-Space-Zelt, lichtdurchflutet und elegant, in dem Komfort und Natur harmonisch aufeinandertreffen. Ein gem\u00fctliches Doppelbett, ein stilvoller Ankleidebereich und eine einladende Living Area mit Coffee Station schaffen Momente purer Entspannung. Das private Badezimmer im Innenbereich garantiert Komfort, Funktionalit\u00e4t und absolute Privatsph\u00e4re. Ein gro\u00dfes Panoramafenster er\u00f6ffnet den Blick auf die ausgestattete Patio-Terrasse und den privaten Pool \u2013 Licht, Weite und Freiheit vereint in einem unvergesslichen Erlebnis..","og_url":"https:\/\/www.lunaminoica.it\/de\/glamping\/boutique-lodge-con-piscina-privata\/","og_site_name":"Luna Minoica Suites & Apartments","article_modified_time":"2026-05-11T13:06:44+00:00","twitter_card":"summary_large_image","twitter_misc":{"Gesch\u00e4tzte Lesezeit":"1 Minute"},"schema":{"@context":"https:\/\/schema.org","@graph":[{"@type":"WebPage","@id":"https:\/\/www.lunaminoica.it\/de\/glamping\/boutique-lodge-con-piscina-privata\/","url":"https:\/\/www.lunaminoica.it\/de\/glamping\/boutique-lodge-con-piscina-privata\/","name":"BOUTIQUE-LODGE MIT PRIVATEN POOL ~ Luna Minoica Suites & Apartments ~","isPartOf":{"@id":"https:\/\/www.lunaminoica.it\/de\/#website"},"datePublished":"2026-05-01T09:55:25+00:00","dateModified":"2026-05-11T13:06:44+00:00","description":"Ein gro\u00dfz\u00fcgiges Open-Space-Zelt, lichtdurchflutet und elegant, in dem Komfort und Natur harmonisch aufeinandertreffen. Ein gem\u00fctliches Doppelbett, ein stilvoller Ankleidebereich und eine einladende Living Area mit Coffee Station schaffen Momente purer Entspannung. Das private Badezimmer im Innenbereich garantiert Komfort, Funktionalit\u00e4t und absolute Privatsph\u00e4re. Ein gro\u00dfes Panoramafenster er\u00f6ffnet den Blick auf die ausgestattete Patio-Terrasse und den privaten Pool \u2013 Licht, Weite und Freiheit vereint in einem unvergesslichen Erlebnis. .","breadcrumb":{"@id":"https:\/\/www.lunaminoica.it\/de\/glamping\/boutique-lodge-con-piscina-privata\/#breadcrumb"},"inLanguage":"de-DE","potentialAction":[{"@type":"ReadAction","target":["https:\/\/www.lunaminoica.it\/de\/glamping\/boutique-lodge-con-piscina-privata\/"]}]},{"@type":"BreadcrumbList","@id":"https:\/\/www.lunaminoica.it\/de\/glamping\/boutique-lodge-con-piscina-privata\/#breadcrumb","itemListElement":[{"@type":"ListItem","position":1,"name":"Home","item":"https:\/\/www.lunaminoica.it\/de\/"},{"@type":"ListItem","position":2,"name":"GLAMPING","item":"https:\/\/www.lunaminoica.it\/de\/glamping\/"},{"@type":"ListItem","position":3,"name":"BOUTIQUE-LODGE MIT PRIVATEN POOL"}]},{"@type":"WebSite","@id":"https:\/\/www.lunaminoica.it\/de\/#website","url":"https:\/\/www.lunaminoica.it\/de\/","name":"Luna Minoica Suites & Apartments","description":"Just another ms.decms.eu site","potentialAction":[{"@type":"SearchAction","target":{"@type":"EntryPoint","urlTemplate":"https:\/\/www.lunaminoica.it\/de\/?s={search_term_string}"},"query-input":{"@type":"PropertyValueSpecification","valueRequired":true,"valueName":"search_term_string"}}],"inLanguage":"de-DE"}]}},"acf":[],"_links":{"self":[{"href":"https:\/\/www.lunaminoica.it\/de\/wp-json\/wp\/v2\/pages\/1070","targetHints":{"allow":["GET"]}}],"collection":[{"href":"https:\/\/www.lunaminoica.it\/de\/wp-json\/wp\/v2\/pages"}],"about":[{"href":"https:\/\/www.lunaminoica.it\/de\/wp-json\/wp\/v2\/types\/page"}],"author":[{"embeddable":true,"href":"https:\/\/www.lunaminoica.it\/de\/wp-json\/wp\/v2\/users\/434"}],"replies":[{"embeddable":true,"href":"https:\/\/www.lunaminoica.it\/de\/wp-json\/wp\/v2\/comments?post=1070"}],"version-history":[{"count":0,"href":"https:\/\/www.lunaminoica.it\/de\/wp-json\/wp\/v2\/pages\/1070\/revisions"}],"up":[{"embeddable":true,"href":"https:\/\/www.lunaminoica.it\/de\/wp-json\/wp\/v2\/pages\/426"}],"wp:attachment":[{"href":"https:\/\/www.lunaminoica.it\/de\/wp-json\/wp\/v2\/media?parent=1070"}],"curies":[{"name":"wp","href":"https:\/\/api.w.org\/{rel}","templated":true}]}}