{"id":100,"date":"2022-03-08T10:36:44","date_gmt":"2022-03-08T10:36:44","guid":{"rendered":"https:\/\/luna-minoica.ms.decms.eu\/?page_id=100"},"modified":"2022-03-31T15:17:21","modified_gmt":"2022-03-31T15:17:21","slug":"familienzimmer","status":"publish","type":"page","link":"https:\/\/www.lunaminoica.it\/de\/zimmer\/familienzimmer\/","title":{"rendered":"Familienzimmer"},"content":{"rendered":"<p>Zwei miteinander verbundene Schlafzimmer, jedes mit eigenem Bad, <strong>sorgen f\u00fcr einen angenehmen Familienurlaub und gew\u00e4hrleisten<\/strong> die Privatsph\u00e4re aller Mitglieder.<\/p>\n<p>Der besondere Blick auf das <strong>Naturschutzgebiet Torre Salsa ist ein Plus<\/strong>, das Ihnen ein unvergessliches Erwachen bescheren wird.<\/p>\n","protected":false},"excerpt":{"rendered":"<p>Zwei miteinander verbundene Schlafzimmer, jedes mit eigenem Bad, sorgen f\u00fcr einen angenehmen Familienurlaub und gew\u00e4hrleisten die Privatsph\u00e4re aller Mitglieder. Der besondere Blick auf das Naturschutzgebiet Torre Salsa ist ein Plus, das Ihnen ein unvergessliches Erwachen bescheren wird.<\/p>\n","protected":false},"author":7,"featured_media":0,"parent":41,"menu_order":6,"comment_status":"closed","ping_status":"closed","template":"template-single-room.php","meta":{"footnotes":""},"class_list":["post-100","page","type-page","status-publish","hentry"],"yoast_head":"<!-- This site is optimized with the Yoast SEO plugin v26.9 - https:\/\/yoast.com\/product\/yoast-seo-wordpress\/ -->\n<title>Familienzimmer ~ Luna Minoica Suites &amp; Apartments ~<\/title>\n<meta name=\"description\" content=\"Zwei miteinander verbundene Schlafzimmer, jedes mit eigenem Bad, sorgen f\u00fcr einen angenehmen Familienurlaub und gew\u00e4hrleisten die Privatsph\u00e4re aller Mitglieder.  Der besondere Blick auf das Naturschutzgebiet Torre Salsa ist ein Plus, das Ihnen ein unvergessliches Erwachen bescheren wird..\" \/>\n<meta name=\"robots\" content=\"index, follow, max-snippet:-1, max-image-preview:large, max-video-preview:-1\" \/>\n<link rel=\"canonical\" href=\"https:\/\/www.lunaminoica.it\/de\/zimmer\/familienzimmer\/\" \/>\n<meta property=\"og:locale\" content=\"de_DE\" \/>\n<meta property=\"og:type\" content=\"article\" \/>\n<meta property=\"og:title\" content=\"Familienzimmer ~ Luna Minoica Suites &amp; Apartments ~\" \/>\n<meta property=\"og:description\" content=\"Zwei miteinander verbundene Schlafzimmer, jedes mit eigenem Bad, sorgen f\u00fcr einen angenehmen Familienurlaub und gew\u00e4hrleisten die Privatsph\u00e4re aller Mitglieder.  Der besondere Blick auf das Naturschutzgebiet Torre Salsa ist ein Plus, das Ihnen ein unvergessliches Erwachen bescheren wird..\" \/>\n<meta property=\"og:url\" content=\"https:\/\/www.lunaminoica.it\/de\/zimmer\/familienzimmer\/\" \/>\n<meta property=\"og:site_name\" content=\"Luna Minoica Suites &amp; Apartments\" \/>\n<meta property=\"article:modified_time\" content=\"2022-03-31T15:17:21+00:00\" \/>\n<meta name=\"twitter:card\" content=\"summary_large_image\" \/>\n<meta name=\"twitter:label1\" content=\"Gesch\u00e4tzte Lesezeit\" \/>\n\t<meta name=\"twitter:data1\" content=\"1 Minute\" \/>\n<script type=\"application\/ld+json\" class=\"yoast-schema-graph\">{\"@context\":\"https:\/\/schema.org\",\"@graph\":[{\"@type\":\"WebPage\",\"@id\":\"https:\/\/www.lunaminoica.it\/de\/zimmer\/familienzimmer\/\",\"url\":\"https:\/\/www.lunaminoica.it\/de\/zimmer\/familienzimmer\/\",\"name\":\"Familienzimmer ~ Luna Minoica Suites & Apartments ~\",\"isPartOf\":{\"@id\":\"https:\/\/www.lunaminoica.it\/de\/#website\"},\"datePublished\":\"2022-03-08T10:36:44+00:00\",\"dateModified\":\"2022-03-31T15:17:21+00:00\",\"description\":\"Zwei miteinander verbundene Schlafzimmer, jedes mit eigenem Bad, sorgen f\u00fcr einen angenehmen Familienurlaub und gew\u00e4hrleisten die Privatsph\u00e4re aller Mitglieder. Der besondere Blick auf das Naturschutzgebiet Torre Salsa ist ein Plus, das Ihnen ein unvergessliches Erwachen bescheren wird..\",\"breadcrumb\":{\"@id\":\"https:\/\/www.lunaminoica.it\/de\/zimmer\/familienzimmer\/#breadcrumb\"},\"inLanguage\":\"de-DE\",\"potentialAction\":[{\"@type\":\"ReadAction\",\"target\":[\"https:\/\/www.lunaminoica.it\/de\/zimmer\/familienzimmer\/\"]}]},{\"@type\":\"BreadcrumbList\",\"@id\":\"https:\/\/www.lunaminoica.it\/de\/zimmer\/familienzimmer\/#breadcrumb\",\"itemListElement\":[{\"@type\":\"ListItem\",\"position\":1,\"name\":\"Home\",\"item\":\"https:\/\/www.lunaminoica.it\/de\/\"},{\"@type\":\"ListItem\",\"position\":2,\"name\":\"Zimmer\",\"item\":\"https:\/\/www.lunaminoica.it\/de\/zimmer\/\"},{\"@type\":\"ListItem\",\"position\":3,\"name\":\"Familienzimmer\"}]},{\"@type\":\"WebSite\",\"@id\":\"https:\/\/www.lunaminoica.it\/de\/#website\",\"url\":\"https:\/\/www.lunaminoica.it\/de\/\",\"name\":\"Luna Minoica Suites & Apartments\",\"description\":\"Just another ms.decms.eu site\",\"potentialAction\":[{\"@type\":\"SearchAction\",\"target\":{\"@type\":\"EntryPoint\",\"urlTemplate\":\"https:\/\/www.lunaminoica.it\/de\/?s={search_term_string}\"},\"query-input\":{\"@type\":\"PropertyValueSpecification\",\"valueRequired\":true,\"valueName\":\"search_term_string\"}}],\"inLanguage\":\"de-DE\"}]}<\/script>\n<!-- \/ Yoast SEO plugin. -->","yoast_head_json":{"title":"Familienzimmer ~ Luna Minoica Suites & Apartments ~","description":"Zwei miteinander verbundene Schlafzimmer, jedes mit eigenem Bad, sorgen f\u00fcr einen angenehmen Familienurlaub und gew\u00e4hrleisten die Privatsph\u00e4re aller Mitglieder.  Der besondere Blick auf das Naturschutzgebiet Torre Salsa ist ein Plus, das Ihnen ein unvergessliches Erwachen bescheren wird..","robots":{"index":"index","follow":"follow","max-snippet":"max-snippet:-1","max-image-preview":"max-image-preview:large","max-video-preview":"max-video-preview:-1"},"canonical":"https:\/\/www.lunaminoica.it\/de\/zimmer\/familienzimmer\/","og_locale":"de_DE","og_type":"article","og_title":"Familienzimmer ~ Luna Minoica Suites & Apartments ~","og_description":"Zwei miteinander verbundene Schlafzimmer, jedes mit eigenem Bad, sorgen f\u00fcr einen angenehmen Familienurlaub und gew\u00e4hrleisten die Privatsph\u00e4re aller Mitglieder.  Der besondere Blick auf das Naturschutzgebiet Torre Salsa ist ein Plus, das Ihnen ein unvergessliches Erwachen bescheren wird..","og_url":"https:\/\/www.lunaminoica.it\/de\/zimmer\/familienzimmer\/","og_site_name":"Luna Minoica Suites & Apartments","article_modified_time":"2022-03-31T15:17:21+00:00","twitter_card":"summary_large_image","twitter_misc":{"Gesch\u00e4tzte Lesezeit":"1 Minute"},"schema":{"@context":"https:\/\/schema.org","@graph":[{"@type":"WebPage","@id":"https:\/\/www.lunaminoica.it\/de\/zimmer\/familienzimmer\/","url":"https:\/\/www.lunaminoica.it\/de\/zimmer\/familienzimmer\/","name":"Familienzimmer ~ Luna Minoica Suites & Apartments ~","isPartOf":{"@id":"https:\/\/www.lunaminoica.it\/de\/#website"},"datePublished":"2022-03-08T10:36:44+00:00","dateModified":"2022-03-31T15:17:21+00:00","description":"Zwei miteinander verbundene Schlafzimmer, jedes mit eigenem Bad, sorgen f\u00fcr einen angenehmen Familienurlaub und gew\u00e4hrleisten die Privatsph\u00e4re aller Mitglieder. Der besondere Blick auf das Naturschutzgebiet Torre Salsa ist ein Plus, das Ihnen ein unvergessliches Erwachen bescheren wird..","breadcrumb":{"@id":"https:\/\/www.lunaminoica.it\/de\/zimmer\/familienzimmer\/#breadcrumb"},"inLanguage":"de-DE","potentialAction":[{"@type":"ReadAction","target":["https:\/\/www.lunaminoica.it\/de\/zimmer\/familienzimmer\/"]}]},{"@type":"BreadcrumbList","@id":"https:\/\/www.lunaminoica.it\/de\/zimmer\/familienzimmer\/#breadcrumb","itemListElement":[{"@type":"ListItem","position":1,"name":"Home","item":"https:\/\/www.lunaminoica.it\/de\/"},{"@type":"ListItem","position":2,"name":"Zimmer","item":"https:\/\/www.lunaminoica.it\/de\/zimmer\/"},{"@type":"ListItem","position":3,"name":"Familienzimmer"}]},{"@type":"WebSite","@id":"https:\/\/www.lunaminoica.it\/de\/#website","url":"https:\/\/www.lunaminoica.it\/de\/","name":"Luna Minoica Suites & Apartments","description":"Just another ms.decms.eu site","potentialAction":[{"@type":"SearchAction","target":{"@type":"EntryPoint","urlTemplate":"https:\/\/www.lunaminoica.it\/de\/?s={search_term_string}"},"query-input":{"@type":"PropertyValueSpecification","valueRequired":true,"valueName":"search_term_string"}}],"inLanguage":"de-DE"}]}},"acf":[],"_links":{"self":[{"href":"https:\/\/www.lunaminoica.it\/de\/wp-json\/wp\/v2\/pages\/100","targetHints":{"allow":["GET"]}}],"collection":[{"href":"https:\/\/www.lunaminoica.it\/de\/wp-json\/wp\/v2\/pages"}],"about":[{"href":"https:\/\/www.lunaminoica.it\/de\/wp-json\/wp\/v2\/types\/page"}],"author":[{"embeddable":true,"href":"https:\/\/www.lunaminoica.it\/de\/wp-json\/wp\/v2\/users\/7"}],"replies":[{"embeddable":true,"href":"https:\/\/www.lunaminoica.it\/de\/wp-json\/wp\/v2\/comments?post=100"}],"version-history":[{"count":0,"href":"https:\/\/www.lunaminoica.it\/de\/wp-json\/wp\/v2\/pages\/100\/revisions"}],"up":[{"embeddable":true,"href":"https:\/\/www.lunaminoica.it\/de\/wp-json\/wp\/v2\/pages\/41"}],"wp:attachment":[{"href":"https:\/\/www.lunaminoica.it\/de\/wp-json\/wp\/v2\/media?parent=100"}],"curies":[{"name":"wp","href":"https:\/\/api.w.org\/{rel}","templated":true}]}}